{"id":12507,"date":"2020-11-30T15:50:15","date_gmt":"2020-11-30T15:50:15","guid":{"rendered":"https:\/\/xl20.vdl.pl\/product\/rukavnik-x-muff"},"modified":"2022-05-14T18:48:22","modified_gmt":"2022-05-14T18:48:27","slug":"rukavnik-x-muff","status":"publish","type":"product","link":"http:\/\/138.197.106.44\/cs\/p\/rukavnik-x-muff","title":{"rendered":"X-MUFF"},"content":{"rendered":"","protected":false},"excerpt":{"rendered":"<p>Ruk\u00e1vn\u00edk ke ko\u010d\u00e1rku oh\u0159eje Va\u0161e dlan\u011b b\u011bhem chladn\u00e9ho po\u010das\u00ed. Montuje se p\u0159\u00edmo k rukojeti ko\u010d\u00e1rku. Zap\u00edn\u00e1 se velmi jednodu\u0161e pomoc\u00ed pouh\u00fdch dvou druk\u016f. Nep\u0159ek\u00e1\u017e\u00ed b\u011bhem nastavov\u00e1n\u00ed v\u00fd\u0161ky rukojeti. Ruk\u00e1vn\u00edk byl navr\u017een tak, abyste ani b\u011bhem chladn\u00fdch dn\u016f nemusela pou\u017e\u00edvat rukavice. V situac\u00edch, kdy se mus\u00edte rychle za\u010d\u00edt v\u011bnovat d\u00edt\u011bti, nebudete muset neust\u00e1le svl\u00e9kat a navl\u00e9kat rukavice, kter\u00e9 by V\u00e1s jen omezovaly.<\/p>\n","protected":false},"featured_media":3294,"template":"","meta":[],"product_cat":[108,110],"product_tag":[],"woo-feed-brand":[],"acf":[],"yoast_head":"<!-- This site is optimized with the Yoast SEO plugin v18.8 - https:\/\/yoast.com\/wordpress\/plugins\/seo\/ -->\n<title>X-MUFF - X-lander<\/title>\n<meta name=\"robots\" content=\"index, follow, max-snippet:-1, max-image-preview:large, max-video-preview:-1\" \/>\n<link rel=\"canonical\" href=\"http:\/\/138.197.106.44\/cs\/p\/rukavnik-x-muff\" \/>\n<meta property=\"og:locale\" content=\"cs_CZ\" \/>\n<meta property=\"og:type\" content=\"article\" \/>\n<meta property=\"og:title\" content=\"X-MUFF - X-lander\" \/>\n<meta property=\"og:description\" content=\"Ruk\u00e1vn\u00edk ke ko\u010d\u00e1rku oh\u0159eje Va\u0161e dlan\u011b b\u011bhem chladn\u00e9ho po\u010das\u00ed. Montuje se p\u0159\u00edmo k rukojeti ko\u010d\u00e1rku. Zap\u00edn\u00e1 se velmi jednodu\u0161e pomoc\u00ed pouh\u00fdch dvou druk\u016f. Nep\u0159ek\u00e1\u017e\u00ed b\u011bhem nastavov\u00e1n\u00ed v\u00fd\u0161ky rukojeti. Ruk\u00e1vn\u00edk byl navr\u017een tak, abyste ani b\u011bhem chladn\u00fdch dn\u016f nemusela pou\u017e\u00edvat rukavice. V situac\u00edch, kdy se mus\u00edte rychle za\u010d\u00edt v\u011bnovat d\u00edt\u011bti, nebudete muset neust\u00e1le svl\u00e9kat a navl\u00e9kat rukavice, kter\u00e9 by V\u00e1s jen omezovaly.\" \/>\n<meta property=\"og:url\" content=\"http:\/\/138.197.106.44\/cs\/p\/rukavnik-x-muff\" \/>\n<meta property=\"og:site_name\" content=\"X-lander\" \/>\n<meta property=\"article:modified_time\" content=\"2022-05-14T18:48:27+00:00\" \/>\n<meta property=\"og:image\" content=\"http:\/\/138.197.106.44\/wp-content\/uploads\/2020\/11\/x-muff_tymczasowe.png\" \/>\n\t<meta property=\"og:image:width\" content=\"1200\" \/>\n\t<meta property=\"og:image:height\" content=\"1200\" \/>\n\t<meta property=\"og:image:type\" content=\"image\/png\" \/>\n<meta name=\"twitter:card\" content=\"summary_large_image\" \/>\n<script type=\"application\/ld+json\" class=\"yoast-schema-graph\">{\"@context\":\"https:\/\/schema.org\",\"@graph\":[{\"@type\":\"WebSite\",\"@id\":\"http:\/\/138.197.106.44\/#website\",\"url\":\"http:\/\/138.197.106.44\/\",\"name\":\"X-lander\",\"description\":\"X-lander \u2013 d\u011btsk\u00e9 ko\u010d\u00e1rky nejvy\u0161\u0161\u00ed kvality pro aktivn\u00ed rodi\u010de. Nab\u00edz\u00edme kombinovan\u00e9 ko\u010d\u00e1rky 3v1, spor\u0165\u00e1ky i ko\u010d\u00e1rky pro b\u011bh. Krom\u011b toho v na\u0161em eshopu najdete tak\u00e9 velk\u00fd v\u00fdb\u011br dopl\u0148k\u016f ke ko\u010d\u00e1rk\u016fm.\",\"potentialAction\":[{\"@type\":\"SearchAction\",\"target\":{\"@type\":\"EntryPoint\",\"urlTemplate\":\"http:\/\/138.197.106.44\/?s={search_term_string}\"},\"query-input\":\"required name=search_term_string\"}],\"inLanguage\":\"cs\"},{\"@type\":\"ImageObject\",\"inLanguage\":\"cs\",\"@id\":\"http:\/\/138.197.106.44\/cs\/p\/rukavnik-x-muff#primaryimage\",\"url\":\"http:\/\/138.197.106.44\/wp-content\/uploads\/2020\/11\/x-muff_tymczasowe.png\",\"contentUrl\":\"http:\/\/138.197.106.44\/wp-content\/uploads\/2020\/11\/x-muff_tymczasowe.png\",\"width\":1200,\"height\":1200},{\"@type\":\"WebPage\",\"@id\":\"http:\/\/138.197.106.44\/cs\/p\/rukavnik-x-muff#webpage\",\"url\":\"http:\/\/138.197.106.44\/cs\/p\/rukavnik-x-muff\",\"name\":\"X-MUFF - X-lander\",\"isPartOf\":{\"@id\":\"http:\/\/138.197.106.44\/#website\"},\"primaryImageOfPage\":{\"@id\":\"http:\/\/138.197.106.44\/cs\/p\/rukavnik-x-muff#primaryimage\"},\"datePublished\":\"2020-11-30T15:50:15+00:00\",\"dateModified\":\"2022-05-14T18:48:27+00:00\",\"breadcrumb\":{\"@id\":\"http:\/\/138.197.106.44\/cs\/p\/rukavnik-x-muff#breadcrumb\"},\"inLanguage\":\"cs\",\"potentialAction\":[{\"@type\":\"ReadAction\",\"target\":[\"http:\/\/138.197.106.44\/cs\/p\/rukavnik-x-muff\"]}]},{\"@type\":\"BreadcrumbList\",\"@id\":\"http:\/\/138.197.106.44\/cs\/p\/rukavnik-x-muff#breadcrumb\",\"itemListElement\":[{\"@type\":\"ListItem\",\"position\":1,\"name\":\"Home\",\"item\":\"http:\/\/138.197.106.44\/cs\"},{\"@type\":\"ListItem\",\"position\":2,\"name\":\"Shop\",\"item\":\"http:\/\/138.197.106.44\/cs\/shop-2\"},{\"@type\":\"ListItem\",\"position\":3,\"name\":\"X-MUFF\"}]}]}<\/script>\n<!-- \/ Yoast SEO plugin. -->","yoast_head_json":{"title":"X-MUFF - X-lander","robots":{"index":"index","follow":"follow","max-snippet":"max-snippet:-1","max-image-preview":"max-image-preview:large","max-video-preview":"max-video-preview:-1"},"canonical":"http:\/\/138.197.106.44\/cs\/p\/rukavnik-x-muff","og_locale":"cs_CZ","og_type":"article","og_title":"X-MUFF - X-lander","og_description":"Ruk\u00e1vn\u00edk ke ko\u010d\u00e1rku oh\u0159eje Va\u0161e dlan\u011b b\u011bhem chladn\u00e9ho po\u010das\u00ed. Montuje se p\u0159\u00edmo k rukojeti ko\u010d\u00e1rku. Zap\u00edn\u00e1 se velmi jednodu\u0161e pomoc\u00ed pouh\u00fdch dvou druk\u016f. Nep\u0159ek\u00e1\u017e\u00ed b\u011bhem nastavov\u00e1n\u00ed v\u00fd\u0161ky rukojeti. Ruk\u00e1vn\u00edk byl navr\u017een tak, abyste ani b\u011bhem chladn\u00fdch dn\u016f nemusela pou\u017e\u00edvat rukavice. V situac\u00edch, kdy se mus\u00edte rychle za\u010d\u00edt v\u011bnovat d\u00edt\u011bti, nebudete muset neust\u00e1le svl\u00e9kat a navl\u00e9kat rukavice, kter\u00e9 by V\u00e1s jen omezovaly.","og_url":"http:\/\/138.197.106.44\/cs\/p\/rukavnik-x-muff","og_site_name":"X-lander","article_modified_time":"2022-05-14T18:48:27+00:00","og_image":[{"width":1200,"height":1200,"url":"http:\/\/138.197.106.44\/wp-content\/uploads\/2020\/11\/x-muff_tymczasowe.png","type":"image\/png"}],"twitter_card":"summary_large_image","schema":{"@context":"https:\/\/schema.org","@graph":[{"@type":"WebSite","@id":"http:\/\/138.197.106.44\/#website","url":"http:\/\/138.197.106.44\/","name":"X-lander","description":"X-lander \u2013 d\u011btsk\u00e9 ko\u010d\u00e1rky nejvy\u0161\u0161\u00ed kvality pro aktivn\u00ed rodi\u010de. Nab\u00edz\u00edme kombinovan\u00e9 ko\u010d\u00e1rky 3v1, spor\u0165\u00e1ky i ko\u010d\u00e1rky pro b\u011bh. Krom\u011b toho v na\u0161em eshopu najdete tak\u00e9 velk\u00fd v\u00fdb\u011br dopl\u0148k\u016f ke ko\u010d\u00e1rk\u016fm.","potentialAction":[{"@type":"SearchAction","target":{"@type":"EntryPoint","urlTemplate":"http:\/\/138.197.106.44\/?s={search_term_string}"},"query-input":"required name=search_term_string"}],"inLanguage":"cs"},{"@type":"ImageObject","inLanguage":"cs","@id":"http:\/\/138.197.106.44\/cs\/p\/rukavnik-x-muff#primaryimage","url":"http:\/\/138.197.106.44\/wp-content\/uploads\/2020\/11\/x-muff_tymczasowe.png","contentUrl":"http:\/\/138.197.106.44\/wp-content\/uploads\/2020\/11\/x-muff_tymczasowe.png","width":1200,"height":1200},{"@type":"WebPage","@id":"http:\/\/138.197.106.44\/cs\/p\/rukavnik-x-muff#webpage","url":"http:\/\/138.197.106.44\/cs\/p\/rukavnik-x-muff","name":"X-MUFF - X-lander","isPartOf":{"@id":"http:\/\/138.197.106.44\/#website"},"primaryImageOfPage":{"@id":"http:\/\/138.197.106.44\/cs\/p\/rukavnik-x-muff#primaryimage"},"datePublished":"2020-11-30T15:50:15+00:00","dateModified":"2022-05-14T18:48:27+00:00","breadcrumb":{"@id":"http:\/\/138.197.106.44\/cs\/p\/rukavnik-x-muff#breadcrumb"},"inLanguage":"cs","potentialAction":[{"@type":"ReadAction","target":["http:\/\/138.197.106.44\/cs\/p\/rukavnik-x-muff"]}]},{"@type":"BreadcrumbList","@id":"http:\/\/138.197.106.44\/cs\/p\/rukavnik-x-muff#breadcrumb","itemListElement":[{"@type":"ListItem","position":1,"name":"Home","item":"http:\/\/138.197.106.44\/cs"},{"@type":"ListItem","position":2,"name":"Shop","item":"http:\/\/138.197.106.44\/cs\/shop-2"},{"@type":"ListItem","position":3,"name":"X-MUFF"}]}]}},"_links":{"self":[{"href":"http:\/\/138.197.106.44\/cs\/wp-json\/wp\/v2\/product\/12507"}],"collection":[{"href":"http:\/\/138.197.106.44\/cs\/wp-json\/wp\/v2\/product"}],"about":[{"href":"http:\/\/138.197.106.44\/cs\/wp-json\/wp\/v2\/types\/product"}],"version-history":[{"count":3,"href":"http:\/\/138.197.106.44\/cs\/wp-json\/wp\/v2\/product\/12507\/revisions"}],"predecessor-version":[{"id":12708,"href":"http:\/\/138.197.106.44\/cs\/wp-json\/wp\/v2\/product\/12507\/revisions\/12708"}],"wp:featuredmedia":[{"embeddable":true,"href":"http:\/\/138.197.106.44\/cs\/wp-json\/wp\/v2\/media\/3294"}],"wp:attachment":[{"href":"http:\/\/138.197.106.44\/cs\/wp-json\/wp\/v2\/media?parent=12507"}],"wp:term":[{"taxonomy":"product_cat","embeddable":true,"href":"http:\/\/138.197.106.44\/cs\/wp-json\/wp\/v2\/product_cat?post=12507"},{"taxonomy":"product_tag","embeddable":true,"href":"http:\/\/138.197.106.44\/cs\/wp-json\/wp\/v2\/product_tag?post=12507"},{"taxonomy":"woo-feed-brand","embeddable":true,"href":"http:\/\/138.197.106.44\/cs\/wp-json\/wp\/v2\/woo-feed-brand?post=12507"}],"curies":[{"name":"wp","href":"https:\/\/api.w.org\/{rel}","templated":true}]}}