{"id":12585,"date":"2020-11-22T17:11:20","date_gmt":"2020-11-22T17:11:20","guid":{"rendered":"https:\/\/xl20.vdl.pl\/product\/fusak-do-kocarku-x-cosy"},"modified":"2021-10-26T00:39:11","modified_gmt":"2021-10-25T22:39:11","slug":"fusak-do-kocarku-x-cosy","status":"publish","type":"product","link":"http:\/\/138.197.106.44\/cs\/p\/fusak-do-kocarku-x-cosy","title":{"rendered":"X-COSY"},"content":{"rendered":"<p><img width=\"900\" height=\"900\" src=\"http:\/\/138.197.106.44\/wp-content\/uploads\/2020\/11\/x-cosy-na-ramie.jpg\" alt=\"\" loading=\"lazy\" srcset=\"http:\/\/138.197.106.44\/wp-content\/uploads\/2020\/11\/x-cosy-na-ramie.jpg 900w, http:\/\/138.197.106.44\/wp-content\/uploads\/2020\/11\/x-cosy-na-ramie-300x300.jpg 300w, http:\/\/138.197.106.44\/wp-content\/uploads\/2020\/11\/x-cosy-na-ramie-150x150.jpg 150w, http:\/\/138.197.106.44\/wp-content\/uploads\/2020\/11\/x-cosy-na-ramie-768x768.jpg 768w, http:\/\/138.197.106.44\/wp-content\/uploads\/2020\/11\/x-cosy-na-ramie-700x700.jpg 700w, http:\/\/138.197.106.44\/wp-content\/uploads\/2020\/11\/x-cosy-na-ramie-400x400.jpg 400w, http:\/\/138.197.106.44\/wp-content\/uploads\/2020\/11\/x-cosy-na-ramie-600x600.jpg 600w, http:\/\/138.197.106.44\/wp-content\/uploads\/2020\/11\/x-cosy-na-ramie-100x100.jpg 100w\" sizes=\"(max-width: 900px) 100vw, 900px\" \/>\t\t\t\t\t\t\t\t\t\t\t<\/p>\n<h2>Fusak do sportovn\u00edho ko\u010d\u00e1rku \u2013 bezpe\u010dn\u00fd pro Va\u0161e d\u00edt\u011b, praktick\u00fd pro V\u00e1s<\/h2>\n<p>X-Cosy je neoby\u010dejn\u011b lehk\u00fd, ale velmi tepeln\u011b odoln\u00fd fusak do sportovn\u00edho ko\u010d\u00e1rku pro Va\u0161e d\u00edt\u011b. S ohledem na svou \u0161\u00ed\u0159ku a mo\u017enost rozepnut\u00ed na celou seda\u010dku zajist\u00ed d\u00edt\u011bti \u00faplnou ochranu proti zim\u011b a v\u011btru. N\u00e1\u0161 fusak do ko\u010d\u00e1rku m\u00e1 uvnit\u0159 tepl\u00fd a m\u011bkk\u00fd fleece, kter\u00fd Va\u0161e d\u00edt\u011b ur\u010dit\u011b velmi ocen\u00ed. S X-Cosy si nemus\u00edte d\u011blat starost, \u017ee se bude fusak b\u011bhem proch\u00e1zky sesouvat, proto\u017ee jsme ho vybavili praktickou ochranou. X-Cosy m\u00e1 upev\u0148ovac\u00ed p\u00e1sky na celou seda\u010dku a magnety umo\u017e\u0148uj\u00edc\u00ed p\u0159eta\u017een\u00ed fusaku p\u0159es madlo ko\u010d\u00e1rku. Je to maxim\u00e1ln\u00ed ochrana Va\u0161eho d\u00edt\u011bte a nejlep\u0161\u00ed \u0159e\u0161en\u00ed pro V\u00e1s. Fusak do ko\u010d\u00e1rku je velmi praktick\u00fdm \u0159e\u0161en\u00edm, nebo\u0165 Va\u0161e d\u00edt\u011b se neodkope \u2013 na rozd\u00edl od pe\u0159inky nebo de\u010dky. Kdy\u017e je nutn\u00e9 d\u00edt\u011b svl\u00e9knout v tepl\u00e9m prost\u0159ed\u00ed, sta\u010d\u00ed jen odepnout zip na fusaku. Bez nutnosti svl\u00e9k\u00e1n\u00ed mnoha vrstev oble\u010den\u00ed. V\u00edme, \u017ee to je dodate\u010dn\u00e1 z\u00e1t\u011b\u017e. Proto jsme n\u00e1\u0161 fusak do ko\u010d\u00e1rku navrhli tak, aby bylo mo\u017en\u00e9 jej rychle sbalit do mal\u00e9ho bat\u016f\u017eku. Fusak nezab\u00edr\u00e1 mnoho m\u00edsta, m\u016f\u017eete jej s sebou vz\u00edt na del\u0161\u00ed nebo krat\u0161\u00ed proch\u00e1zku b\u011bhem chladn\u011bj\u0161\u00edch dn\u00ed. Av\u0161ak b\u011bhem zimn\u00edch, velmi mraziv\u00fdch dn\u00ed, je vhodn\u00e9 se vybavit zimn\u00edm fusakem.<\/p>\n","protected":false},"excerpt":{"rendered":"<p>Fusak do ko\u010d\u00e1rku poskytuje Va\u0161emu d\u00edt\u011bti teplou ochranu b\u011bhem chladn\u011bj\u0161\u00edch dn\u00ed. M\u011bkk\u00fd uvnit\u0159, pevn\u00fd venku. Fusak dokonale chr\u00e1n\u00ed d\u00edt\u011b b\u011bhem proch\u00e1zek v chladn\u011bj\u0161\u00edm ro\u010dn\u00edm obdob\u00ed. X-Cosy chr\u00e1n\u00ed tak\u00e9 p\u0159ed de\u0161t\u011bm nebo v\u011btrem a poskytuje d\u00edt\u011bti p\u0159\u00edjemn\u00e9 teplo a pohodl\u00ed p\u0159i proch\u00e1zce v ko\u010d\u00e1rku.<\/p>\n","protected":false},"featured_media":1146,"template":"","meta":[],"product_cat":[108,109],"product_tag":[],"woo-feed-brand":[],"acf":[],"yoast_head":"<!-- This site is optimized with the Yoast SEO plugin v18.8 - https:\/\/yoast.com\/wordpress\/plugins\/seo\/ -->\n<title>X-COSY - X-lander<\/title>\n<meta name=\"robots\" content=\"index, follow, max-snippet:-1, max-image-preview:large, max-video-preview:-1\" \/>\n<link rel=\"canonical\" href=\"http:\/\/138.197.106.44\/cs\/p\/fusak-do-kocarku-x-cosy\" \/>\n<meta property=\"og:locale\" content=\"cs_CZ\" \/>\n<meta property=\"og:type\" content=\"article\" \/>\n<meta property=\"og:title\" content=\"X-COSY - X-lander\" \/>\n<meta property=\"og:description\" content=\"Fusak do ko\u010d\u00e1rku poskytuje Va\u0161emu d\u00edt\u011bti teplou ochranu b\u011bhem chladn\u011bj\u0161\u00edch dn\u00ed. M\u011bkk\u00fd uvnit\u0159, pevn\u00fd venku. Fusak dokonale chr\u00e1n\u00ed d\u00edt\u011b b\u011bhem proch\u00e1zek v chladn\u011bj\u0161\u00edm ro\u010dn\u00edm obdob\u00ed. X-Cosy chr\u00e1n\u00ed tak\u00e9 p\u0159ed de\u0161t\u011bm nebo v\u011btrem a poskytuje d\u00edt\u011bti p\u0159\u00edjemn\u00e9 teplo a pohodl\u00ed p\u0159i proch\u00e1zce v ko\u010d\u00e1rku.\" \/>\n<meta property=\"og:url\" content=\"http:\/\/138.197.106.44\/cs\/p\/fusak-do-kocarku-x-cosy\" \/>\n<meta property=\"og:site_name\" content=\"X-lander\" \/>\n<meta property=\"article:modified_time\" content=\"2021-10-25T22:39:11+00:00\" \/>\n<meta property=\"og:image\" content=\"http:\/\/138.197.106.44\/wp-content\/uploads\/2020\/11\/x-cosy-1.png\" \/>\n\t<meta property=\"og:image:width\" content=\"900\" \/>\n\t<meta property=\"og:image:height\" content=\"900\" \/>\n\t<meta property=\"og:image:type\" content=\"image\/png\" \/>\n<meta name=\"twitter:card\" content=\"summary_large_image\" \/>\n<meta name=\"twitter:label1\" content=\"Odhadovan\u00e1 doba \u010dten\u00ed\" \/>\n\t<meta name=\"twitter:data1\" content=\"1 minuta\" \/>\n<script type=\"application\/ld+json\" class=\"yoast-schema-graph\">{\"@context\":\"https:\/\/schema.org\",\"@graph\":[{\"@type\":\"WebSite\",\"@id\":\"http:\/\/138.197.106.44\/#website\",\"url\":\"http:\/\/138.197.106.44\/\",\"name\":\"X-lander\",\"description\":\"X-lander \u2013 d\u011btsk\u00e9 ko\u010d\u00e1rky nejvy\u0161\u0161\u00ed kvality pro aktivn\u00ed rodi\u010de. Nab\u00edz\u00edme kombinovan\u00e9 ko\u010d\u00e1rky 3v1, spor\u0165\u00e1ky i ko\u010d\u00e1rky pro b\u011bh. Krom\u011b toho v na\u0161em eshopu najdete tak\u00e9 velk\u00fd v\u00fdb\u011br dopl\u0148k\u016f ke ko\u010d\u00e1rk\u016fm.\",\"potentialAction\":[{\"@type\":\"SearchAction\",\"target\":{\"@type\":\"EntryPoint\",\"urlTemplate\":\"http:\/\/138.197.106.44\/?s={search_term_string}\"},\"query-input\":\"required name=search_term_string\"}],\"inLanguage\":\"cs\"},{\"@type\":\"ImageObject\",\"inLanguage\":\"cs\",\"@id\":\"http:\/\/138.197.106.44\/cs\/p\/fusak-do-kocarku-x-cosy#primaryimage\",\"url\":\"http:\/\/138.197.106.44\/wp-content\/uploads\/2020\/11\/x-cosy-1.png\",\"contentUrl\":\"http:\/\/138.197.106.44\/wp-content\/uploads\/2020\/11\/x-cosy-1.png\",\"width\":900,\"height\":900},{\"@type\":\"WebPage\",\"@id\":\"http:\/\/138.197.106.44\/cs\/p\/fusak-do-kocarku-x-cosy#webpage\",\"url\":\"http:\/\/138.197.106.44\/cs\/p\/fusak-do-kocarku-x-cosy\",\"name\":\"X-COSY - X-lander\",\"isPartOf\":{\"@id\":\"http:\/\/138.197.106.44\/#website\"},\"primaryImageOfPage\":{\"@id\":\"http:\/\/138.197.106.44\/cs\/p\/fusak-do-kocarku-x-cosy#primaryimage\"},\"datePublished\":\"2020-11-22T17:11:20+00:00\",\"dateModified\":\"2021-10-25T22:39:11+00:00\",\"breadcrumb\":{\"@id\":\"http:\/\/138.197.106.44\/cs\/p\/fusak-do-kocarku-x-cosy#breadcrumb\"},\"inLanguage\":\"cs\",\"potentialAction\":[{\"@type\":\"ReadAction\",\"target\":[\"http:\/\/138.197.106.44\/cs\/p\/fusak-do-kocarku-x-cosy\"]}]},{\"@type\":\"BreadcrumbList\",\"@id\":\"http:\/\/138.197.106.44\/cs\/p\/fusak-do-kocarku-x-cosy#breadcrumb\",\"itemListElement\":[{\"@type\":\"ListItem\",\"position\":1,\"name\":\"Home\",\"item\":\"http:\/\/138.197.106.44\/cs\"},{\"@type\":\"ListItem\",\"position\":2,\"name\":\"Shop\",\"item\":\"http:\/\/138.197.106.44\/cs\/shop-2\"},{\"@type\":\"ListItem\",\"position\":3,\"name\":\"X-COSY\"}]}]}<\/script>\n<!-- \/ Yoast SEO plugin. -->","yoast_head_json":{"title":"X-COSY - X-lander","robots":{"index":"index","follow":"follow","max-snippet":"max-snippet:-1","max-image-preview":"max-image-preview:large","max-video-preview":"max-video-preview:-1"},"canonical":"http:\/\/138.197.106.44\/cs\/p\/fusak-do-kocarku-x-cosy","og_locale":"cs_CZ","og_type":"article","og_title":"X-COSY - X-lander","og_description":"Fusak do ko\u010d\u00e1rku poskytuje Va\u0161emu d\u00edt\u011bti teplou ochranu b\u011bhem chladn\u011bj\u0161\u00edch dn\u00ed. M\u011bkk\u00fd uvnit\u0159, pevn\u00fd venku. Fusak dokonale chr\u00e1n\u00ed d\u00edt\u011b b\u011bhem proch\u00e1zek v chladn\u011bj\u0161\u00edm ro\u010dn\u00edm obdob\u00ed. X-Cosy chr\u00e1n\u00ed tak\u00e9 p\u0159ed de\u0161t\u011bm nebo v\u011btrem a poskytuje d\u00edt\u011bti p\u0159\u00edjemn\u00e9 teplo a pohodl\u00ed p\u0159i proch\u00e1zce v ko\u010d\u00e1rku.","og_url":"http:\/\/138.197.106.44\/cs\/p\/fusak-do-kocarku-x-cosy","og_site_name":"X-lander","article_modified_time":"2021-10-25T22:39:11+00:00","og_image":[{"width":900,"height":900,"url":"http:\/\/138.197.106.44\/wp-content\/uploads\/2020\/11\/x-cosy-1.png","type":"image\/png"}],"twitter_card":"summary_large_image","twitter_misc":{"Odhadovan\u00e1 doba \u010dten\u00ed":"1 minuta"},"schema":{"@context":"https:\/\/schema.org","@graph":[{"@type":"WebSite","@id":"http:\/\/138.197.106.44\/#website","url":"http:\/\/138.197.106.44\/","name":"X-lander","description":"X-lander \u2013 d\u011btsk\u00e9 ko\u010d\u00e1rky nejvy\u0161\u0161\u00ed kvality pro aktivn\u00ed rodi\u010de. Nab\u00edz\u00edme kombinovan\u00e9 ko\u010d\u00e1rky 3v1, spor\u0165\u00e1ky i ko\u010d\u00e1rky pro b\u011bh. Krom\u011b toho v na\u0161em eshopu najdete tak\u00e9 velk\u00fd v\u00fdb\u011br dopl\u0148k\u016f ke ko\u010d\u00e1rk\u016fm.","potentialAction":[{"@type":"SearchAction","target":{"@type":"EntryPoint","urlTemplate":"http:\/\/138.197.106.44\/?s={search_term_string}"},"query-input":"required name=search_term_string"}],"inLanguage":"cs"},{"@type":"ImageObject","inLanguage":"cs","@id":"http:\/\/138.197.106.44\/cs\/p\/fusak-do-kocarku-x-cosy#primaryimage","url":"http:\/\/138.197.106.44\/wp-content\/uploads\/2020\/11\/x-cosy-1.png","contentUrl":"http:\/\/138.197.106.44\/wp-content\/uploads\/2020\/11\/x-cosy-1.png","width":900,"height":900},{"@type":"WebPage","@id":"http:\/\/138.197.106.44\/cs\/p\/fusak-do-kocarku-x-cosy#webpage","url":"http:\/\/138.197.106.44\/cs\/p\/fusak-do-kocarku-x-cosy","name":"X-COSY - X-lander","isPartOf":{"@id":"http:\/\/138.197.106.44\/#website"},"primaryImageOfPage":{"@id":"http:\/\/138.197.106.44\/cs\/p\/fusak-do-kocarku-x-cosy#primaryimage"},"datePublished":"2020-11-22T17:11:20+00:00","dateModified":"2021-10-25T22:39:11+00:00","breadcrumb":{"@id":"http:\/\/138.197.106.44\/cs\/p\/fusak-do-kocarku-x-cosy#breadcrumb"},"inLanguage":"cs","potentialAction":[{"@type":"ReadAction","target":["http:\/\/138.197.106.44\/cs\/p\/fusak-do-kocarku-x-cosy"]}]},{"@type":"BreadcrumbList","@id":"http:\/\/138.197.106.44\/cs\/p\/fusak-do-kocarku-x-cosy#breadcrumb","itemListElement":[{"@type":"ListItem","position":1,"name":"Home","item":"http:\/\/138.197.106.44\/cs"},{"@type":"ListItem","position":2,"name":"Shop","item":"http:\/\/138.197.106.44\/cs\/shop-2"},{"@type":"ListItem","position":3,"name":"X-COSY"}]}]}},"_links":{"self":[{"href":"http:\/\/138.197.106.44\/cs\/wp-json\/wp\/v2\/product\/12585"}],"collection":[{"href":"http:\/\/138.197.106.44\/cs\/wp-json\/wp\/v2\/product"}],"about":[{"href":"http:\/\/138.197.106.44\/cs\/wp-json\/wp\/v2\/types\/product"}],"version-history":[{"count":3,"href":"http:\/\/138.197.106.44\/cs\/wp-json\/wp\/v2\/product\/12585\/revisions"}],"predecessor-version":[{"id":12829,"href":"http:\/\/138.197.106.44\/cs\/wp-json\/wp\/v2\/product\/12585\/revisions\/12829"}],"wp:featuredmedia":[{"embeddable":true,"href":"http:\/\/138.197.106.44\/cs\/wp-json\/wp\/v2\/media\/1146"}],"wp:attachment":[{"href":"http:\/\/138.197.106.44\/cs\/wp-json\/wp\/v2\/media?parent=12585"}],"wp:term":[{"taxonomy":"product_cat","embeddable":true,"href":"http:\/\/138.197.106.44\/cs\/wp-json\/wp\/v2\/product_cat?post=12585"},{"taxonomy":"product_tag","embeddable":true,"href":"http:\/\/138.197.106.44\/cs\/wp-json\/wp\/v2\/product_tag?post=12585"},{"taxonomy":"woo-feed-brand","embeddable":true,"href":"http:\/\/138.197.106.44\/cs\/wp-json\/wp\/v2\/woo-feed-brand?post=12585"}],"curies":[{"name":"wp","href":"https:\/\/api.w.org\/{rel}","templated":true}]}}