{"id":12605,"date":"2020-11-22T17:11:19","date_gmt":"2020-11-22T17:11:19","guid":{"rendered":"https:\/\/xl20.vdl.pl\/product\/x-wrap-bavlnena-decka"},"modified":"2022-05-14T18:52:36","modified_gmt":"2022-05-14T18:52:41","slug":"x-wrap-bavlnena-decka","status":"publish","type":"product","link":"http:\/\/138.197.106.44\/cs\/p\/x-wrap-bavlnena-decka","title":{"rendered":"X-WRAP"},"content":{"rendered":"<p><img width=\"1024\" height=\"988\" src=\"http:\/\/138.197.106.44\/wp-content\/uploads\/2020\/11\/x-wrap_x_5_1244x1200-1024x988.jpg\" alt=\"\" loading=\"lazy\" srcset=\"http:\/\/138.197.106.44\/wp-content\/uploads\/2020\/11\/x-wrap_x_5_1244x1200-1024x988.jpg 1024w, http:\/\/138.197.106.44\/wp-content\/uploads\/2020\/11\/x-wrap_x_5_1244x1200-300x289.jpg 300w, http:\/\/138.197.106.44\/wp-content\/uploads\/2020\/11\/x-wrap_x_5_1244x1200-768x741.jpg 768w, http:\/\/138.197.106.44\/wp-content\/uploads\/2020\/11\/x-wrap_x_5_1244x1200-600x579.jpg 600w, http:\/\/138.197.106.44\/wp-content\/uploads\/2020\/11\/x-wrap_x_5_1244x1200.jpg 1244w\" sizes=\"(max-width: 1024px) 100vw, 1024px\" \/>\t\t\t\t\t\t\t\t\t\t\t<\/p>\n<h2>Vlastnosti de\u010dky<\/h2>\n<ul>\n<li>Kapsa na no\u017ei\u010dky z kluzk\u00e9ho materi\u00e1lu, kter\u00fd se snadno \u010dist\u00ed &#8211; \u0159e\u0161en\u00ed, d\u00edky kter\u00e9mu bavln\u011bn\u00e1 de\u010dka nesj\u00ed\u017ed\u00ed b\u011bhem proch\u00e1zky a nenamot\u00e1v\u00e1 se na kole\u010dka. Speci\u00e1ln\u00ed textilie v t\u00e9to \u010d\u00e1sti de\u010dky zaji\u0161\u0165uje, \u017ee se ne\u0161pin\u00ed od bot.<\/li>\n<li>Velk\u00e1 odrazka na p\u0159edn\u00ed stran\u011b &#8211; reflexn\u00ed logo je viditeln\u00e9 z velk\u00e9 d\u00e1lky a m\u00e1 vliv na viditelnost ko\u010d\u00e1rku.<\/li>\n<li>Prvot\u0159\u00eddn\u00ed bavlna &#8211; certifikovan\u00e1, vysoce kvalitn\u00ed, siln\u00e1 bavlna p\u0159\u00edjemn\u011b obj\u00edm\u00e1 a zaji\u0161\u0165uje bezpe\u010dnost p\u0159i kontaktu s jemnou d\u011btskou poko\u017ekou.<\/li>\n<li>Je kompatibiln\u00ed se v\u0161emi typy sportovn\u00edch ko\u010d\u00e1rk\u016f &#8211; univerz\u00e1ln\u00ed, \u0161ed\u00e1 barva lad\u00ed s ka\u017ed\u00fdm ko\u010d\u00e1rkem a dod\u00e1v\u00e1 mu modern\u00ed, sportovn\u00ed vzhled.<\/li>\n<li>Nahrazuje kryt na no\u017ei\u010dky &#8211; d\u00edky uzp\u016fsoben\u00ed v oblasti no\u017ei\u010dek je de\u010dka v\u017edy na sv\u00e9m m\u00edst\u011b a t\u011bsn\u011b obj\u00edm\u00e1 d\u00edt\u011b. Na rozd\u00edl od krytu na no\u017ei\u010dky ke ko\u010d\u00e1rku zab\u00edr\u00e1 velmi m\u00e1lo m\u00edsta. Lze ji sbalit do mal\u00e9ho bal\u00ed\u010dku.<\/li>\n<li>Zavinovac\u00ed p\u00e1ska &#8211; d\u00edky p\u00e1sce p\u0159ipevn\u011bn\u00e9 k de\u010dce ji lze sbalit do mal\u00e9ho v\u00e1le\u010dku, kter\u00fd bez probl\u00e9mu hod\u00edte do ko\u0161\u00edku na n\u00e1kupy nebo do ta\u0161ky.<\/li>\n<li>Obal na uskladn\u011bn\u00ed &#8211; p\u0159ilo\u017een\u00fd s\u00e1\u010dek na de\u010dku poskytuje ochranu proti zne\u010di\u0161t\u011bn\u00ed a sou\u010dasn\u011b ji m\u016f\u017eete m\u00edt v\u017edy po ruce.<\/li>\n<\/ul>\n","protected":false},"excerpt":{"rendered":"<p>X-Wrap je <strong>bavln\u011bn\u00e1 de\u010dka<\/strong> a zavinova\u010dka na nohy v jednom. Ide\u00e1ln\u00ed na p\u0159echodn\u00e9 obdob\u00ed, chladn\u011bj\u0161\u00ed ve\u010dery nebo letn\u00ed zd\u0159\u00edmnut\u00ed. M\u016f\u017ee chr\u00e1nit p\u0159ed v\u011btrem, m\u00edrn\u00fdm chladem a tak\u00e9 sluncem. Je to spojen\u00ed tenk\u00e9 de\u010dky a ochrany no\u017ei\u010dek. De\u010dka m\u00e1 velkou kapsu z textilie odoln\u00e9 proti zne\u010di\u0161t\u011bn\u00ed, do kter\u00e9 d\u00edt\u011b d\u00e1v\u00e1 no\u017ei\u010dky. D\u00edky tomu de\u010dka nesj\u00ed\u017ed\u00ed. Ne\u0161pin\u00ed se o kole\u010dka ko\u010d\u00e1rku, nesesouv\u00e1 b\u011bhem sp\u00e1nku. Je jednoduch\u00fdm, ale neoby\u010dejn\u011b praktick\u00fdm dopl\u0148kem na proch\u00e1zky. Tato d\u016fmysln\u00e1 bavln\u011bn\u00e1 de\u010dka usnad\u0148uje \u017eivot rodi\u010d\u016fm a d\u00edt\u011bti poskytuje pohodl\u00ed.<\/p>\n<p>X-Wrap je vyrobena z vysoce kvalitn\u00ed bavlny, kter\u00e1 je p\u0159\u00edjemn\u00e1 na dotek, propou\u0161t\u00ed vzduch, m\u00edrn\u011b chr\u00e1n\u00ed proti v\u011btru. Bavln\u011bnou d\u011btskou de\u010dku lze snadno sbalit do pohodln\u00e9ho v\u00e1le\u010dku, nezab\u00edr\u00e1 tolik m\u00edsta jako kryt na no\u017ei\u010dky a m\u016f\u017ee jej nahradit. Ukl\u00e1d\u00e1 se do lehk\u00e9ho s\u00e1\u010dku, do kter\u00e9ho ji lze snadno sbalit. M\u00e1 dokonce gumi\u010dku na upevn\u011bn\u00ed, aby se nerozbalovala, kdy\u017e ji ve sp\u011bchu hod\u00edte do ta\u0161ky nebo ko\u0161e ko\u010d\u00e1rku. Samoz\u0159ejm\u011b jsme zajistili bezpe\u010dnost, logo X-lander nati\u0161t\u011bn\u00e9 na p\u0159edn\u00ed stran\u011b je reflexn\u00ed, d\u00edky tomu si jej v\u0161imne ka\u017ed\u00fd p\u0159ij\u00ed\u017ed\u011bj\u00edc\u00ed \u0159idi\u010d.<\/p>\n","protected":false},"featured_media":1038,"template":"","meta":[],"product_cat":[115,108],"product_tag":[],"woo-feed-brand":[],"acf":[],"yoast_head":"<!-- This site is optimized with the Yoast SEO plugin v18.8 - https:\/\/yoast.com\/wordpress\/plugins\/seo\/ -->\n<title>X-WRAP - X-lander<\/title>\n<meta name=\"robots\" content=\"index, follow, max-snippet:-1, max-image-preview:large, max-video-preview:-1\" \/>\n<link rel=\"canonical\" href=\"http:\/\/138.197.106.44\/cs\/p\/x-wrap-bavlnena-decka\" \/>\n<meta property=\"og:locale\" content=\"cs_CZ\" \/>\n<meta property=\"og:type\" content=\"article\" \/>\n<meta property=\"og:title\" content=\"X-WRAP - X-lander\" \/>\n<meta property=\"og:description\" content=\"X-Wrap je bavln\u011bn\u00e1 de\u010dka a zavinova\u010dka na nohy v jednom. Ide\u00e1ln\u00ed na p\u0159echodn\u00e9 obdob\u00ed, chladn\u011bj\u0161\u00ed ve\u010dery nebo letn\u00ed zd\u0159\u00edmnut\u00ed. M\u016f\u017ee chr\u00e1nit p\u0159ed v\u011btrem, m\u00edrn\u00fdm chladem a tak\u00e9 sluncem. Je to spojen\u00ed tenk\u00e9 de\u010dky a ochrany no\u017ei\u010dek. De\u010dka m\u00e1 velkou kapsu z textilie odoln\u00e9 proti zne\u010di\u0161t\u011bn\u00ed, do kter\u00e9 d\u00edt\u011b d\u00e1v\u00e1 no\u017ei\u010dky. D\u00edky tomu de\u010dka nesj\u00ed\u017ed\u00ed. Ne\u0161pin\u00ed se o kole\u010dka ko\u010d\u00e1rku, nesesouv\u00e1 b\u011bhem sp\u00e1nku. Je jednoduch\u00fdm, ale neoby\u010dejn\u011b praktick\u00fdm dopl\u0148kem na proch\u00e1zky. Tato d\u016fmysln\u00e1 bavln\u011bn\u00e1 de\u010dka usnad\u0148uje \u017eivot rodi\u010d\u016fm a d\u00edt\u011bti poskytuje pohodl\u00ed.  X-Wrap je vyrobena z vysoce kvalitn\u00ed bavlny, kter\u00e1 je p\u0159\u00edjemn\u00e1 na dotek, propou\u0161t\u00ed vzduch, m\u00edrn\u011b chr\u00e1n\u00ed proti v\u011btru. Bavln\u011bnou d\u011btskou de\u010dku lze snadno sbalit do pohodln\u00e9ho v\u00e1le\u010dku, nezab\u00edr\u00e1 tolik m\u00edsta jako kryt na no\u017ei\u010dky a m\u016f\u017ee jej nahradit. Ukl\u00e1d\u00e1 se do lehk\u00e9ho s\u00e1\u010dku, do kter\u00e9ho ji lze snadno sbalit. M\u00e1 dokonce gumi\u010dku na upevn\u011bn\u00ed, aby se nerozbalovala, kdy\u017e ji ve sp\u011bchu hod\u00edte do ta\u0161ky nebo ko\u0161e ko\u010d\u00e1rku. Samoz\u0159ejm\u011b jsme zajistili bezpe\u010dnost, logo X-lander nati\u0161t\u011bn\u00e9 na p\u0159edn\u00ed stran\u011b je reflexn\u00ed, d\u00edky tomu si jej v\u0161imne ka\u017ed\u00fd p\u0159ij\u00ed\u017ed\u011bj\u00edc\u00ed \u0159idi\u010d.\" \/>\n<meta property=\"og:url\" content=\"http:\/\/138.197.106.44\/cs\/p\/x-wrap-bavlnena-decka\" \/>\n<meta property=\"og:site_name\" content=\"X-lander\" \/>\n<meta property=\"article:modified_time\" content=\"2022-05-14T18:52:41+00:00\" \/>\n<meta property=\"og:image\" content=\"http:\/\/138.197.106.44\/wp-content\/uploads\/2020\/11\/x-wrap_prod_1-min.jpg\" \/>\n\t<meta property=\"og:image:width\" content=\"1200\" \/>\n\t<meta property=\"og:image:height\" content=\"800\" \/>\n\t<meta property=\"og:image:type\" content=\"image\/jpeg\" \/>\n<meta name=\"twitter:card\" content=\"summary_large_image\" \/>\n<meta name=\"twitter:label1\" content=\"Odhadovan\u00e1 doba \u010dten\u00ed\" \/>\n\t<meta name=\"twitter:data1\" content=\"1 minuta\" \/>\n<script type=\"application\/ld+json\" class=\"yoast-schema-graph\">{\"@context\":\"https:\/\/schema.org\",\"@graph\":[{\"@type\":\"WebSite\",\"@id\":\"http:\/\/138.197.106.44\/#website\",\"url\":\"http:\/\/138.197.106.44\/\",\"name\":\"X-lander\",\"description\":\"X-lander \u2013 d\u011btsk\u00e9 ko\u010d\u00e1rky nejvy\u0161\u0161\u00ed kvality pro aktivn\u00ed rodi\u010de. Nab\u00edz\u00edme kombinovan\u00e9 ko\u010d\u00e1rky 3v1, spor\u0165\u00e1ky i ko\u010d\u00e1rky pro b\u011bh. Krom\u011b toho v na\u0161em eshopu najdete tak\u00e9 velk\u00fd v\u00fdb\u011br dopl\u0148k\u016f ke ko\u010d\u00e1rk\u016fm.\",\"potentialAction\":[{\"@type\":\"SearchAction\",\"target\":{\"@type\":\"EntryPoint\",\"urlTemplate\":\"http:\/\/138.197.106.44\/?s={search_term_string}\"},\"query-input\":\"required name=search_term_string\"}],\"inLanguage\":\"cs\"},{\"@type\":\"ImageObject\",\"inLanguage\":\"cs\",\"@id\":\"http:\/\/138.197.106.44\/cs\/p\/x-wrap-bavlnena-decka#primaryimage\",\"url\":\"http:\/\/138.197.106.44\/wp-content\/uploads\/2020\/11\/x-wrap_prod_1-min.jpg\",\"contentUrl\":\"http:\/\/138.197.106.44\/wp-content\/uploads\/2020\/11\/x-wrap_prod_1-min.jpg\",\"width\":1200,\"height\":800},{\"@type\":\"WebPage\",\"@id\":\"http:\/\/138.197.106.44\/cs\/p\/x-wrap-bavlnena-decka#webpage\",\"url\":\"http:\/\/138.197.106.44\/cs\/p\/x-wrap-bavlnena-decka\",\"name\":\"X-WRAP - X-lander\",\"isPartOf\":{\"@id\":\"http:\/\/138.197.106.44\/#website\"},\"primaryImageOfPage\":{\"@id\":\"http:\/\/138.197.106.44\/cs\/p\/x-wrap-bavlnena-decka#primaryimage\"},\"datePublished\":\"2020-11-22T17:11:19+00:00\",\"dateModified\":\"2022-05-14T18:52:41+00:00\",\"breadcrumb\":{\"@id\":\"http:\/\/138.197.106.44\/cs\/p\/x-wrap-bavlnena-decka#breadcrumb\"},\"inLanguage\":\"cs\",\"potentialAction\":[{\"@type\":\"ReadAction\",\"target\":[\"http:\/\/138.197.106.44\/cs\/p\/x-wrap-bavlnena-decka\"]}]},{\"@type\":\"BreadcrumbList\",\"@id\":\"http:\/\/138.197.106.44\/cs\/p\/x-wrap-bavlnena-decka#breadcrumb\",\"itemListElement\":[{\"@type\":\"ListItem\",\"position\":1,\"name\":\"Home\",\"item\":\"http:\/\/138.197.106.44\/cs\"},{\"@type\":\"ListItem\",\"position\":2,\"name\":\"Shop\",\"item\":\"http:\/\/138.197.106.44\/cs\/shop-2\"},{\"@type\":\"ListItem\",\"position\":3,\"name\":\"X-WRAP\"}]}]}<\/script>\n<!-- \/ Yoast SEO plugin. -->","yoast_head_json":{"title":"X-WRAP - X-lander","robots":{"index":"index","follow":"follow","max-snippet":"max-snippet:-1","max-image-preview":"max-image-preview:large","max-video-preview":"max-video-preview:-1"},"canonical":"http:\/\/138.197.106.44\/cs\/p\/x-wrap-bavlnena-decka","og_locale":"cs_CZ","og_type":"article","og_title":"X-WRAP - X-lander","og_description":"X-Wrap je bavln\u011bn\u00e1 de\u010dka a zavinova\u010dka na nohy v jednom. Ide\u00e1ln\u00ed na p\u0159echodn\u00e9 obdob\u00ed, chladn\u011bj\u0161\u00ed ve\u010dery nebo letn\u00ed zd\u0159\u00edmnut\u00ed. M\u016f\u017ee chr\u00e1nit p\u0159ed v\u011btrem, m\u00edrn\u00fdm chladem a tak\u00e9 sluncem. Je to spojen\u00ed tenk\u00e9 de\u010dky a ochrany no\u017ei\u010dek. De\u010dka m\u00e1 velkou kapsu z textilie odoln\u00e9 proti zne\u010di\u0161t\u011bn\u00ed, do kter\u00e9 d\u00edt\u011b d\u00e1v\u00e1 no\u017ei\u010dky. D\u00edky tomu de\u010dka nesj\u00ed\u017ed\u00ed. Ne\u0161pin\u00ed se o kole\u010dka ko\u010d\u00e1rku, nesesouv\u00e1 b\u011bhem sp\u00e1nku. Je jednoduch\u00fdm, ale neoby\u010dejn\u011b praktick\u00fdm dopl\u0148kem na proch\u00e1zky. Tato d\u016fmysln\u00e1 bavln\u011bn\u00e1 de\u010dka usnad\u0148uje \u017eivot rodi\u010d\u016fm a d\u00edt\u011bti poskytuje pohodl\u00ed.  X-Wrap je vyrobena z vysoce kvalitn\u00ed bavlny, kter\u00e1 je p\u0159\u00edjemn\u00e1 na dotek, propou\u0161t\u00ed vzduch, m\u00edrn\u011b chr\u00e1n\u00ed proti v\u011btru. Bavln\u011bnou d\u011btskou de\u010dku lze snadno sbalit do pohodln\u00e9ho v\u00e1le\u010dku, nezab\u00edr\u00e1 tolik m\u00edsta jako kryt na no\u017ei\u010dky a m\u016f\u017ee jej nahradit. Ukl\u00e1d\u00e1 se do lehk\u00e9ho s\u00e1\u010dku, do kter\u00e9ho ji lze snadno sbalit. M\u00e1 dokonce gumi\u010dku na upevn\u011bn\u00ed, aby se nerozbalovala, kdy\u017e ji ve sp\u011bchu hod\u00edte do ta\u0161ky nebo ko\u0161e ko\u010d\u00e1rku. Samoz\u0159ejm\u011b jsme zajistili bezpe\u010dnost, logo X-lander nati\u0161t\u011bn\u00e9 na p\u0159edn\u00ed stran\u011b je reflexn\u00ed, d\u00edky tomu si jej v\u0161imne ka\u017ed\u00fd p\u0159ij\u00ed\u017ed\u011bj\u00edc\u00ed \u0159idi\u010d.","og_url":"http:\/\/138.197.106.44\/cs\/p\/x-wrap-bavlnena-decka","og_site_name":"X-lander","article_modified_time":"2022-05-14T18:52:41+00:00","og_image":[{"width":1200,"height":800,"url":"http:\/\/138.197.106.44\/wp-content\/uploads\/2020\/11\/x-wrap_prod_1-min.jpg","type":"image\/jpeg"}],"twitter_card":"summary_large_image","twitter_misc":{"Odhadovan\u00e1 doba \u010dten\u00ed":"1 minuta"},"schema":{"@context":"https:\/\/schema.org","@graph":[{"@type":"WebSite","@id":"http:\/\/138.197.106.44\/#website","url":"http:\/\/138.197.106.44\/","name":"X-lander","description":"X-lander \u2013 d\u011btsk\u00e9 ko\u010d\u00e1rky nejvy\u0161\u0161\u00ed kvality pro aktivn\u00ed rodi\u010de. Nab\u00edz\u00edme kombinovan\u00e9 ko\u010d\u00e1rky 3v1, spor\u0165\u00e1ky i ko\u010d\u00e1rky pro b\u011bh. Krom\u011b toho v na\u0161em eshopu najdete tak\u00e9 velk\u00fd v\u00fdb\u011br dopl\u0148k\u016f ke ko\u010d\u00e1rk\u016fm.","potentialAction":[{"@type":"SearchAction","target":{"@type":"EntryPoint","urlTemplate":"http:\/\/138.197.106.44\/?s={search_term_string}"},"query-input":"required name=search_term_string"}],"inLanguage":"cs"},{"@type":"ImageObject","inLanguage":"cs","@id":"http:\/\/138.197.106.44\/cs\/p\/x-wrap-bavlnena-decka#primaryimage","url":"http:\/\/138.197.106.44\/wp-content\/uploads\/2020\/11\/x-wrap_prod_1-min.jpg","contentUrl":"http:\/\/138.197.106.44\/wp-content\/uploads\/2020\/11\/x-wrap_prod_1-min.jpg","width":1200,"height":800},{"@type":"WebPage","@id":"http:\/\/138.197.106.44\/cs\/p\/x-wrap-bavlnena-decka#webpage","url":"http:\/\/138.197.106.44\/cs\/p\/x-wrap-bavlnena-decka","name":"X-WRAP - X-lander","isPartOf":{"@id":"http:\/\/138.197.106.44\/#website"},"primaryImageOfPage":{"@id":"http:\/\/138.197.106.44\/cs\/p\/x-wrap-bavlnena-decka#primaryimage"},"datePublished":"2020-11-22T17:11:19+00:00","dateModified":"2022-05-14T18:52:41+00:00","breadcrumb":{"@id":"http:\/\/138.197.106.44\/cs\/p\/x-wrap-bavlnena-decka#breadcrumb"},"inLanguage":"cs","potentialAction":[{"@type":"ReadAction","target":["http:\/\/138.197.106.44\/cs\/p\/x-wrap-bavlnena-decka"]}]},{"@type":"BreadcrumbList","@id":"http:\/\/138.197.106.44\/cs\/p\/x-wrap-bavlnena-decka#breadcrumb","itemListElement":[{"@type":"ListItem","position":1,"name":"Home","item":"http:\/\/138.197.106.44\/cs"},{"@type":"ListItem","position":2,"name":"Shop","item":"http:\/\/138.197.106.44\/cs\/shop-2"},{"@type":"ListItem","position":3,"name":"X-WRAP"}]}]}},"_links":{"self":[{"href":"http:\/\/138.197.106.44\/cs\/wp-json\/wp\/v2\/product\/12605"}],"collection":[{"href":"http:\/\/138.197.106.44\/cs\/wp-json\/wp\/v2\/product"}],"about":[{"href":"http:\/\/138.197.106.44\/cs\/wp-json\/wp\/v2\/types\/product"}],"version-history":[{"count":5,"href":"http:\/\/138.197.106.44\/cs\/wp-json\/wp\/v2\/product\/12605\/revisions"}],"predecessor-version":[{"id":12840,"href":"http:\/\/138.197.106.44\/cs\/wp-json\/wp\/v2\/product\/12605\/revisions\/12840"}],"wp:featuredmedia":[{"embeddable":true,"href":"http:\/\/138.197.106.44\/cs\/wp-json\/wp\/v2\/media\/1038"}],"wp:attachment":[{"href":"http:\/\/138.197.106.44\/cs\/wp-json\/wp\/v2\/media?parent=12605"}],"wp:term":[{"taxonomy":"product_cat","embeddable":true,"href":"http:\/\/138.197.106.44\/cs\/wp-json\/wp\/v2\/product_cat?post=12605"},{"taxonomy":"product_tag","embeddable":true,"href":"http:\/\/138.197.106.44\/cs\/wp-json\/wp\/v2\/product_tag?post=12605"},{"taxonomy":"woo-feed-brand","embeddable":true,"href":"http:\/\/138.197.106.44\/cs\/wp-json\/wp\/v2\/woo-feed-brand?post=12605"}],"curies":[{"name":"wp","href":"https:\/\/api.w.org\/{rel}","templated":true}]}}