{"id":12701,"date":"2020-11-22T17:11:14","date_gmt":"2020-11-22T17:11:14","guid":{"rendered":"https:\/\/xl20.vdl.pl\/product\/jidelni-zidlicka-x-dine"},"modified":"2022-05-06T13:56:28","modified_gmt":"2022-05-06T11:56:28","slug":"jidelni-zidlicka-x-dine","status":"publish","type":"product","link":"http:\/\/138.197.106.44\/cs\/p\/jidelni-zidlicka-x-dine","title":{"rendered":"X-DINE"},"content":{"rendered":"\t\t<div data-elementor-type=\"product-post\" data-elementor-id=\"12701\" class=\"elementor elementor-12701 elementor-1361\">\n\t\t\t\t\t\t<div class=\"elementor-inner\">\n\t\t\t\t<div class=\"elementor-section-wrap\">\n\t\t\t\t\t\t\t\t\t<section class=\"elementor-section elementor-top-section elementor-element elementor-element-181372d elementor-section-boxed elementor-section-height-default elementor-section-height-default\" data-id=\"181372d\" data-element_type=\"section\">\n\t\t\t\t\t\t<div class=\"elementor-container elementor-column-gap-default\">\n\t\t\t\t\t\t\t<div class=\"elementor-row\">\n\t\t\t\t\t<div class=\"elementor-column elementor-col-100 elementor-top-column elementor-element elementor-element-5a2f9151\" data-id=\"5a2f9151\" data-element_type=\"column\">\n\t\t\t<div class=\"elementor-column-wrap elementor-element-populated\">\n\t\t\t\t\t\t\t<div class=\"elementor-widget-wrap\">\n\t\t\t\t\t\t<div class=\"elementor-element elementor-element-1d5bbb34 elementor-widget elementor-widget-heading\" data-id=\"1d5bbb34\" data-element_type=\"widget\" data-widget_type=\"heading.default\">\n\t\t\t\t<div class=\"elementor-widget-container\">\n\t\t\t<h2 class=\"elementor-heading-title elementor-size-default\"><p>Vlastnosti \u017eidli\u010dky<br \/>\r\nX-DINE<\/p>\r\n<\/h2>\t\t<\/div>\n\t\t\t\t<\/div>\n\t\t\t\t<div class=\"elementor-element elementor-element-7a1ffd55 elementor-widget elementor-widget-toggle\" data-id=\"7a1ffd55\" data-element_type=\"widget\" data-widget_type=\"toggle.default\">\n\t\t\t\t<div class=\"elementor-widget-container\">\n\t\t\t\t\t<div class=\"elementor-toggle\" role=\"tablist\">\n\t\t\t\t\t\t\t<div class=\"elementor-toggle-item\">\n\t\t\t\t\t<div id=\"elementor-tab-title-2041\" class=\"elementor-tab-title\" data-tab=\"1\" role=\"tab\" aria-controls=\"elementor-tab-content-2041\" aria-expanded=\"false\">\n\t\t\t\t\t\t\t\t\t\t\t\t<span class=\"elementor-toggle-icon elementor-toggle-icon-left\" aria-hidden=\"true\">\n\t\t\t\t\t\t\t\t\t\t\t\t\t\t\t<span class=\"elementor-toggle-icon-closed\"><i class=\"fas fa-caret-right\"><\/i><\/span>\n\t\t\t\t\t\t\t\t<span class=\"elementor-toggle-icon-opened\"><i class=\"elementor-toggle-icon-opened fas fa-caret-up\"><\/i><\/span>\n\t\t\t\t\t\t\t\t\t\t\t\t\t<\/span>\n\t\t\t\t\t\t\t\t\t\t\t\t<a href=\"\" class=\"elementor-toggle-title\">Snadn\u00e1 mont\u00e1\u017e<\/a>\n\t\t\t\t\t<\/div>\n\n\t\t\t\t\t<div id=\"elementor-tab-content-2041\" class=\"elementor-tab-content elementor-clearfix\" data-tab=\"1\" role=\"tabpanel\" aria-labelledby=\"elementor-tab-title-2041\"><p><img loading=\"lazy\" class=\"alignnone size-medium wp-image-11241\" src=\"http:\/\/138.197.106.44\/wp-content\/uploads\/2020\/11\/latwy_montaz-min-300x200.jpg\" alt=\"\" width=\"300\" height=\"200\" srcset=\"http:\/\/138.197.106.44\/wp-content\/uploads\/2020\/11\/latwy_montaz-min-300x200.jpg 300w, http:\/\/138.197.106.44\/wp-content\/uploads\/2020\/11\/latwy_montaz-min-600x400.jpg 600w, http:\/\/138.197.106.44\/wp-content\/uploads\/2020\/11\/latwy_montaz-min-1024x683.jpg 1024w, http:\/\/138.197.106.44\/wp-content\/uploads\/2020\/11\/latwy_montaz-min-768x512.jpg 768w, http:\/\/138.197.106.44\/wp-content\/uploads\/2020\/11\/latwy_montaz-min.jpg 1200w\" sizes=\"(max-width: 300px) 100vw, 300px\" \/><\/p>\n<p>X-Dine lze namontovat na v\u011bt\u0161inu stoln\u00edch desek. Rozsah tlou\u0161\u0165ky desky je 2 a\u017e 8,5 cm. Pomoc\u00ed plastov\u00fdch, pogumovan\u00fdch \u00fachyt\u016f ji lze namontovat b\u011bhem chvilky, bez pou\u017eit\u00ed jak\u00e9hokoli n\u00e1\u0159ad\u00ed.<\/p>\n<\/div>\n\t\t\t\t<\/div>\n\t\t\t\t\t\t\t<div class=\"elementor-toggle-item\">\n\t\t\t\t\t<div id=\"elementor-tab-title-2042\" class=\"elementor-tab-title\" data-tab=\"2\" role=\"tab\" aria-controls=\"elementor-tab-content-2042\" aria-expanded=\"false\">\n\t\t\t\t\t\t\t\t\t\t\t\t<span class=\"elementor-toggle-icon elementor-toggle-icon-left\" aria-hidden=\"true\">\n\t\t\t\t\t\t\t\t\t\t\t\t\t\t\t<span class=\"elementor-toggle-icon-closed\"><i class=\"fas fa-caret-right\"><\/i><\/span>\n\t\t\t\t\t\t\t\t<span class=\"elementor-toggle-icon-opened\"><i class=\"elementor-toggle-icon-opened fas fa-caret-up\"><\/i><\/span>\n\t\t\t\t\t\t\t\t\t\t\t\t\t<\/span>\n\t\t\t\t\t\t\t\t\t\t\t\t<a href=\"\" class=\"elementor-toggle-title\">Snadn\u00e1 \u00fadr\u017eba \u010distoty po j\u00eddle<\/a>\n\t\t\t\t\t<\/div>\n\n\t\t\t\t\t<div id=\"elementor-tab-content-2042\" class=\"elementor-tab-content elementor-clearfix\" data-tab=\"2\" role=\"tabpanel\" aria-labelledby=\"elementor-tab-title-2042\"><p><img loading=\"lazy\" class=\"alignnone size-medium wp-image-11245\" src=\"http:\/\/138.197.106.44\/wp-content\/uploads\/2020\/11\/latwy_w_sprzataniu-min-300x200.jpg\" alt=\"\" width=\"300\" height=\"200\" srcset=\"http:\/\/138.197.106.44\/wp-content\/uploads\/2020\/11\/latwy_w_sprzataniu-min-300x200.jpg 300w, http:\/\/138.197.106.44\/wp-content\/uploads\/2020\/11\/latwy_w_sprzataniu-min-600x400.jpg 600w, http:\/\/138.197.106.44\/wp-content\/uploads\/2020\/11\/latwy_w_sprzataniu-min-1024x683.jpg 1024w, http:\/\/138.197.106.44\/wp-content\/uploads\/2020\/11\/latwy_w_sprzataniu-min-768x512.jpg 768w, http:\/\/138.197.106.44\/wp-content\/uploads\/2020\/11\/latwy_w_sprzataniu-min.jpg 1200w\" sizes=\"(max-width: 300px) 100vw, 300px\" \/><\/p>\n<p>D\u00edky tomu, \u017ee X-Dine vis\u00ed na stole, nen\u00ed nutn\u00e9 poka\u017ed\u00e9 p\u0159esouvat \u017eidli\u010dku p\u0159i \u00faklidu. Prostor kolem stolu se snadno udr\u017euje v \u010distot\u011b po ka\u017ed\u00e9m j\u00eddle.<\/p>\n<\/div>\n\t\t\t\t<\/div>\n\t\t\t\t\t\t\t<div class=\"elementor-toggle-item\">\n\t\t\t\t\t<div id=\"elementor-tab-title-2043\" class=\"elementor-tab-title\" data-tab=\"3\" role=\"tab\" aria-controls=\"elementor-tab-content-2043\" aria-expanded=\"false\">\n\t\t\t\t\t\t\t\t\t\t\t\t<span class=\"elementor-toggle-icon elementor-toggle-icon-left\" aria-hidden=\"true\">\n\t\t\t\t\t\t\t\t\t\t\t\t\t\t\t<span class=\"elementor-toggle-icon-closed\"><i class=\"fas fa-caret-right\"><\/i><\/span>\n\t\t\t\t\t\t\t\t<span class=\"elementor-toggle-icon-opened\"><i class=\"elementor-toggle-icon-opened fas fa-caret-up\"><\/i><\/span>\n\t\t\t\t\t\t\t\t\t\t\t\t\t<\/span>\n\t\t\t\t\t\t\t\t\t\t\t\t<a href=\"\" class=\"elementor-toggle-title\">Bezpe\u010dn\u00e1 a certifikovan\u00e1<\/a>\n\t\t\t\t\t<\/div>\n\n\t\t\t\t\t<div id=\"elementor-tab-content-2043\" class=\"elementor-tab-content elementor-clearfix\" data-tab=\"3\" role=\"tabpanel\" aria-labelledby=\"elementor-tab-title-2043\"><p><img loading=\"lazy\" class=\"alignnone size-medium wp-image-11229\" src=\"http:\/\/138.197.106.44\/wp-content\/uploads\/2020\/11\/IMG_9300_1200-300x200.jpg\" alt=\"\" width=\"300\" height=\"200\" srcset=\"http:\/\/138.197.106.44\/wp-content\/uploads\/2020\/11\/IMG_9300_1200-300x200.jpg 300w, http:\/\/138.197.106.44\/wp-content\/uploads\/2020\/11\/IMG_9300_1200-600x400.jpg 600w, http:\/\/138.197.106.44\/wp-content\/uploads\/2020\/11\/IMG_9300_1200-1024x683.jpg 1024w, http:\/\/138.197.106.44\/wp-content\/uploads\/2020\/11\/IMG_9300_1200-768x512.jpg 768w, http:\/\/138.197.106.44\/wp-content\/uploads\/2020\/11\/IMG_9300_1200.jpg 1200w\" sizes=\"(max-width: 300px) 100vw, 300px\" \/><\/p>\n<p>X-Dine spl\u0148uje normu potvrzuj\u00edc\u00ed bezpe\u010dnost d\u00edt\u011bte p\u0159i pou\u017e\u00edv\u00e1n\u00ed j\u00eddeln\u00ed \u017eidli\u010dky. Norma EN 1272:2017 garantuje jeho stabilitu a bezpe\u010dn\u00e9 zat\u00ed\u017een\u00ed b\u011bhem pou\u017eit\u00ed.<\/p>\n<\/div>\n\t\t\t\t<\/div>\n\t\t\t\t\t\t\t<div class=\"elementor-toggle-item\">\n\t\t\t\t\t<div id=\"elementor-tab-title-2044\" class=\"elementor-tab-title\" data-tab=\"4\" role=\"tab\" aria-controls=\"elementor-tab-content-2044\" aria-expanded=\"false\">\n\t\t\t\t\t\t\t\t\t\t\t\t<span class=\"elementor-toggle-icon elementor-toggle-icon-left\" aria-hidden=\"true\">\n\t\t\t\t\t\t\t\t\t\t\t\t\t\t\t<span class=\"elementor-toggle-icon-closed\"><i class=\"fas fa-caret-right\"><\/i><\/span>\n\t\t\t\t\t\t\t\t<span class=\"elementor-toggle-icon-opened\"><i class=\"elementor-toggle-icon-opened fas fa-caret-up\"><\/i><\/span>\n\t\t\t\t\t\t\t\t\t\t\t\t\t<\/span>\n\t\t\t\t\t\t\t\t\t\t\t\t<a href=\"\" class=\"elementor-toggle-title\">S pohodln\u00fdmi bezpe\u010dnostn\u00edmi p\u00e1sy<\/a>\n\t\t\t\t\t<\/div>\n\n\t\t\t\t\t<div id=\"elementor-tab-content-2044\" class=\"elementor-tab-content elementor-clearfix\" data-tab=\"4\" role=\"tabpanel\" aria-labelledby=\"elementor-tab-title-2044\"><p><img loading=\"lazy\" class=\"alignnone size-medium wp-image-11274\" src=\"http:\/\/138.197.106.44\/wp-content\/uploads\/2020\/12\/IMG_9578-min-300x200.jpg\" alt=\"\" width=\"300\" height=\"200\" srcset=\"http:\/\/138.197.106.44\/wp-content\/uploads\/2020\/12\/IMG_9578-min-300x200.jpg 300w, http:\/\/138.197.106.44\/wp-content\/uploads\/2020\/12\/IMG_9578-min-600x400.jpg 600w, http:\/\/138.197.106.44\/wp-content\/uploads\/2020\/12\/IMG_9578-min-1024x683.jpg 1024w, http:\/\/138.197.106.44\/wp-content\/uploads\/2020\/12\/IMG_9578-min-768x512.jpg 768w, http:\/\/138.197.106.44\/wp-content\/uploads\/2020\/12\/IMG_9578-min.jpg 1200w\" sizes=\"(max-width: 300px) 100vw, 300px\" \/><\/p>\n<p>Pohodln\u00e9, nastaviteln\u00e9 p\u00e1sy d\u00edt\u011bti znemo\u017e\u0148uj\u00ed vst\u00e1t a jsou navr\u017eeny tak, \u017ee nebr\u00e1n\u00ed sed\u00edc\u00edmu d\u00edt\u011bti v pohybu.<\/p>\n<\/div>\n\t\t\t\t<\/div>\n\t\t\t\t\t\t\t<div class=\"elementor-toggle-item\">\n\t\t\t\t\t<div id=\"elementor-tab-title-2045\" class=\"elementor-tab-title\" data-tab=\"5\" role=\"tab\" aria-controls=\"elementor-tab-content-2045\" aria-expanded=\"false\">\n\t\t\t\t\t\t\t\t\t\t\t\t<span class=\"elementor-toggle-icon elementor-toggle-icon-left\" aria-hidden=\"true\">\n\t\t\t\t\t\t\t\t\t\t\t\t\t\t\t<span class=\"elementor-toggle-icon-closed\"><i class=\"fas fa-caret-right\"><\/i><\/span>\n\t\t\t\t\t\t\t\t<span class=\"elementor-toggle-icon-opened\"><i class=\"elementor-toggle-icon-opened fas fa-caret-up\"><\/i><\/span>\n\t\t\t\t\t\t\t\t\t\t\t\t\t<\/span>\n\t\t\t\t\t\t\t\t\t\t\t\t<a href=\"\" class=\"elementor-toggle-title\">Neni\u010d\u00ed desku<\/a>\n\t\t\t\t\t<\/div>\n\n\t\t\t\t\t<div id=\"elementor-tab-content-2045\" class=\"elementor-tab-content elementor-clearfix\" data-tab=\"5\" role=\"tabpanel\" aria-labelledby=\"elementor-tab-title-2045\"><p><img loading=\"lazy\" class=\"alignnone size-medium wp-image-11253\" src=\"http:\/\/138.197.106.44\/wp-content\/uploads\/2020\/11\/x-dine_cechy_bezp_blatu-min_1_-300x200.jpg\" alt=\"\" width=\"300\" height=\"200\" srcset=\"http:\/\/138.197.106.44\/wp-content\/uploads\/2020\/11\/x-dine_cechy_bezp_blatu-min_1_-300x200.jpg 300w, http:\/\/138.197.106.44\/wp-content\/uploads\/2020\/11\/x-dine_cechy_bezp_blatu-min_1_-600x400.jpg 600w, http:\/\/138.197.106.44\/wp-content\/uploads\/2020\/11\/x-dine_cechy_bezp_blatu-min_1_-1024x683.jpg 1024w, http:\/\/138.197.106.44\/wp-content\/uploads\/2020\/11\/x-dine_cechy_bezp_blatu-min_1_-768x512.jpg 768w, http:\/\/138.197.106.44\/wp-content\/uploads\/2020\/11\/x-dine_cechy_bezp_blatu-min_1_.jpg 1200w\" sizes=\"(max-width: 300px) 100vw, 300px\" \/><\/p>\n<p>J\u00eddeln\u00ed \u017eidli\u010dka je k desce stolu p\u0159ipevn\u011bna pomoc\u00ed pogumovan\u00fdch up\u00ednac\u00edch \u00fachyt\u016f. \u017didli\u010dka se neposouv\u00e1 a neni\u010d\u00ed povrch, ke kter\u00e9mu je p\u0159ipevn\u011bna.<\/p>\n<\/div>\n\t\t\t\t<\/div>\n\t\t\t\t\t\t\t<div class=\"elementor-toggle-item\">\n\t\t\t\t\t<div id=\"elementor-tab-title-2046\" class=\"elementor-tab-title\" data-tab=\"6\" role=\"tab\" aria-controls=\"elementor-tab-content-2046\" aria-expanded=\"false\">\n\t\t\t\t\t\t\t\t\t\t\t\t<span class=\"elementor-toggle-icon elementor-toggle-icon-left\" aria-hidden=\"true\">\n\t\t\t\t\t\t\t\t\t\t\t\t\t\t\t<span class=\"elementor-toggle-icon-closed\"><i class=\"fas fa-caret-right\"><\/i><\/span>\n\t\t\t\t\t\t\t\t<span class=\"elementor-toggle-icon-opened\"><i class=\"elementor-toggle-icon-opened fas fa-caret-up\"><\/i><\/span>\n\t\t\t\t\t\t\t\t\t\t\t\t\t<\/span>\n\t\t\t\t\t\t\t\t\t\t\t\t<a href=\"\" class=\"elementor-toggle-title\">Snadn\u00e1 \u00fadr\u017eba<\/a>\n\t\t\t\t\t<\/div>\n\n\t\t\t\t\t<div id=\"elementor-tab-content-2046\" class=\"elementor-tab-content elementor-clearfix\" data-tab=\"6\" role=\"tabpanel\" aria-labelledby=\"elementor-tab-title-2046\"><p><img loading=\"lazy\" class=\"alignnone size-medium wp-image-11245\" src=\"http:\/\/138.197.106.44\/wp-content\/uploads\/2020\/11\/latwy_w_sprzataniu-min-300x200.jpg\" alt=\"\" width=\"300\" height=\"200\" srcset=\"http:\/\/138.197.106.44\/wp-content\/uploads\/2020\/11\/latwy_w_sprzataniu-min-300x200.jpg 300w, http:\/\/138.197.106.44\/wp-content\/uploads\/2020\/11\/latwy_w_sprzataniu-min-600x400.jpg 600w, http:\/\/138.197.106.44\/wp-content\/uploads\/2020\/11\/latwy_w_sprzataniu-min-1024x683.jpg 1024w, http:\/\/138.197.106.44\/wp-content\/uploads\/2020\/11\/latwy_w_sprzataniu-min-768x512.jpg 768w, http:\/\/138.197.106.44\/wp-content\/uploads\/2020\/11\/latwy_w_sprzataniu-min.jpg 1200w\" sizes=\"(max-width: 300px) 100vw, 300px\" \/><\/p>\n<p>N\u011bkolika snadn\u00fdmi pohyby lze demontovat kovov\u00e9 prvky a vyprat potah.<\/p>\n<\/div>\n\t\t\t\t<\/div>\n\t\t\t\t\t\t\t<div class=\"elementor-toggle-item\">\n\t\t\t\t\t<div id=\"elementor-tab-title-2047\" class=\"elementor-tab-title\" data-tab=\"7\" role=\"tab\" aria-controls=\"elementor-tab-content-2047\" aria-expanded=\"false\">\n\t\t\t\t\t\t\t\t\t\t\t\t<span class=\"elementor-toggle-icon elementor-toggle-icon-left\" aria-hidden=\"true\">\n\t\t\t\t\t\t\t\t\t\t\t\t\t\t\t<span class=\"elementor-toggle-icon-closed\"><i class=\"fas fa-caret-right\"><\/i><\/span>\n\t\t\t\t\t\t\t\t<span class=\"elementor-toggle-icon-opened\"><i class=\"elementor-toggle-icon-opened fas fa-caret-up\"><\/i><\/span>\n\t\t\t\t\t\t\t\t\t\t\t\t\t<\/span>\n\t\t\t\t\t\t\t\t\t\t\t\t<a href=\"\" class=\"elementor-toggle-title\">Obsahuje cestovn\u00ed ta\u0161ku<\/a>\n\t\t\t\t\t<\/div>\n\n\t\t\t\t\t<div id=\"elementor-tab-content-2047\" class=\"elementor-tab-content elementor-clearfix\" data-tab=\"7\" role=\"tabpanel\" aria-labelledby=\"elementor-tab-title-2047\"><p><img loading=\"lazy\" class=\"alignnone size-medium wp-image-11249\" src=\"http:\/\/138.197.106.44\/wp-content\/uploads\/2020\/11\/torba-min-300x200.jpg\" alt=\"\" width=\"300\" height=\"200\" srcset=\"http:\/\/138.197.106.44\/wp-content\/uploads\/2020\/11\/torba-min-300x200.jpg 300w, http:\/\/138.197.106.44\/wp-content\/uploads\/2020\/11\/torba-min-600x400.jpg 600w, http:\/\/138.197.106.44\/wp-content\/uploads\/2020\/11\/torba-min-1024x683.jpg 1024w, http:\/\/138.197.106.44\/wp-content\/uploads\/2020\/11\/torba-min-768x512.jpg 768w, http:\/\/138.197.106.44\/wp-content\/uploads\/2020\/11\/torba-min.jpg 1200w\" sizes=\"(max-width: 300px) 100vw, 300px\" \/><\/p>\n<p>J\u00eddeln\u00ed \u017eidli\u010dku lze snadno sbalit do p\u0159ilo\u017een\u00e9 praktick\u00e9 cestovn\u00ed ta\u0161ky a vz\u00edt ji s sebou.<\/p>\n<\/div>\n\t\t\t\t<\/div>\n\t\t\t\t\t\t\t\t<\/div>\n\t\t\t\t<\/div>\n\t\t\t\t<\/div>\n\t\t\t\t\t\t<\/div>\n\t\t\t\t\t<\/div>\n\t\t<\/div>\n\t\t\t\t\t\t\t\t<\/div>\n\t\t\t\t\t<\/div>\n\t\t<\/section>\n\t\t\t\t\t\t\t\t\t<\/div>\n\t\t\t<\/div>\n\t\t\t\t\t<\/div>\n\t\t","protected":false},"excerpt":{"rendered":"<p>X-Dine je ide\u00e1ln\u00ed j\u00eddeln\u00ed \u017eidli\u010dka, kter\u00e1 se osv\u011bd\u010d\u00ed jak doma, tak na cest\u00e1ch.<\/p>\n<p>P\u0159i \u00faklidu po krmen\u00ed d\u00edt\u011bte, kdy j\u00eddlo \u010dasto kon\u010d\u00ed na podlaze, nen\u00ed nutn\u00e9 odsouvat \u017eidli\u010dku a ukl\u00edzet kolem n\u00e1bytku. X-Dine vis\u00ed p\u0159ipevn\u011bn\u00e1 k desce stolu. Je to velmi bezpe\u010dn\u00e9, stabiln\u00ed a pohodln\u00e9 \u0159e\u0161en\u00ed. Neni\u010d\u00ed st\u016fl, ke kter\u00e9mu je p\u0159ipevn\u011bna.<\/p>\n<p>N\u00e1v\u0161t\u011bva u zn\u00e1m\u00fdch, nebo del\u0161\u00ed v\u00fdlet nemus\u00ed znamenat krmen\u00ed d\u00edt\u011bte na vlastn\u00edch kolenou. Tento mal\u00fd a p\u0159\u00edru\u010dn\u00ed dopln\u011bk, zabalen\u00fd do ta\u0161ky, nezab\u00edr\u00e1 hodn\u011b m\u00edsta a rozkl\u00e1d\u00e1 se b\u011bhem chvilky. A d\u00edky stabiln\u00edm gumov\u00fdm up\u00ednac\u00edm \u00fachyt\u016fm je bezpe\u010dn\u00fd. J\u00eddeln\u00ed \u017eidli\u010dka m\u00e1 vestav\u011bn\u00e9 bezpe\u010dnostn\u00ed p\u00e1sy, kter\u00e9 neomezuj\u00ed pohyby d\u00edt\u011bte. J\u00eddeln\u00ed \u017eidli\u010dku lze snadno vyprat, demontuj\u00ed se pouze kovov\u00e9 d\u00edly.<\/p>\n<p>\u017didli\u010dka je dod\u00e1v\u00e1na v sad\u011b s pohodlnou cestovn\u00ed ta\u0161kou.<\/p>\n","protected":false},"featured_media":11257,"template":"","meta":[],"product_cat":[108,116],"product_tag":[],"woo-feed-brand":[],"acf":[],"yoast_head":"<!-- This site is optimized with the Yoast SEO plugin v18.8 - https:\/\/yoast.com\/wordpress\/plugins\/seo\/ -->\n<title>X-DINE - X-lander<\/title>\n<meta name=\"robots\" content=\"index, follow, max-snippet:-1, max-image-preview:large, max-video-preview:-1\" \/>\n<link rel=\"canonical\" href=\"http:\/\/138.197.106.44\/cs\/p\/jidelni-zidlicka-x-dine\" \/>\n<meta property=\"og:locale\" content=\"cs_CZ\" \/>\n<meta property=\"og:type\" content=\"article\" \/>\n<meta property=\"og:title\" content=\"X-DINE - X-lander\" \/>\n<meta property=\"og:description\" content=\"X-Dine je ide\u00e1ln\u00ed j\u00eddeln\u00ed \u017eidli\u010dka, kter\u00e1 se osv\u011bd\u010d\u00ed jak doma, tak na cest\u00e1ch.  P\u0159i \u00faklidu po krmen\u00ed d\u00edt\u011bte, kdy j\u00eddlo \u010dasto kon\u010d\u00ed na podlaze, nen\u00ed nutn\u00e9 odsouvat \u017eidli\u010dku a ukl\u00edzet kolem n\u00e1bytku. X-Dine vis\u00ed p\u0159ipevn\u011bn\u00e1 k desce stolu. Je to velmi bezpe\u010dn\u00e9, stabiln\u00ed a pohodln\u00e9 \u0159e\u0161en\u00ed. Neni\u010d\u00ed st\u016fl, ke kter\u00e9mu je p\u0159ipevn\u011bna.  N\u00e1v\u0161t\u011bva u zn\u00e1m\u00fdch, nebo del\u0161\u00ed v\u00fdlet nemus\u00ed znamenat krmen\u00ed d\u00edt\u011bte na vlastn\u00edch kolenou. Tento mal\u00fd a p\u0159\u00edru\u010dn\u00ed dopln\u011bk, zabalen\u00fd do ta\u0161ky, nezab\u00edr\u00e1 hodn\u011b m\u00edsta a rozkl\u00e1d\u00e1 se b\u011bhem chvilky. A d\u00edky stabiln\u00edm gumov\u00fdm up\u00ednac\u00edm \u00fachyt\u016fm je bezpe\u010dn\u00fd. J\u00eddeln\u00ed \u017eidli\u010dka m\u00e1 vestav\u011bn\u00e9 bezpe\u010dnostn\u00ed p\u00e1sy, kter\u00e9 neomezuj\u00ed pohyby d\u00edt\u011bte. J\u00eddeln\u00ed \u017eidli\u010dku lze snadno vyprat, demontuj\u00ed se pouze kovov\u00e9 d\u00edly.  \u017didli\u010dka je dod\u00e1v\u00e1na v sad\u011b s pohodlnou cestovn\u00ed ta\u0161kou.\" \/>\n<meta property=\"og:url\" content=\"http:\/\/138.197.106.44\/cs\/p\/jidelni-zidlicka-x-dine\" \/>\n<meta property=\"og:site_name\" content=\"X-lander\" \/>\n<meta property=\"article:modified_time\" content=\"2022-05-06T11:56:28+00:00\" \/>\n<meta property=\"og:image\" content=\"http:\/\/138.197.106.44\/wp-content\/uploads\/2020\/11\/x-dine_glowne-min_2_.jpg\" \/>\n\t<meta property=\"og:image:width\" content=\"1200\" \/>\n\t<meta property=\"og:image:height\" content=\"800\" \/>\n\t<meta property=\"og:image:type\" content=\"image\/jpeg\" \/>\n<meta name=\"twitter:card\" content=\"summary_large_image\" \/>\n<meta name=\"twitter:label1\" content=\"Odhadovan\u00e1 doba \u010dten\u00ed\" \/>\n\t<meta name=\"twitter:data1\" content=\"1 minuta\" \/>\n<script type=\"application\/ld+json\" class=\"yoast-schema-graph\">{\"@context\":\"https:\/\/schema.org\",\"@graph\":[{\"@type\":\"WebSite\",\"@id\":\"http:\/\/138.197.106.44\/#website\",\"url\":\"http:\/\/138.197.106.44\/\",\"name\":\"X-lander\",\"description\":\"X-lander \u2013 d\u011btsk\u00e9 ko\u010d\u00e1rky nejvy\u0161\u0161\u00ed kvality pro aktivn\u00ed rodi\u010de. Nab\u00edz\u00edme kombinovan\u00e9 ko\u010d\u00e1rky 3v1, spor\u0165\u00e1ky i ko\u010d\u00e1rky pro b\u011bh. Krom\u011b toho v na\u0161em eshopu najdete tak\u00e9 velk\u00fd v\u00fdb\u011br dopl\u0148k\u016f ke ko\u010d\u00e1rk\u016fm.\",\"potentialAction\":[{\"@type\":\"SearchAction\",\"target\":{\"@type\":\"EntryPoint\",\"urlTemplate\":\"http:\/\/138.197.106.44\/?s={search_term_string}\"},\"query-input\":\"required name=search_term_string\"}],\"inLanguage\":\"cs\"},{\"@type\":\"ImageObject\",\"inLanguage\":\"cs\",\"@id\":\"http:\/\/138.197.106.44\/cs\/p\/jidelni-zidlicka-x-dine#primaryimage\",\"url\":\"http:\/\/138.197.106.44\/wp-content\/uploads\/2020\/11\/x-dine_glowne-min_2_.jpg\",\"contentUrl\":\"http:\/\/138.197.106.44\/wp-content\/uploads\/2020\/11\/x-dine_glowne-min_2_.jpg\",\"width\":1200,\"height\":800},{\"@type\":\"WebPage\",\"@id\":\"http:\/\/138.197.106.44\/cs\/p\/jidelni-zidlicka-x-dine#webpage\",\"url\":\"http:\/\/138.197.106.44\/cs\/p\/jidelni-zidlicka-x-dine\",\"name\":\"X-DINE - X-lander\",\"isPartOf\":{\"@id\":\"http:\/\/138.197.106.44\/#website\"},\"primaryImageOfPage\":{\"@id\":\"http:\/\/138.197.106.44\/cs\/p\/jidelni-zidlicka-x-dine#primaryimage\"},\"datePublished\":\"2020-11-22T17:11:14+00:00\",\"dateModified\":\"2022-05-06T11:56:28+00:00\",\"breadcrumb\":{\"@id\":\"http:\/\/138.197.106.44\/cs\/p\/jidelni-zidlicka-x-dine#breadcrumb\"},\"inLanguage\":\"cs\",\"potentialAction\":[{\"@type\":\"ReadAction\",\"target\":[\"http:\/\/138.197.106.44\/cs\/p\/jidelni-zidlicka-x-dine\"]}]},{\"@type\":\"BreadcrumbList\",\"@id\":\"http:\/\/138.197.106.44\/cs\/p\/jidelni-zidlicka-x-dine#breadcrumb\",\"itemListElement\":[{\"@type\":\"ListItem\",\"position\":1,\"name\":\"Home\",\"item\":\"http:\/\/138.197.106.44\/cs\"},{\"@type\":\"ListItem\",\"position\":2,\"name\":\"Shop\",\"item\":\"http:\/\/138.197.106.44\/cs\/shop-2\"},{\"@type\":\"ListItem\",\"position\":3,\"name\":\"X-DINE\"}]}]}<\/script>\n<!-- \/ Yoast SEO plugin. -->","yoast_head_json":{"title":"X-DINE - X-lander","robots":{"index":"index","follow":"follow","max-snippet":"max-snippet:-1","max-image-preview":"max-image-preview:large","max-video-preview":"max-video-preview:-1"},"canonical":"http:\/\/138.197.106.44\/cs\/p\/jidelni-zidlicka-x-dine","og_locale":"cs_CZ","og_type":"article","og_title":"X-DINE - X-lander","og_description":"X-Dine je ide\u00e1ln\u00ed j\u00eddeln\u00ed \u017eidli\u010dka, kter\u00e1 se osv\u011bd\u010d\u00ed jak doma, tak na cest\u00e1ch.  P\u0159i \u00faklidu po krmen\u00ed d\u00edt\u011bte, kdy j\u00eddlo \u010dasto kon\u010d\u00ed na podlaze, nen\u00ed nutn\u00e9 odsouvat \u017eidli\u010dku a ukl\u00edzet kolem n\u00e1bytku. X-Dine vis\u00ed p\u0159ipevn\u011bn\u00e1 k desce stolu. Je to velmi bezpe\u010dn\u00e9, stabiln\u00ed a pohodln\u00e9 \u0159e\u0161en\u00ed. Neni\u010d\u00ed st\u016fl, ke kter\u00e9mu je p\u0159ipevn\u011bna.  N\u00e1v\u0161t\u011bva u zn\u00e1m\u00fdch, nebo del\u0161\u00ed v\u00fdlet nemus\u00ed znamenat krmen\u00ed d\u00edt\u011bte na vlastn\u00edch kolenou. Tento mal\u00fd a p\u0159\u00edru\u010dn\u00ed dopln\u011bk, zabalen\u00fd do ta\u0161ky, nezab\u00edr\u00e1 hodn\u011b m\u00edsta a rozkl\u00e1d\u00e1 se b\u011bhem chvilky. A d\u00edky stabiln\u00edm gumov\u00fdm up\u00ednac\u00edm \u00fachyt\u016fm je bezpe\u010dn\u00fd. J\u00eddeln\u00ed \u017eidli\u010dka m\u00e1 vestav\u011bn\u00e9 bezpe\u010dnostn\u00ed p\u00e1sy, kter\u00e9 neomezuj\u00ed pohyby d\u00edt\u011bte. J\u00eddeln\u00ed \u017eidli\u010dku lze snadno vyprat, demontuj\u00ed se pouze kovov\u00e9 d\u00edly.  \u017didli\u010dka je dod\u00e1v\u00e1na v sad\u011b s pohodlnou cestovn\u00ed ta\u0161kou.","og_url":"http:\/\/138.197.106.44\/cs\/p\/jidelni-zidlicka-x-dine","og_site_name":"X-lander","article_modified_time":"2022-05-06T11:56:28+00:00","og_image":[{"width":1200,"height":800,"url":"http:\/\/138.197.106.44\/wp-content\/uploads\/2020\/11\/x-dine_glowne-min_2_.jpg","type":"image\/jpeg"}],"twitter_card":"summary_large_image","twitter_misc":{"Odhadovan\u00e1 doba \u010dten\u00ed":"1 minuta"},"schema":{"@context":"https:\/\/schema.org","@graph":[{"@type":"WebSite","@id":"http:\/\/138.197.106.44\/#website","url":"http:\/\/138.197.106.44\/","name":"X-lander","description":"X-lander \u2013 d\u011btsk\u00e9 ko\u010d\u00e1rky nejvy\u0161\u0161\u00ed kvality pro aktivn\u00ed rodi\u010de. Nab\u00edz\u00edme kombinovan\u00e9 ko\u010d\u00e1rky 3v1, spor\u0165\u00e1ky i ko\u010d\u00e1rky pro b\u011bh. Krom\u011b toho v na\u0161em eshopu najdete tak\u00e9 velk\u00fd v\u00fdb\u011br dopl\u0148k\u016f ke ko\u010d\u00e1rk\u016fm.","potentialAction":[{"@type":"SearchAction","target":{"@type":"EntryPoint","urlTemplate":"http:\/\/138.197.106.44\/?s={search_term_string}"},"query-input":"required name=search_term_string"}],"inLanguage":"cs"},{"@type":"ImageObject","inLanguage":"cs","@id":"http:\/\/138.197.106.44\/cs\/p\/jidelni-zidlicka-x-dine#primaryimage","url":"http:\/\/138.197.106.44\/wp-content\/uploads\/2020\/11\/x-dine_glowne-min_2_.jpg","contentUrl":"http:\/\/138.197.106.44\/wp-content\/uploads\/2020\/11\/x-dine_glowne-min_2_.jpg","width":1200,"height":800},{"@type":"WebPage","@id":"http:\/\/138.197.106.44\/cs\/p\/jidelni-zidlicka-x-dine#webpage","url":"http:\/\/138.197.106.44\/cs\/p\/jidelni-zidlicka-x-dine","name":"X-DINE - X-lander","isPartOf":{"@id":"http:\/\/138.197.106.44\/#website"},"primaryImageOfPage":{"@id":"http:\/\/138.197.106.44\/cs\/p\/jidelni-zidlicka-x-dine#primaryimage"},"datePublished":"2020-11-22T17:11:14+00:00","dateModified":"2022-05-06T11:56:28+00:00","breadcrumb":{"@id":"http:\/\/138.197.106.44\/cs\/p\/jidelni-zidlicka-x-dine#breadcrumb"},"inLanguage":"cs","potentialAction":[{"@type":"ReadAction","target":["http:\/\/138.197.106.44\/cs\/p\/jidelni-zidlicka-x-dine"]}]},{"@type":"BreadcrumbList","@id":"http:\/\/138.197.106.44\/cs\/p\/jidelni-zidlicka-x-dine#breadcrumb","itemListElement":[{"@type":"ListItem","position":1,"name":"Home","item":"http:\/\/138.197.106.44\/cs"},{"@type":"ListItem","position":2,"name":"Shop","item":"http:\/\/138.197.106.44\/cs\/shop-2"},{"@type":"ListItem","position":3,"name":"X-DINE"}]}]}},"_links":{"self":[{"href":"http:\/\/138.197.106.44\/cs\/wp-json\/wp\/v2\/product\/12701"}],"collection":[{"href":"http:\/\/138.197.106.44\/cs\/wp-json\/wp\/v2\/product"}],"about":[{"href":"http:\/\/138.197.106.44\/cs\/wp-json\/wp\/v2\/types\/product"}],"version-history":[{"count":4,"href":"http:\/\/138.197.106.44\/cs\/wp-json\/wp\/v2\/product\/12701\/revisions"}],"predecessor-version":[{"id":34273,"href":"http:\/\/138.197.106.44\/cs\/wp-json\/wp\/v2\/product\/12701\/revisions\/34273"}],"wp:featuredmedia":[{"embeddable":true,"href":"http:\/\/138.197.106.44\/cs\/wp-json\/wp\/v2\/media\/11257"}],"wp:attachment":[{"href":"http:\/\/138.197.106.44\/cs\/wp-json\/wp\/v2\/media?parent=12701"}],"wp:term":[{"taxonomy":"product_cat","embeddable":true,"href":"http:\/\/138.197.106.44\/cs\/wp-json\/wp\/v2\/product_cat?post=12701"},{"taxonomy":"product_tag","embeddable":true,"href":"http:\/\/138.197.106.44\/cs\/wp-json\/wp\/v2\/product_tag?post=12701"},{"taxonomy":"woo-feed-brand","embeddable":true,"href":"http:\/\/138.197.106.44\/cs\/wp-json\/wp\/v2\/woo-feed-brand?post=12701"}],"curies":[{"name":"wp","href":"https:\/\/api.w.org\/{rel}","templated":true}]}}