{"id":37491,"date":"2021-11-19T12:28:04","date_gmt":"2021-11-19T11:28:04","guid":{"rendered":"http:\/\/138.197.106.44\/p\/x-warm-110-g-m"},"modified":"2022-05-11T09:32:14","modified_gmt":"2022-05-11T07:32:14","slug":"x-warm-110-g-m","status":"publish","type":"product","link":"http:\/\/138.197.106.44\/cs\/p\/x-warm-110-g-m","title":{"rendered":"X-WARM 110 G\/M"},"content":{"rendered":"\t\t<div data-elementor-type=\"product-post\" data-elementor-id=\"37491\" class=\"elementor elementor-37491 elementor-36001\">\n\t\t\t\t\t\t<div class=\"elementor-inner\">\n\t\t\t\t<div class=\"elementor-section-wrap\">\n\t\t\t\t\t\t\t\t\t<section class=\"elementor-section elementor-top-section elementor-element elementor-element-e8375a1 elementor-section-boxed elementor-section-height-default elementor-section-height-default\" data-id=\"e8375a1\" data-element_type=\"section\">\n\t\t\t\t\t\t<div class=\"elementor-container elementor-column-gap-default\">\n\t\t\t\t\t\t\t<div class=\"elementor-row\">\n\t\t\t\t\t<div class=\"elementor-column elementor-col-50 elementor-top-column elementor-element elementor-element-3163bd8\" data-id=\"3163bd8\" data-element_type=\"column\">\n\t\t\t<div class=\"elementor-column-wrap elementor-element-populated\">\n\t\t\t\t\t\t\t<div class=\"elementor-widget-wrap\">\n\t\t\t\t\t\t<div class=\"elementor-element elementor-element-9e3cf32 elementor-position-top elementor-vertical-align-top elementor-widget elementor-widget-image-box\" data-id=\"9e3cf32\" data-element_type=\"widget\" data-widget_type=\"image-box.default\">\n\t\t\t\t<div class=\"elementor-widget-container\">\n\t\t\t<div class=\"elementor-image-box-wrapper\"><figure class=\"elementor-image-box-img\"><img width=\"1200\" height=\"800\" src=\"http:\/\/138.197.106.44\/wp-content\/uploads\/2022\/02\/010-x-warm-110-green-sunset.jpg\" class=\"attachment-full size-full\" alt=\"\" loading=\"lazy\" \/><\/figure><div class=\"elementor-image-box-content\"><h3 class=\"elementor-image-box-title\">Nastaven\u00ed d\u00e9lky<\/h3><p class=\"elementor-image-box-description\">Moduly a promy\u0161len\u00e9 uspo\u0159\u00e1d\u00e1n\u00ed zip\u016f umo\u017e\u0148uj\u00ed p\u0159izp\u016fsobit d\u00e9lku fusaku v\u00fd\u0161ce d\u00edt\u011bte. Univerz\u00e1ln\u00ed otvory pro p\u00e1sy vhodn\u00e9 pro v\u011bt\u0161inu ko\u010d\u00e1rk\u016f, dal\u0161\u00ed \u0159ada otvor\u016f vhodn\u00e1 i pro ko\u010d\u00e1rky s p\u00e1sy pro novorozence. Neomezuje v pohybu, zab\u00edr\u00e1 m\u00e1lo m\u00edsta v ko\u010d\u00e1rku. Ide\u00e1ln\u00ed tak\u00e9 pro \u00fazk\u00e9 ko\u010d\u00e1rky a kompaktn\u00ed seda\u010dky.\r\nVoliteln\u00e1 mo\u017enost pro korbu je 48 cm \u0161irok\u00e1 a 79 cm dlouh\u00e1. Mo\u017enost pro sportovn\u00ed seda\u010dku nebo s\u00e1n\u011b je 48 cm \u0161irok\u00e1, 105 cm dlouh\u00e1<\/p><\/div><\/div>\t\t<\/div>\n\t\t\t\t<\/div>\n\t\t\t\t\t\t<\/div>\n\t\t\t\t\t<\/div>\n\t\t<\/div>\n\t\t\t\t<div class=\"elementor-column elementor-col-50 elementor-top-column elementor-element elementor-element-6f46679\" data-id=\"6f46679\" data-element_type=\"column\">\n\t\t\t<div class=\"elementor-column-wrap elementor-element-populated\">\n\t\t\t\t\t\t\t<div class=\"elementor-widget-wrap\">\n\t\t\t\t\t\t<div class=\"elementor-element elementor-element-c754072 elementor-position-top elementor-vertical-align-top elementor-widget elementor-widget-image-box\" data-id=\"c754072\" data-element_type=\"widget\" data-widget_type=\"image-box.default\">\n\t\t\t\t<div class=\"elementor-widget-container\">\n\t\t\t<div class=\"elementor-image-box-wrapper\"><figure class=\"elementor-image-box-img\"><img width=\"1200\" height=\"800\" src=\"http:\/\/138.197.106.44\/wp-content\/uploads\/2022\/02\/005-x-warm-110-green-sunset-1.jpg\" class=\"attachment-full size-full\" alt=\"\" loading=\"lazy\" \/><\/figure><div class=\"elementor-image-box-content\"><h3 class=\"elementor-image-box-title\">Tepl\u00fd a jemn\u00fd<\/h3><p class=\"elementor-image-box-description\">Vysoce kvalitn\u00ed vnit\u0159n\u00ed tkanina \u0161etrn\u00e1 k poko\u017ece. Sta\u017eeno \u0161\u0148\u016frkami, p\u011bkn\u011b zabaleno v kapuci, vytv\u00e1\u0159ej\u00edc\u00ed p\u011bkn\u00fd a jemn\u00fd kokon. Lehk\u00e1 jako zimn\u00ed sportovn\u00ed bunda<\/p><\/div><\/div>\t\t<\/div>\n\t\t\t\t<\/div>\n\t\t\t\t\t\t<\/div>\n\t\t\t\t\t<\/div>\n\t\t<\/div>\n\t\t\t\t\t\t\t\t<\/div>\n\t\t\t\t\t<\/div>\n\t\t<\/section>\n\t\t\t\t<section class=\"elementor-section elementor-top-section elementor-element elementor-element-ad0aa64 elementor-section-boxed elementor-section-height-default elementor-section-height-default\" data-id=\"ad0aa64\" data-element_type=\"section\">\n\t\t\t\t\t\t<div class=\"elementor-container elementor-column-gap-default\">\n\t\t\t\t\t\t\t<div class=\"elementor-row\">\n\t\t\t\t\t<div class=\"elementor-column elementor-col-50 elementor-top-column elementor-element elementor-element-6bcaf78\" data-id=\"6bcaf78\" data-element_type=\"column\">\n\t\t\t<div class=\"elementor-column-wrap elementor-element-populated\">\n\t\t\t\t\t\t\t<div class=\"elementor-widget-wrap\">\n\t\t\t\t\t\t<div class=\"elementor-element elementor-element-2f2013d elementor-position-top elementor-vertical-align-top elementor-widget elementor-widget-image-box\" data-id=\"2f2013d\" data-element_type=\"widget\" data-widget_type=\"image-box.default\">\n\t\t\t\t<div class=\"elementor-widget-container\">\n\t\t\t<div class=\"elementor-image-box-wrapper\"><figure class=\"elementor-image-box-img\"><img width=\"1200\" height=\"800\" src=\"http:\/\/138.197.106.44\/wp-content\/uploads\/2022\/02\/011-x-warm-110-green-sunset.jpg\" class=\"attachment-full size-full\" alt=\"\" loading=\"lazy\" \/><\/figure><div class=\"elementor-image-box-content\"><h3 class=\"elementor-image-box-title\">Vod\u011bodoln\u00e1 textilie<\/h3><p class=\"elementor-image-box-description\">Lehk\u00fd, kvalitn\u00ed, vod\u011bodoln\u00fd nylon, stejn\u011b jako sportovn\u00ed bundy. Pota\u017een impregnac\u00ed zpomaluje nas\u00e1v\u00e1n\u00ed vody a zaji\u0161\u0165uje rychl\u00e9 schnut\u00ed. Vod\u011bodoln\u00e9 zipy jako u speci\u00e1ln\u00edho outdoorov\u00e9ho oble\u010den\u00ed, v mrazu se nezasek\u00e1vaj\u00ed.<\/p><\/div><\/div>\t\t<\/div>\n\t\t\t\t<\/div>\n\t\t\t\t\t\t<\/div>\n\t\t\t\t\t<\/div>\n\t\t<\/div>\n\t\t\t\t<div class=\"elementor-column elementor-col-50 elementor-top-column elementor-element elementor-element-5f28743\" data-id=\"5f28743\" data-element_type=\"column\">\n\t\t\t<div class=\"elementor-column-wrap elementor-element-populated\">\n\t\t\t\t\t\t\t<div class=\"elementor-widget-wrap\">\n\t\t\t\t\t\t<div class=\"elementor-element elementor-element-82e9ffe elementor-position-top elementor-vertical-align-top elementor-widget elementor-widget-image-box\" data-id=\"82e9ffe\" data-element_type=\"widget\" data-widget_type=\"image-box.default\">\n\t\t\t\t<div class=\"elementor-widget-container\">\n\t\t\t<div class=\"elementor-image-box-wrapper\"><figure class=\"elementor-image-box-img\"><img width=\"1200\" height=\"800\" src=\"http:\/\/138.197.106.44\/wp-content\/uploads\/2022\/02\/014-x-warm-110-green-sunset.jpg\" class=\"attachment-full size-full\" alt=\"\" loading=\"lazy\" \/><\/figure><div class=\"elementor-image-box-content\"><p class=\"elementor-image-box-description\">Protiskluzov\u00fd pruh na spodn\u00ed \u010d\u00e1sti fusaku, kter\u00fd zabra\u0148uje sklouznut\u00ed fusaku ze sed\u00e1ku.<\/p><\/div><\/div>\t\t<\/div>\n\t\t\t\t<\/div>\n\t\t\t\t\t\t<\/div>\n\t\t\t\t\t<\/div>\n\t\t<\/div>\n\t\t\t\t\t\t\t\t<\/div>\n\t\t\t\t\t<\/div>\n\t\t<\/section>\n\t\t\t\t<section class=\"elementor-section elementor-top-section elementor-element elementor-element-7902655 elementor-section-boxed elementor-section-height-default elementor-section-height-default\" data-id=\"7902655\" data-element_type=\"section\">\n\t\t\t\t\t\t<div class=\"elementor-container elementor-column-gap-default\">\n\t\t\t\t\t\t\t<div class=\"elementor-row\">\n\t\t\t\t\t<div class=\"elementor-column elementor-col-50 elementor-top-column elementor-element elementor-element-f480ee9\" data-id=\"f480ee9\" data-element_type=\"column\">\n\t\t\t<div class=\"elementor-column-wrap elementor-element-populated\">\n\t\t\t\t\t\t\t<div class=\"elementor-widget-wrap\">\n\t\t\t\t\t\t<div class=\"elementor-element elementor-element-f65dacf elementor-position-top elementor-vertical-align-top elementor-widget elementor-widget-image-box\" data-id=\"f65dacf\" data-element_type=\"widget\" data-widget_type=\"image-box.default\">\n\t\t\t\t<div class=\"elementor-widget-container\">\n\t\t\t<div class=\"elementor-image-box-wrapper\"><figure class=\"elementor-image-box-img\"><img width=\"1200\" height=\"800\" src=\"http:\/\/138.197.106.44\/wp-content\/uploads\/2022\/02\/017-x-warm-110-green-sunset-1.jpg\" class=\"attachment-full size-full\" alt=\"\" loading=\"lazy\" \/><\/figure><div class=\"elementor-image-box-content\"><h3 class=\"elementor-image-box-title\">Certifikovan\u00e1 tkanina<\/h3><p class=\"elementor-image-box-description\">Antialergick\u00e1 v\u00fdpl\u0148, zabra\u0148uj\u00edc\u00ed rozvoji pl\u00edsn\u00ed a rozto\u010d\u016f. Bezpe\u010dn\u00e9 pro alergiky. Tkaniny bez obsahu ftal\u00e1t\u016f, bezpe\u010dn\u00e9 pro d\u011bti. Pou\u017eit\u00e9 suroviny jsou v souladu s nejnov\u011bj\u0161\u00edmi standardy v d\u011btsk\u00fdch v\u00fdrobc\u00edch<\/p><\/div><\/div>\t\t<\/div>\n\t\t\t\t<\/div>\n\t\t\t\t\t\t<\/div>\n\t\t\t\t\t<\/div>\n\t\t<\/div>\n\t\t\t\t<div class=\"elementor-column elementor-col-50 elementor-top-column elementor-element elementor-element-8423370\" data-id=\"8423370\" data-element_type=\"column\">\n\t\t\t<div class=\"elementor-column-wrap elementor-element-populated\">\n\t\t\t\t\t\t\t<div class=\"elementor-widget-wrap\">\n\t\t\t\t\t\t<div class=\"elementor-element elementor-element-6e4f8c4 elementor-position-top elementor-vertical-align-top elementor-widget elementor-widget-image-box\" data-id=\"6e4f8c4\" data-element_type=\"widget\" data-widget_type=\"image-box.default\">\n\t\t\t\t<div class=\"elementor-widget-container\">\n\t\t\t<div class=\"elementor-image-box-wrapper\"><figure class=\"elementor-image-box-img\"><img width=\"1200\" height=\"800\" src=\"http:\/\/138.197.106.44\/wp-content\/uploads\/2022\/02\/012-x-warm-110-green-sunset.jpg\" class=\"attachment-full size-full\" alt=\"\" loading=\"lazy\" \/><\/figure><div class=\"elementor-image-box-content\"><h3 class=\"elementor-image-box-title\">Promy\u0161len\u00e9 detaily<\/h3><p class=\"elementor-image-box-description\">D\u00edky samostatn\u00fdm, celorozep\u00ednac\u00edm zip\u016fm se fusak zcela otev\u0159e. Usnad\u0148uje to pokl\u00e1d\u00e1n\u00ed d\u00edt\u011bte do ko\u010d\u00e1rku. Zapnut\u00fd zip se nedot\u00fdk\u00e1 poko\u017eky d\u00edt\u011bte - \u0161pi\u010dka zipu pod bradou je zaji\u0161t\u011bna m\u011bkk\u00fdm materi\u00e1lem. Po vstupu do pokoje lze fusak zcela rozepnout, ani\u017e by do\u0161lo k p\u0159eru\u0161en\u00ed sp\u00e1nku d\u00edt\u011bte po proch\u00e1zce. Ve srolovan\u00e9m stavu malink\u00fd, zabere m\u00e1lo m\u00edsta, m\u016f\u017eete si ho br\u00e1t st\u00e1le s sebou. Praktick\u00e9 barvy a funk\u010dn\u00ed design budou fungovat za v\u0161ech podm\u00ednek a umo\u017en\u00ed neomezen\u00e9 pou\u017e\u00edv\u00e1n\u00ed bez ohledu na po\u010das\u00ed.<\/p><\/div><\/div>\t\t<\/div>\n\t\t\t\t<\/div>\n\t\t\t\t\t\t<\/div>\n\t\t\t\t\t<\/div>\n\t\t<\/div>\n\t\t\t\t\t\t\t\t<\/div>\n\t\t\t\t\t<\/div>\n\t\t<\/section>\n\t\t\t\t\t\t\t\t\t<\/div>\n\t\t\t<\/div>\n\t\t\t\t\t<\/div>\n\t\t","protected":false},"excerpt":{"rendered":"<p>Zah\u0159eje stejn\u011b jako lehk\u00e1 a tepl\u00e1 bunda a nic nev\u00e1\u017e\u00ed. Tento fusak je ur\u010den pro teploty od 0 do 10 stup\u0148\u016f. Je inspirov\u00e1n turistick\u00fdmi spac\u00e1ky, u kter\u00fdch je nejd\u016fle\u017eit\u011bj\u0161\u00ed hmotnost a pohodlnost skladov\u00e1n\u00ed. Proto je tento fusak lehk\u00fd jako p\u00edrko a sroluje se do mal\u00e9ho praktick\u00e9ho pytle.<\/p>\n<p>N\u00e1\u0161 fusak je nav\u00edc zv\u011bt\u0161en\u00fd a \u201eroste\u201c s d\u00edt\u011btem, co\u017e znamen\u00e1, \u017ee se vejde do korbi\u010dky s\u00a0miminkem a z\u00e1rove\u0148 poslou\u017e\u00ed i v\u011bt\u0161\u00edmu d\u00edt\u011bti a\u017e do konce doby pou\u017e\u00edv\u00e1n\u00ed sportovn\u00ed seda\u010dky.<\/p>\n","protected":false},"featured_media":37223,"template":"","meta":[],"product_cat":[108,109],"product_tag":[],"woo-feed-brand":[],"acf":[],"yoast_head":"<!-- This site is optimized with the Yoast SEO plugin v18.8 - https:\/\/yoast.com\/wordpress\/plugins\/seo\/ -->\n<title>X-WARM 110 G\/M - X-lander<\/title>\n<meta name=\"robots\" content=\"index, follow, max-snippet:-1, max-image-preview:large, max-video-preview:-1\" \/>\n<link rel=\"canonical\" href=\"http:\/\/138.197.106.44\/cs\/p\/x-warm-110-g-m\" \/>\n<meta property=\"og:locale\" content=\"cs_CZ\" \/>\n<meta property=\"og:type\" content=\"article\" \/>\n<meta property=\"og:title\" content=\"X-WARM 110 G\/M - X-lander\" \/>\n<meta property=\"og:description\" content=\"Zah\u0159eje stejn\u011b jako lehk\u00e1 a tepl\u00e1 bunda a nic nev\u00e1\u017e\u00ed. Tento fusak je ur\u010den pro teploty od 0 do 10 stup\u0148\u016f. Je inspirov\u00e1n turistick\u00fdmi spac\u00e1ky, u kter\u00fdch je nejd\u016fle\u017eit\u011bj\u0161\u00ed hmotnost a pohodlnost skladov\u00e1n\u00ed. Proto je tento fusak lehk\u00fd jako p\u00edrko a sroluje se do mal\u00e9ho praktick\u00e9ho pytle.  N\u00e1\u0161 fusak je nav\u00edc zv\u011bt\u0161en\u00fd a \u201eroste\u201c s d\u00edt\u011btem, co\u017e znamen\u00e1, \u017ee se vejde do korbi\u010dky s\u00a0miminkem a z\u00e1rove\u0148 poslou\u017e\u00ed i v\u011bt\u0161\u00edmu d\u00edt\u011bti a\u017e do konce doby pou\u017e\u00edv\u00e1n\u00ed sportovn\u00ed seda\u010dky.\" \/>\n<meta property=\"og:url\" content=\"http:\/\/138.197.106.44\/cs\/p\/x-warm-110-g-m\" \/>\n<meta property=\"og:site_name\" content=\"X-lander\" \/>\n<meta property=\"article:modified_time\" content=\"2022-05-11T07:32:14+00:00\" \/>\n<meta property=\"og:image\" content=\"http:\/\/138.197.106.44\/wp-content\/uploads\/2022\/02\/x-warm-110-black-lagoon.png\" \/>\n\t<meta property=\"og:image:width\" content=\"800\" \/>\n\t<meta property=\"og:image:height\" content=\"800\" \/>\n\t<meta property=\"og:image:type\" content=\"image\/png\" \/>\n<meta name=\"twitter:card\" content=\"summary_large_image\" \/>\n<meta name=\"twitter:label1\" content=\"Odhadovan\u00e1 doba \u010dten\u00ed\" \/>\n\t<meta name=\"twitter:data1\" content=\"2 minuty\" \/>\n<script type=\"application\/ld+json\" class=\"yoast-schema-graph\">{\"@context\":\"https:\/\/schema.org\",\"@graph\":[{\"@type\":\"WebSite\",\"@id\":\"http:\/\/138.197.106.44\/#website\",\"url\":\"http:\/\/138.197.106.44\/\",\"name\":\"X-lander\",\"description\":\"X-lander \u2013 d\u011btsk\u00e9 ko\u010d\u00e1rky nejvy\u0161\u0161\u00ed kvality pro aktivn\u00ed rodi\u010de. Nab\u00edz\u00edme kombinovan\u00e9 ko\u010d\u00e1rky 3v1, spor\u0165\u00e1ky i ko\u010d\u00e1rky pro b\u011bh. Krom\u011b toho v na\u0161em eshopu najdete tak\u00e9 velk\u00fd v\u00fdb\u011br dopl\u0148k\u016f ke ko\u010d\u00e1rk\u016fm.\",\"potentialAction\":[{\"@type\":\"SearchAction\",\"target\":{\"@type\":\"EntryPoint\",\"urlTemplate\":\"http:\/\/138.197.106.44\/?s={search_term_string}\"},\"query-input\":\"required name=search_term_string\"}],\"inLanguage\":\"cs\"},{\"@type\":\"ImageObject\",\"inLanguage\":\"cs\",\"@id\":\"http:\/\/138.197.106.44\/cs\/p\/x-warm-110-g-m#primaryimage\",\"url\":\"http:\/\/138.197.106.44\/wp-content\/uploads\/2022\/02\/x-warm-110-black-lagoon.png\",\"contentUrl\":\"http:\/\/138.197.106.44\/wp-content\/uploads\/2022\/02\/x-warm-110-black-lagoon.png\",\"width\":800,\"height\":800},{\"@type\":\"WebPage\",\"@id\":\"http:\/\/138.197.106.44\/cs\/p\/x-warm-110-g-m#webpage\",\"url\":\"http:\/\/138.197.106.44\/cs\/p\/x-warm-110-g-m\",\"name\":\"X-WARM 110 G\/M - X-lander\",\"isPartOf\":{\"@id\":\"http:\/\/138.197.106.44\/#website\"},\"primaryImageOfPage\":{\"@id\":\"http:\/\/138.197.106.44\/cs\/p\/x-warm-110-g-m#primaryimage\"},\"datePublished\":\"2021-11-19T11:28:04+00:00\",\"dateModified\":\"2022-05-11T07:32:14+00:00\",\"breadcrumb\":{\"@id\":\"http:\/\/138.197.106.44\/cs\/p\/x-warm-110-g-m#breadcrumb\"},\"inLanguage\":\"cs\",\"potentialAction\":[{\"@type\":\"ReadAction\",\"target\":[\"http:\/\/138.197.106.44\/cs\/p\/x-warm-110-g-m\"]}]},{\"@type\":\"BreadcrumbList\",\"@id\":\"http:\/\/138.197.106.44\/cs\/p\/x-warm-110-g-m#breadcrumb\",\"itemListElement\":[{\"@type\":\"ListItem\",\"position\":1,\"name\":\"Home\",\"item\":\"http:\/\/138.197.106.44\/cs\"},{\"@type\":\"ListItem\",\"position\":2,\"name\":\"Shop\",\"item\":\"http:\/\/138.197.106.44\/cs\/shop-2\"},{\"@type\":\"ListItem\",\"position\":3,\"name\":\"X-WARM 110 G\/M\"}]}]}<\/script>\n<!-- \/ Yoast SEO plugin. -->","yoast_head_json":{"title":"X-WARM 110 G\/M - X-lander","robots":{"index":"index","follow":"follow","max-snippet":"max-snippet:-1","max-image-preview":"max-image-preview:large","max-video-preview":"max-video-preview:-1"},"canonical":"http:\/\/138.197.106.44\/cs\/p\/x-warm-110-g-m","og_locale":"cs_CZ","og_type":"article","og_title":"X-WARM 110 G\/M - X-lander","og_description":"Zah\u0159eje stejn\u011b jako lehk\u00e1 a tepl\u00e1 bunda a nic nev\u00e1\u017e\u00ed. Tento fusak je ur\u010den pro teploty od 0 do 10 stup\u0148\u016f. Je inspirov\u00e1n turistick\u00fdmi spac\u00e1ky, u kter\u00fdch je nejd\u016fle\u017eit\u011bj\u0161\u00ed hmotnost a pohodlnost skladov\u00e1n\u00ed. Proto je tento fusak lehk\u00fd jako p\u00edrko a sroluje se do mal\u00e9ho praktick\u00e9ho pytle.  N\u00e1\u0161 fusak je nav\u00edc zv\u011bt\u0161en\u00fd a \u201eroste\u201c s d\u00edt\u011btem, co\u017e znamen\u00e1, \u017ee se vejde do korbi\u010dky s\u00a0miminkem a z\u00e1rove\u0148 poslou\u017e\u00ed i v\u011bt\u0161\u00edmu d\u00edt\u011bti a\u017e do konce doby pou\u017e\u00edv\u00e1n\u00ed sportovn\u00ed seda\u010dky.","og_url":"http:\/\/138.197.106.44\/cs\/p\/x-warm-110-g-m","og_site_name":"X-lander","article_modified_time":"2022-05-11T07:32:14+00:00","og_image":[{"width":800,"height":800,"url":"http:\/\/138.197.106.44\/wp-content\/uploads\/2022\/02\/x-warm-110-black-lagoon.png","type":"image\/png"}],"twitter_card":"summary_large_image","twitter_misc":{"Odhadovan\u00e1 doba \u010dten\u00ed":"2 minuty"},"schema":{"@context":"https:\/\/schema.org","@graph":[{"@type":"WebSite","@id":"http:\/\/138.197.106.44\/#website","url":"http:\/\/138.197.106.44\/","name":"X-lander","description":"X-lander \u2013 d\u011btsk\u00e9 ko\u010d\u00e1rky nejvy\u0161\u0161\u00ed kvality pro aktivn\u00ed rodi\u010de. Nab\u00edz\u00edme kombinovan\u00e9 ko\u010d\u00e1rky 3v1, spor\u0165\u00e1ky i ko\u010d\u00e1rky pro b\u011bh. Krom\u011b toho v na\u0161em eshopu najdete tak\u00e9 velk\u00fd v\u00fdb\u011br dopl\u0148k\u016f ke ko\u010d\u00e1rk\u016fm.","potentialAction":[{"@type":"SearchAction","target":{"@type":"EntryPoint","urlTemplate":"http:\/\/138.197.106.44\/?s={search_term_string}"},"query-input":"required name=search_term_string"}],"inLanguage":"cs"},{"@type":"ImageObject","inLanguage":"cs","@id":"http:\/\/138.197.106.44\/cs\/p\/x-warm-110-g-m#primaryimage","url":"http:\/\/138.197.106.44\/wp-content\/uploads\/2022\/02\/x-warm-110-black-lagoon.png","contentUrl":"http:\/\/138.197.106.44\/wp-content\/uploads\/2022\/02\/x-warm-110-black-lagoon.png","width":800,"height":800},{"@type":"WebPage","@id":"http:\/\/138.197.106.44\/cs\/p\/x-warm-110-g-m#webpage","url":"http:\/\/138.197.106.44\/cs\/p\/x-warm-110-g-m","name":"X-WARM 110 G\/M - X-lander","isPartOf":{"@id":"http:\/\/138.197.106.44\/#website"},"primaryImageOfPage":{"@id":"http:\/\/138.197.106.44\/cs\/p\/x-warm-110-g-m#primaryimage"},"datePublished":"2021-11-19T11:28:04+00:00","dateModified":"2022-05-11T07:32:14+00:00","breadcrumb":{"@id":"http:\/\/138.197.106.44\/cs\/p\/x-warm-110-g-m#breadcrumb"},"inLanguage":"cs","potentialAction":[{"@type":"ReadAction","target":["http:\/\/138.197.106.44\/cs\/p\/x-warm-110-g-m"]}]},{"@type":"BreadcrumbList","@id":"http:\/\/138.197.106.44\/cs\/p\/x-warm-110-g-m#breadcrumb","itemListElement":[{"@type":"ListItem","position":1,"name":"Home","item":"http:\/\/138.197.106.44\/cs"},{"@type":"ListItem","position":2,"name":"Shop","item":"http:\/\/138.197.106.44\/cs\/shop-2"},{"@type":"ListItem","position":3,"name":"X-WARM 110 G\/M"}]}]}},"_links":{"self":[{"href":"http:\/\/138.197.106.44\/cs\/wp-json\/wp\/v2\/product\/37491"}],"collection":[{"href":"http:\/\/138.197.106.44\/cs\/wp-json\/wp\/v2\/product"}],"about":[{"href":"http:\/\/138.197.106.44\/cs\/wp-json\/wp\/v2\/types\/product"}],"version-history":[{"count":3,"href":"http:\/\/138.197.106.44\/cs\/wp-json\/wp\/v2\/product\/37491\/revisions"}],"predecessor-version":[{"id":37500,"href":"http:\/\/138.197.106.44\/cs\/wp-json\/wp\/v2\/product\/37491\/revisions\/37500"}],"wp:featuredmedia":[{"embeddable":true,"href":"http:\/\/138.197.106.44\/cs\/wp-json\/wp\/v2\/media\/37223"}],"wp:attachment":[{"href":"http:\/\/138.197.106.44\/cs\/wp-json\/wp\/v2\/media?parent=37491"}],"wp:term":[{"taxonomy":"product_cat","embeddable":true,"href":"http:\/\/138.197.106.44\/cs\/wp-json\/wp\/v2\/product_cat?post=37491"},{"taxonomy":"product_tag","embeddable":true,"href":"http:\/\/138.197.106.44\/cs\/wp-json\/wp\/v2\/product_tag?post=37491"},{"taxonomy":"woo-feed-brand","embeddable":true,"href":"http:\/\/138.197.106.44\/cs\/wp-json\/wp\/v2\/woo-feed-brand?post=37491"}],"curies":[{"name":"wp","href":"https:\/\/api.w.org\/{rel}","templated":true}]}}