{"id":14063,"date":"2020-11-22T17:11:20","date_gmt":"2020-11-22T17:11:20","guid":{"rendered":"https:\/\/xl20.vdl.pl\/product\/schlafsack-x-cosy"},"modified":"2021-01-17T20:58:49","modified_gmt":"2021-01-17T20:58:49","slug":"schlafsack-x-cosy","status":"publish","type":"product","link":"http:\/\/138.197.106.44\/de\/p\/schlafsack-x-cosy","title":{"rendered":"X-COSY"},"content":{"rendered":"<p><img loading=\"lazy\" src=\"http:\/\/138.197.106.44\/wp-content\/uploads\/2020\/11\/x-cosy-na-ramie.jpg\" sizes=\"(max-width: 900px) 100vw, 900px\" srcset=\"http:\/\/138.197.106.44\/wp-content\/uploads\/2020\/11\/x-cosy-na-ramie.jpg 900w, http:\/\/138.197.106.44\/wp-content\/uploads\/2020\/11\/x-cosy-na-ramie-300x300.jpg 300w, http:\/\/138.197.106.44\/wp-content\/uploads\/2020\/11\/x-cosy-na-ramie-150x150.jpg 150w, http:\/\/138.197.106.44\/wp-content\/uploads\/2020\/11\/x-cosy-na-ramie-768x768.jpg 768w, http:\/\/138.197.106.44\/wp-content\/uploads\/2020\/11\/x-cosy-na-ramie-700x700.jpg 700w, http:\/\/138.197.106.44\/wp-content\/uploads\/2020\/11\/x-cosy-na-ramie-400x400.jpg 400w, http:\/\/138.197.106.44\/wp-content\/uploads\/2020\/11\/x-cosy-na-ramie-600x600.jpg 600w, http:\/\/138.197.106.44\/wp-content\/uploads\/2020\/11\/x-cosy-na-ramie-100x100.jpg 100w\" alt=\"\" width=\"900\" height=\"900\" \/><\/p>\n<h2>Schlafsack- sichere und praktische L\u00f6sung f\u00fcr Buggys<\/h2>\n<p>X-Cosy ist ein \u00e4u\u00dferst leichter, aber gleichzeitig warmer Schlafsack f\u00fcr alle Buggys der Marke X-lander. Dank seiner Gr\u00f6\u00dfe l\u00e4sst er sich auf die komplette Sitzfl\u00e4che ausbreiten und gew\u00e4hrleistet dem Kind perfekten Schutz vor Wind und K\u00e4lte. Der Innenraum wurde mit weichem und warmem Fleece gepolstert. Gurtschlitze und Magnetbefestigung f\u00fcr den Sicherheitsb\u00fcgel lassen den Sack stabil anbringen und beugen das Runterrutschen vor- maximale Sicherheit f\u00fcr Ihr Kind und praktische L\u00f6sung f\u00fcr Sie. Im Gegensatz zu einer Decke, wird sich das Kind nicht alleine aufdecken k\u00f6nnen. Ein langer Rei\u00dfverschluss in der Mitte erm\u00f6glicht einen guten Zugang und l\u00e4sst Ihr Kind schnell aus dem Kinderwagen rausnehmen. Es ist sehr praktisch, wenn man dem Kind an k\u00e4lteren Tagen mehrere Kleidungsschichten nicht anziehen muss. Der Schlafsack l\u00e4sst sich schnell zusammenrollen und dank beigef\u00fcgter Aufbewahrungstasche in Rucksackform platzsparend im Kinderwagen verstauen oder bequem am R\u00fccken tragen. Wenn Sie jedoch einen Schlafsack f\u00fcr eisige Wintertage suchen, k\u00f6nnen Sie sich gerne X-CUDDLE anschauen.<\/p>\n","protected":false},"excerpt":{"rendered":"<p>Ein Schlafsack f\u00fcr k\u00e4ltere Tage im Fr\u00fchling und Herbst. Das robuste Obermaterial sch\u00fctzt das Kind vor Wind und Regen. Das weiche Innenfutter aus Fleece sorgt f\u00fcr angenehme W\u00e4rme und Schlafkomfort. Der Fu\u00dfsack passt zu allen Kinderwagenmodellen X-lander mit dem Sportsitz. Gurtschlitze und Magnetbefestigung f\u00fcr den Sicherheitsb\u00fcgel lassen den Sack stabil anbringen und beugen das Runterrutschen vor. Ein langer Rei\u00dfverschluss in der Mitte erm\u00f6glicht einen guten Zugang zum Kind.<\/p>\n","protected":false},"featured_media":1148,"template":"","meta":[],"product_cat":[128,127],"product_tag":[],"woo-feed-brand":[],"acf":[],"yoast_head":"<!-- This site is optimized with the Yoast SEO plugin v18.8 - https:\/\/yoast.com\/wordpress\/plugins\/seo\/ -->\n<title>X-COSY - X-lander<\/title>\n<meta name=\"robots\" content=\"index, follow, max-snippet:-1, max-image-preview:large, max-video-preview:-1\" \/>\n<link rel=\"canonical\" href=\"http:\/\/138.197.106.44\/de\/p\/schlafsack-x-cosy\" \/>\n<meta property=\"og:locale\" content=\"de_DE\" \/>\n<meta property=\"og:type\" content=\"article\" \/>\n<meta property=\"og:title\" content=\"X-COSY - X-lander\" \/>\n<meta property=\"og:description\" content=\"Ein Schlafsack f\u00fcr k\u00e4ltere Tage im Fr\u00fchling und Herbst. Das robuste Obermaterial sch\u00fctzt das Kind vor Wind und Regen. Das weiche Innenfutter aus Fleece sorgt f\u00fcr angenehme W\u00e4rme und Schlafkomfort. Der Fu\u00dfsack passt zu allen Kinderwagenmodellen X-lander mit dem Sportsitz. Gurtschlitze und Magnetbefestigung f\u00fcr den Sicherheitsb\u00fcgel lassen den Sack stabil anbringen und beugen das Runterrutschen vor. Ein langer Rei\u00dfverschluss in der Mitte erm\u00f6glicht einen guten Zugang zum Kind.\" \/>\n<meta property=\"og:url\" content=\"http:\/\/138.197.106.44\/de\/p\/schlafsack-x-cosy\" \/>\n<meta property=\"og:site_name\" content=\"X-lander\" \/>\n<meta property=\"article:modified_time\" content=\"2021-01-17T20:58:49+00:00\" \/>\n<meta property=\"og:image\" content=\"http:\/\/138.197.106.44\/wp-content\/uploads\/2020\/11\/x-cosy-1.png\" \/>\n\t<meta property=\"og:image:width\" content=\"900\" \/>\n\t<meta property=\"og:image:height\" content=\"900\" \/>\n\t<meta property=\"og:image:type\" content=\"image\/png\" \/>\n<meta name=\"twitter:card\" content=\"summary_large_image\" \/>\n<meta name=\"twitter:label1\" content=\"Gesch\u00e4tzte Lesezeit\" \/>\n\t<meta name=\"twitter:data1\" content=\"1\u00a0Minute\" \/>\n<script type=\"application\/ld+json\" class=\"yoast-schema-graph\">{\"@context\":\"https:\/\/schema.org\",\"@graph\":[{\"@type\":\"WebSite\",\"@id\":\"http:\/\/138.197.106.44\/#website\",\"url\":\"http:\/\/138.197.106.44\/\",\"name\":\"X-lander\",\"description\":\"X-lander bedeutet hochqualitative Kinderwagen f\u00fcr aktive Eltern. Wir empfehlen sowohl Kombikinderwagen 3in1 als auch Buggys oder Jogging-Kinderwagen. \u00dcberdies finden Sie auch in unserem Online-Shop zahlreiche Kinderwagen-Zubeh\u00f6r.\",\"potentialAction\":[{\"@type\":\"SearchAction\",\"target\":{\"@type\":\"EntryPoint\",\"urlTemplate\":\"http:\/\/138.197.106.44\/?s={search_term_string}\"},\"query-input\":\"required name=search_term_string\"}],\"inLanguage\":\"de\"},{\"@type\":\"ImageObject\",\"inLanguage\":\"de\",\"@id\":\"http:\/\/138.197.106.44\/de\/p\/schlafsack-x-cosy#primaryimage\",\"url\":\"http:\/\/138.197.106.44\/wp-content\/uploads\/2020\/11\/x-cosy-1.png\",\"contentUrl\":\"http:\/\/138.197.106.44\/wp-content\/uploads\/2020\/11\/x-cosy-1.png\",\"width\":900,\"height\":900},{\"@type\":\"WebPage\",\"@id\":\"http:\/\/138.197.106.44\/de\/p\/schlafsack-x-cosy#webpage\",\"url\":\"http:\/\/138.197.106.44\/de\/p\/schlafsack-x-cosy\",\"name\":\"X-COSY - X-lander\",\"isPartOf\":{\"@id\":\"http:\/\/138.197.106.44\/#website\"},\"primaryImageOfPage\":{\"@id\":\"http:\/\/138.197.106.44\/de\/p\/schlafsack-x-cosy#primaryimage\"},\"datePublished\":\"2020-11-22T17:11:20+00:00\",\"dateModified\":\"2021-01-17T20:58:49+00:00\",\"breadcrumb\":{\"@id\":\"http:\/\/138.197.106.44\/de\/p\/schlafsack-x-cosy#breadcrumb\"},\"inLanguage\":\"de\",\"potentialAction\":[{\"@type\":\"ReadAction\",\"target\":[\"http:\/\/138.197.106.44\/de\/p\/schlafsack-x-cosy\"]}]},{\"@type\":\"BreadcrumbList\",\"@id\":\"http:\/\/138.197.106.44\/de\/p\/schlafsack-x-cosy#breadcrumb\",\"itemListElement\":[{\"@type\":\"ListItem\",\"position\":1,\"name\":\"Home\",\"item\":\"http:\/\/138.197.106.44\/de\/\"},{\"@type\":\"ListItem\",\"position\":2,\"name\":\"Shop\",\"item\":\"http:\/\/138.197.106.44\/de\/shop-2\/\"},{\"@type\":\"ListItem\",\"position\":3,\"name\":\"X-COSY\"}]}]}<\/script>\n<!-- \/ Yoast SEO plugin. -->","yoast_head_json":{"title":"X-COSY - X-lander","robots":{"index":"index","follow":"follow","max-snippet":"max-snippet:-1","max-image-preview":"max-image-preview:large","max-video-preview":"max-video-preview:-1"},"canonical":"http:\/\/138.197.106.44\/de\/p\/schlafsack-x-cosy","og_locale":"de_DE","og_type":"article","og_title":"X-COSY - X-lander","og_description":"Ein Schlafsack f\u00fcr k\u00e4ltere Tage im Fr\u00fchling und Herbst. Das robuste Obermaterial sch\u00fctzt das Kind vor Wind und Regen. Das weiche Innenfutter aus Fleece sorgt f\u00fcr angenehme W\u00e4rme und Schlafkomfort. Der Fu\u00dfsack passt zu allen Kinderwagenmodellen X-lander mit dem Sportsitz. Gurtschlitze und Magnetbefestigung f\u00fcr den Sicherheitsb\u00fcgel lassen den Sack stabil anbringen und beugen das Runterrutschen vor. Ein langer Rei\u00dfverschluss in der Mitte erm\u00f6glicht einen guten Zugang zum Kind.","og_url":"http:\/\/138.197.106.44\/de\/p\/schlafsack-x-cosy","og_site_name":"X-lander","article_modified_time":"2021-01-17T20:58:49+00:00","og_image":[{"width":900,"height":900,"url":"http:\/\/138.197.106.44\/wp-content\/uploads\/2020\/11\/x-cosy-1.png","type":"image\/png"}],"twitter_card":"summary_large_image","twitter_misc":{"Gesch\u00e4tzte Lesezeit":"1\u00a0Minute"},"schema":{"@context":"https:\/\/schema.org","@graph":[{"@type":"WebSite","@id":"http:\/\/138.197.106.44\/#website","url":"http:\/\/138.197.106.44\/","name":"X-lander","description":"X-lander bedeutet hochqualitative Kinderwagen f\u00fcr aktive Eltern. Wir empfehlen sowohl Kombikinderwagen 3in1 als auch Buggys oder Jogging-Kinderwagen. \u00dcberdies finden Sie auch in unserem Online-Shop zahlreiche Kinderwagen-Zubeh\u00f6r.","potentialAction":[{"@type":"SearchAction","target":{"@type":"EntryPoint","urlTemplate":"http:\/\/138.197.106.44\/?s={search_term_string}"},"query-input":"required name=search_term_string"}],"inLanguage":"de"},{"@type":"ImageObject","inLanguage":"de","@id":"http:\/\/138.197.106.44\/de\/p\/schlafsack-x-cosy#primaryimage","url":"http:\/\/138.197.106.44\/wp-content\/uploads\/2020\/11\/x-cosy-1.png","contentUrl":"http:\/\/138.197.106.44\/wp-content\/uploads\/2020\/11\/x-cosy-1.png","width":900,"height":900},{"@type":"WebPage","@id":"http:\/\/138.197.106.44\/de\/p\/schlafsack-x-cosy#webpage","url":"http:\/\/138.197.106.44\/de\/p\/schlafsack-x-cosy","name":"X-COSY - X-lander","isPartOf":{"@id":"http:\/\/138.197.106.44\/#website"},"primaryImageOfPage":{"@id":"http:\/\/138.197.106.44\/de\/p\/schlafsack-x-cosy#primaryimage"},"datePublished":"2020-11-22T17:11:20+00:00","dateModified":"2021-01-17T20:58:49+00:00","breadcrumb":{"@id":"http:\/\/138.197.106.44\/de\/p\/schlafsack-x-cosy#breadcrumb"},"inLanguage":"de","potentialAction":[{"@type":"ReadAction","target":["http:\/\/138.197.106.44\/de\/p\/schlafsack-x-cosy"]}]},{"@type":"BreadcrumbList","@id":"http:\/\/138.197.106.44\/de\/p\/schlafsack-x-cosy#breadcrumb","itemListElement":[{"@type":"ListItem","position":1,"name":"Home","item":"http:\/\/138.197.106.44\/de\/"},{"@type":"ListItem","position":2,"name":"Shop","item":"http:\/\/138.197.106.44\/de\/shop-2\/"},{"@type":"ListItem","position":3,"name":"X-COSY"}]}]}},"_links":{"self":[{"href":"http:\/\/138.197.106.44\/de\/wp-json\/wp\/v2\/product\/14063"}],"collection":[{"href":"http:\/\/138.197.106.44\/de\/wp-json\/wp\/v2\/product"}],"about":[{"href":"http:\/\/138.197.106.44\/de\/wp-json\/wp\/v2\/types\/product"}],"version-history":[{"count":5,"href":"http:\/\/138.197.106.44\/de\/wp-json\/wp\/v2\/product\/14063\/revisions"}],"predecessor-version":[{"id":15957,"href":"http:\/\/138.197.106.44\/de\/wp-json\/wp\/v2\/product\/14063\/revisions\/15957"}],"wp:featuredmedia":[{"embeddable":true,"href":"http:\/\/138.197.106.44\/de\/wp-json\/wp\/v2\/media\/1148"}],"wp:attachment":[{"href":"http:\/\/138.197.106.44\/de\/wp-json\/wp\/v2\/media?parent=14063"}],"wp:term":[{"taxonomy":"product_cat","embeddable":true,"href":"http:\/\/138.197.106.44\/de\/wp-json\/wp\/v2\/product_cat?post=14063"},{"taxonomy":"product_tag","embeddable":true,"href":"http:\/\/138.197.106.44\/de\/wp-json\/wp\/v2\/product_tag?post=14063"},{"taxonomy":"woo-feed-brand","embeddable":true,"href":"http:\/\/138.197.106.44\/de\/wp-json\/wp\/v2\/woo-feed-brand?post=14063"}],"curies":[{"name":"wp","href":"https:\/\/api.w.org\/{rel}","templated":true}]}}