{"id":14131,"date":"2020-11-22T17:11:14","date_gmt":"2020-11-22T17:11:14","guid":{"rendered":"https:\/\/xl20.vdl.pl\/product\/x-boo"},"modified":"2022-04-27T08:26:26","modified_gmt":"2022-04-27T06:26:26","slug":"x-boo","status":"publish","type":"product","link":"http:\/\/138.197.106.44\/de\/p\/x-boo","title":{"rendered":"X-BOO"},"content":{"rendered":"\t\t<div data-elementor-type=\"product-post\" data-elementor-id=\"14131\" class=\"elementor elementor-14131 elementor-1366\">\n\t\t\t\t\t\t<div class=\"elementor-inner\">\n\t\t\t\t<div class=\"elementor-section-wrap\">\n\t\t\t\t\t\t\t\t\t<section class=\"elementor-section elementor-top-section elementor-element elementor-element-40b68d90 elementor-section-boxed elementor-section-height-default elementor-section-height-default\" data-id=\"40b68d90\" data-element_type=\"section\">\n\t\t\t\t\t\t<div class=\"elementor-container elementor-column-gap-default\">\n\t\t\t\t\t\t\t<div class=\"elementor-row\">\n\t\t\t\t\t<div class=\"elementor-column elementor-col-50 elementor-top-column elementor-element elementor-element-6c8fdbd6\" data-id=\"6c8fdbd6\" data-element_type=\"column\">\n\t\t\t<div class=\"elementor-column-wrap elementor-element-populated\">\n\t\t\t\t\t\t\t<div class=\"elementor-widget-wrap\">\n\t\t\t\t\t\t<div class=\"elementor-element elementor-element-38690e3d elementor-widget elementor-widget-image\" data-id=\"38690e3d\" data-element_type=\"widget\" data-widget_type=\"image.default\">\n\t\t\t\t<div class=\"elementor-widget-container\">\n\t\t\t\t\t\t\t\t<div class=\"elementor-image\">\n\t\t\t\t\t\t\t\t\t\t\t\t<img width=\"1024\" height=\"988\" src=\"http:\/\/138.197.106.44\/wp-content\/uploads\/2020\/11\/kocyki_male_kwadrat_Easy-Resize.com_1_-1024x988.jpg\" class=\"attachment-large size-large\" alt=\"\" loading=\"lazy\" srcset=\"http:\/\/138.197.106.44\/wp-content\/uploads\/2020\/11\/kocyki_male_kwadrat_Easy-Resize.com_1_-1024x988.jpg 1024w, http:\/\/138.197.106.44\/wp-content\/uploads\/2020\/11\/kocyki_male_kwadrat_Easy-Resize.com_1_-600x579.jpg 600w, http:\/\/138.197.106.44\/wp-content\/uploads\/2020\/11\/kocyki_male_kwadrat_Easy-Resize.com_1_-300x289.jpg 300w, http:\/\/138.197.106.44\/wp-content\/uploads\/2020\/11\/kocyki_male_kwadrat_Easy-Resize.com_1_-768x741.jpg 768w, http:\/\/138.197.106.44\/wp-content\/uploads\/2020\/11\/kocyki_male_kwadrat_Easy-Resize.com_1_.jpg 1244w\" sizes=\"(max-width: 1024px) 100vw, 1024px\" \/>\t\t\t\t\t\t\t\t\t\t\t\t\t\t<\/div>\n\t\t\t\t\t\t<\/div>\n\t\t\t\t<\/div>\n\t\t\t\t\t\t<\/div>\n\t\t\t\t\t<\/div>\n\t\t<\/div>\n\t\t\t\t<div class=\"elementor-column elementor-col-50 elementor-top-column elementor-element elementor-element-2ebaf54f\" data-id=\"2ebaf54f\" data-element_type=\"column\">\n\t\t\t<div class=\"elementor-column-wrap elementor-element-populated\">\n\t\t\t\t\t\t\t<div class=\"elementor-widget-wrap\">\n\t\t\t\t\t\t<div class=\"elementor-element elementor-element-797dfd6c elementor-widget elementor-widget-heading\" data-id=\"797dfd6c\" data-element_type=\"widget\" data-widget_type=\"heading.default\">\n\t\t\t\t<div class=\"elementor-widget-container\">\n\t\t\t<h2 class=\"elementor-heading-title elementor-size-default\">Eigenschaften X-Boo<\/h2>\t\t<\/div>\n\t\t\t\t<\/div>\n\t\t\t\t<div class=\"elementor-element elementor-element-5c162277 elementor-widget elementor-widget-text-editor\" data-id=\"5c162277\" data-element_type=\"widget\" data-widget_type=\"text-editor.default\">\n\t\t\t\t<div class=\"elementor-widget-container\">\n\t\t\t\t\t\t\t\t<div class=\"elementor-text-editor elementor-clearfix\">\n\t\t\t\t<ul>\n<li><span data-sheets-value=\"{&quot;1&quot;:2,&quot;2&quot;:&quot;Das aus Naturfasern (Bambus und Baumwolle) ausgef\u00fchrtes Produkt ist in 100% nat\u00fcrlich und babyhautfreundlich. &quot;}\" data-sheets-userformat=\"{&quot;2&quot;:448,&quot;9&quot;:0,&quot;10&quot;:1,&quot;11&quot;:4}\">Das aus Naturfasern (Bambus und Baumwolle) ausgef\u00fchrtes Produkt ist in 100% nat\u00fcrlich und babyhautfreundlich. <\/span><\/li>\n<li><span data-sheets-value=\"{&quot;1&quot;:2,&quot;2&quot;:&quot;Die Babydecke wurde aus 50% Baumwolle und 50% Bambus hergestellt. Die Bambusfasern haben antibakterielle, anitiallergische und Antipilz-Eigenschaften. &quot;}\" data-sheets-userformat=\"{&quot;2&quot;:448,&quot;9&quot;:0,&quot;10&quot;:1,&quot;11&quot;:4}\">Die Babydecke wurde aus 50% Baumwolle und 50% Bambus hergestellt. Die Bambusfasern haben antibakterielle, anitiallergische und Antipilz-Eigenschaften. <\/span><\/li>\n<li><span data-sheets-value=\"{&quot;1&quot;:2,&quot;2&quot;:&quot;Das Produkt ist f\u00fcr Neugeborene und Kinder mit atopischem Ekzem empfohlen, wegen der Eigenschaften von Bambus-Fasern, die sich in 30% selbst sterilisieren. &quot;}\" data-sheets-userformat=\"{&quot;2&quot;:448,&quot;9&quot;:0,&quot;10&quot;:1,&quot;11&quot;:4}\">Das Produkt ist f\u00fcr Neugeborene und Kinder mit atopischem Ekzem empfohlen, wegen der Eigenschaften von Bambus-Fasern, die sich in 30% selbst sterilisieren. <\/span><\/li>\n<li><span data-sheets-value=\"{&quot;1&quot;:2,&quot;2&quot;:&quot;Das Garn, aus dem die Decke hergestellt wurde, hat thermoregulierende Eigenschaften. Auf diese Weise verhindert es die \u00dcberhitzung des Babys, ist atmungsaktiv und leitet die Feuchtigkeit ab. &quot;}\" data-sheets-userformat=\"{&quot;2&quot;:448,&quot;9&quot;:0,&quot;10&quot;:1,&quot;11&quot;:4}\">Das Garn, aus dem die Decke hergestellt wurde, hat thermoregulierende Eigenschaften. Auf diese Weise verhindert es die \u00dcberhitzung des Babys, ist atmungsaktiv und leitet die Feuchtigkeit ab. <\/span><\/li>\n<li><span data-sheets-value=\"{&quot;1&quot;:2,&quot;2&quot;:&quot;Gefertigt nach anspruchsvoller Norm oeko-tex standard 100, die die Sicherheit der verwendeten Rohstoffe garantiert.&quot;}\" data-sheets-userformat=\"{&quot;2&quot;:448,&quot;9&quot;:0,&quot;10&quot;:1,&quot;11&quot;:4}\">Gefertigt nach anspruchsvoller Norm oeko-tex standard 100, die die Sicherheit der verwendeten Rohstoffe garantiert.<\/span><\/li>\n<\/ul>\n<p><span data-sheets-value=\"{&quot;1&quot;:2,&quot;2&quot;:&quot;Die Bambus-Decken sind einen Pflichtpunkt auf einer Erstaustattung-Checkliste. Das ist eine wunderbare Geschenkidee f\u00fcr ein Neugeborene. Dank der universellen Verwendung und neutralen, modischen Farben befinden sich oft die Babydecken auf der Geschenkliste f\u00fcr die Babyparty oder in der Erstausstattung. &quot;}\" data-sheets-userformat=\"{&quot;2&quot;:448,&quot;9&quot;:0,&quot;10&quot;:1,&quot;11&quot;:4}\">Die Bambus-Decken sind einen Pflichtpunkt auf einer Erstaustattung-Checkliste. Das ist eine wunderbare Geschenkidee f\u00fcr ein Neugeborene. Dank der universellen Verwendung und neutralen, modischen Farben befinden sich oft die Babydecken auf der Geschenkliste f\u00fcr die Babyparty oder in der Erstausstattung. <\/span><\/p>\n\t\t\t\t\t<\/div>\n\t\t\t\t\t\t<\/div>\n\t\t\t\t<\/div>\n\t\t\t\t\t\t<\/div>\n\t\t\t\t\t<\/div>\n\t\t<\/div>\n\t\t\t\t\t\t\t\t<\/div>\n\t\t\t\t\t<\/div>\n\t\t<\/section>\n\t\t\t\t\t\t\t\t\t<\/div>\n\t\t\t<\/div>\n\t\t\t\t\t<\/div>\n\t\t","protected":false},"excerpt":{"rendered":"<p class=\"short-desc-h2\">Weich und warm. Die Babydecke aus nat\u00fcrlichen Materialien f\u00fcllt sich angenehm an. Es ist auch sehr wichtig zu betonen, dass die Materialien die antibakteriellen und antiallegrischen Eigenschaften haben. Dank der Mischung von Baumwolle und Bambusfassern ist die Decke weich und kuschelig. Die wundersch\u00f6ne Bindung passt sowohl zu einem Kinderwagen als auch zum Kinderzimmer. X-Boo Decke wird mit Sorge um jedes Detail gen\u00e4ht. Deswegen erf\u00fcllen sie die h\u00f6chsten Textilnormen \u2013 \u00d6ko-Tex Standard 100.<\/p>\n<p>Ma\u00dfe:\u00a0<strong>80\u00d7100<\/strong><br \/>\nStoffgewicht:\u00a0<strong>370 g\/m\u00b2<\/strong><br \/>\nMaterialzusammensetzung: \u00a0<strong>50% Viskose (Bambus), 50% Baumwolle<\/strong><\/p>\n","protected":false},"featured_media":30909,"template":"","meta":[],"product_cat":[134,127],"product_tag":[],"woo-feed-brand":[],"acf":[],"yoast_head":"<!-- This site is optimized with the Yoast SEO plugin v18.8 - https:\/\/yoast.com\/wordpress\/plugins\/seo\/ -->\n<title>X-BOO - X-lander<\/title>\n<meta name=\"robots\" content=\"index, follow, max-snippet:-1, max-image-preview:large, max-video-preview:-1\" \/>\n<link rel=\"canonical\" href=\"http:\/\/138.197.106.44\/de\/p\/x-boo\" \/>\n<meta property=\"og:locale\" content=\"de_DE\" \/>\n<meta property=\"og:type\" content=\"article\" \/>\n<meta property=\"og:title\" content=\"X-BOO - X-lander\" \/>\n<meta property=\"og:description\" content=\"Weich und warm. Die Babydecke aus nat\u00fcrlichen Materialien f\u00fcllt sich angenehm an. Es ist auch sehr wichtig zu betonen, dass die Materialien die antibakteriellen und antiallegrischen Eigenschaften haben. Dank der Mischung von Baumwolle und Bambusfassern ist die Decke weich und kuschelig. Die wundersch\u00f6ne Bindung passt sowohl zu einem Kinderwagen als auch zum Kinderzimmer. X-Boo Decke wird mit Sorge um jedes Detail gen\u00e4ht. Deswegen erf\u00fcllen sie die h\u00f6chsten Textilnormen \u2013 \u00d6ko-Tex Standard 100. Ma\u00dfe:\u00a080\u00d7100 Stoffgewicht:\u00a0370 g\/m\u00b2 Materialzusammensetzung: \u00a050% Viskose (Bambus), 50% Baumwolle\" \/>\n<meta property=\"og:url\" content=\"http:\/\/138.197.106.44\/de\/p\/x-boo\" \/>\n<meta property=\"og:site_name\" content=\"X-lander\" \/>\n<meta property=\"article:modified_time\" content=\"2022-04-27T06:26:26+00:00\" \/>\n<meta property=\"og:image\" content=\"http:\/\/138.197.106.44\/wp-content\/uploads\/2020\/11\/x-boo.png\" \/>\n\t<meta property=\"og:image:width\" content=\"1280\" \/>\n\t<meta property=\"og:image:height\" content=\"853\" \/>\n\t<meta property=\"og:image:type\" content=\"image\/png\" \/>\n<meta name=\"twitter:card\" content=\"summary_large_image\" \/>\n<meta name=\"twitter:label1\" content=\"Gesch\u00e4tzte Lesezeit\" \/>\n\t<meta name=\"twitter:data1\" content=\"1\u00a0Minute\" \/>\n<script type=\"application\/ld+json\" class=\"yoast-schema-graph\">{\"@context\":\"https:\/\/schema.org\",\"@graph\":[{\"@type\":\"WebSite\",\"@id\":\"http:\/\/138.197.106.44\/#website\",\"url\":\"http:\/\/138.197.106.44\/\",\"name\":\"X-lander\",\"description\":\"X-lander bedeutet hochqualitative Kinderwagen f\u00fcr aktive Eltern. Wir empfehlen sowohl Kombikinderwagen 3in1 als auch Buggys oder Jogging-Kinderwagen. \u00dcberdies finden Sie auch in unserem Online-Shop zahlreiche Kinderwagen-Zubeh\u00f6r.\",\"potentialAction\":[{\"@type\":\"SearchAction\",\"target\":{\"@type\":\"EntryPoint\",\"urlTemplate\":\"http:\/\/138.197.106.44\/?s={search_term_string}\"},\"query-input\":\"required name=search_term_string\"}],\"inLanguage\":\"de\"},{\"@type\":\"ImageObject\",\"inLanguage\":\"de\",\"@id\":\"http:\/\/138.197.106.44\/de\/p\/x-boo#primaryimage\",\"url\":\"http:\/\/138.197.106.44\/wp-content\/uploads\/2020\/11\/x-boo.png\",\"contentUrl\":\"http:\/\/138.197.106.44\/wp-content\/uploads\/2020\/11\/x-boo.png\",\"width\":1280,\"height\":853},{\"@type\":\"WebPage\",\"@id\":\"http:\/\/138.197.106.44\/de\/p\/x-boo#webpage\",\"url\":\"http:\/\/138.197.106.44\/de\/p\/x-boo\",\"name\":\"X-BOO - X-lander\",\"isPartOf\":{\"@id\":\"http:\/\/138.197.106.44\/#website\"},\"primaryImageOfPage\":{\"@id\":\"http:\/\/138.197.106.44\/de\/p\/x-boo#primaryimage\"},\"datePublished\":\"2020-11-22T17:11:14+00:00\",\"dateModified\":\"2022-04-27T06:26:26+00:00\",\"breadcrumb\":{\"@id\":\"http:\/\/138.197.106.44\/de\/p\/x-boo#breadcrumb\"},\"inLanguage\":\"de\",\"potentialAction\":[{\"@type\":\"ReadAction\",\"target\":[\"http:\/\/138.197.106.44\/de\/p\/x-boo\"]}]},{\"@type\":\"BreadcrumbList\",\"@id\":\"http:\/\/138.197.106.44\/de\/p\/x-boo#breadcrumb\",\"itemListElement\":[{\"@type\":\"ListItem\",\"position\":1,\"name\":\"Home\",\"item\":\"http:\/\/138.197.106.44\/de\/\"},{\"@type\":\"ListItem\",\"position\":2,\"name\":\"Shop\",\"item\":\"http:\/\/138.197.106.44\/de\/shop-2\/\"},{\"@type\":\"ListItem\",\"position\":3,\"name\":\"X-BOO\"}]}]}<\/script>\n<!-- \/ Yoast SEO plugin. -->","yoast_head_json":{"title":"X-BOO - X-lander","robots":{"index":"index","follow":"follow","max-snippet":"max-snippet:-1","max-image-preview":"max-image-preview:large","max-video-preview":"max-video-preview:-1"},"canonical":"http:\/\/138.197.106.44\/de\/p\/x-boo","og_locale":"de_DE","og_type":"article","og_title":"X-BOO - X-lander","og_description":"Weich und warm. Die Babydecke aus nat\u00fcrlichen Materialien f\u00fcllt sich angenehm an. Es ist auch sehr wichtig zu betonen, dass die Materialien die antibakteriellen und antiallegrischen Eigenschaften haben. Dank der Mischung von Baumwolle und Bambusfassern ist die Decke weich und kuschelig. Die wundersch\u00f6ne Bindung passt sowohl zu einem Kinderwagen als auch zum Kinderzimmer. X-Boo Decke wird mit Sorge um jedes Detail gen\u00e4ht. Deswegen erf\u00fcllen sie die h\u00f6chsten Textilnormen \u2013 \u00d6ko-Tex Standard 100. Ma\u00dfe:\u00a080\u00d7100 Stoffgewicht:\u00a0370 g\/m\u00b2 Materialzusammensetzung: \u00a050% Viskose (Bambus), 50% Baumwolle","og_url":"http:\/\/138.197.106.44\/de\/p\/x-boo","og_site_name":"X-lander","article_modified_time":"2022-04-27T06:26:26+00:00","og_image":[{"width":1280,"height":853,"url":"http:\/\/138.197.106.44\/wp-content\/uploads\/2020\/11\/x-boo.png","type":"image\/png"}],"twitter_card":"summary_large_image","twitter_misc":{"Gesch\u00e4tzte Lesezeit":"1\u00a0Minute"},"schema":{"@context":"https:\/\/schema.org","@graph":[{"@type":"WebSite","@id":"http:\/\/138.197.106.44\/#website","url":"http:\/\/138.197.106.44\/","name":"X-lander","description":"X-lander bedeutet hochqualitative Kinderwagen f\u00fcr aktive Eltern. Wir empfehlen sowohl Kombikinderwagen 3in1 als auch Buggys oder Jogging-Kinderwagen. \u00dcberdies finden Sie auch in unserem Online-Shop zahlreiche Kinderwagen-Zubeh\u00f6r.","potentialAction":[{"@type":"SearchAction","target":{"@type":"EntryPoint","urlTemplate":"http:\/\/138.197.106.44\/?s={search_term_string}"},"query-input":"required name=search_term_string"}],"inLanguage":"de"},{"@type":"ImageObject","inLanguage":"de","@id":"http:\/\/138.197.106.44\/de\/p\/x-boo#primaryimage","url":"http:\/\/138.197.106.44\/wp-content\/uploads\/2020\/11\/x-boo.png","contentUrl":"http:\/\/138.197.106.44\/wp-content\/uploads\/2020\/11\/x-boo.png","width":1280,"height":853},{"@type":"WebPage","@id":"http:\/\/138.197.106.44\/de\/p\/x-boo#webpage","url":"http:\/\/138.197.106.44\/de\/p\/x-boo","name":"X-BOO - X-lander","isPartOf":{"@id":"http:\/\/138.197.106.44\/#website"},"primaryImageOfPage":{"@id":"http:\/\/138.197.106.44\/de\/p\/x-boo#primaryimage"},"datePublished":"2020-11-22T17:11:14+00:00","dateModified":"2022-04-27T06:26:26+00:00","breadcrumb":{"@id":"http:\/\/138.197.106.44\/de\/p\/x-boo#breadcrumb"},"inLanguage":"de","potentialAction":[{"@type":"ReadAction","target":["http:\/\/138.197.106.44\/de\/p\/x-boo"]}]},{"@type":"BreadcrumbList","@id":"http:\/\/138.197.106.44\/de\/p\/x-boo#breadcrumb","itemListElement":[{"@type":"ListItem","position":1,"name":"Home","item":"http:\/\/138.197.106.44\/de\/"},{"@type":"ListItem","position":2,"name":"Shop","item":"http:\/\/138.197.106.44\/de\/shop-2\/"},{"@type":"ListItem","position":3,"name":"X-BOO"}]}]}},"_links":{"self":[{"href":"http:\/\/138.197.106.44\/de\/wp-json\/wp\/v2\/product\/14131"}],"collection":[{"href":"http:\/\/138.197.106.44\/de\/wp-json\/wp\/v2\/product"}],"about":[{"href":"http:\/\/138.197.106.44\/de\/wp-json\/wp\/v2\/types\/product"}],"version-history":[{"count":2,"href":"http:\/\/138.197.106.44\/de\/wp-json\/wp\/v2\/product\/14131\/revisions"}],"predecessor-version":[{"id":15524,"href":"http:\/\/138.197.106.44\/de\/wp-json\/wp\/v2\/product\/14131\/revisions\/15524"}],"wp:featuredmedia":[{"embeddable":true,"href":"http:\/\/138.197.106.44\/de\/wp-json\/wp\/v2\/media\/30909"}],"wp:attachment":[{"href":"http:\/\/138.197.106.44\/de\/wp-json\/wp\/v2\/media?parent=14131"}],"wp:term":[{"taxonomy":"product_cat","embeddable":true,"href":"http:\/\/138.197.106.44\/de\/wp-json\/wp\/v2\/product_cat?post=14131"},{"taxonomy":"product_tag","embeddable":true,"href":"http:\/\/138.197.106.44\/de\/wp-json\/wp\/v2\/product_tag?post=14131"},{"taxonomy":"woo-feed-brand","embeddable":true,"href":"http:\/\/138.197.106.44\/de\/wp-json\/wp\/v2\/woo-feed-brand?post=14131"}],"curies":[{"name":"wp","href":"https:\/\/api.w.org\/{rel}","templated":true}]}}