{"id":15585,"date":"2020-11-22T17:11:16","date_gmt":"2020-11-22T17:11:16","guid":{"rendered":"http:\/\/138.197.106.44\/p\/hinterrad"},"modified":"2022-04-08T11:26:46","modified_gmt":"2022-04-08T09:26:46","slug":"hinterrad","status":"publish","type":"product","link":"http:\/\/138.197.106.44\/de\/p\/hinterrad","title":{"rendered":"HINTERRAD (ALLE MODELLE)"},"content":{"rendered":"","protected":false},"excerpt":{"rendered":"<p><b>X-Move<\/b> &#8211; kompatibel mit allen Modellen der X-Move Kinderwagen seit Beginn seiner Produktion, Felgefarbe &#8211; gun metal.<br \/>\n<b>X-Pulse<\/b> &#8211; kompatibel mit den Kinderwagen ab Produktionsjahr 2016, Felgenfarbe &#8211; anthrazit.<br \/>\n<b>X-Cite<\/b> &#8211; kompatibel mit allen Modellen X-Cite Kinderwagen seit Beginn seiner Produktion, Felgenfarbe &#8211; anthrazit.<\/p>\n","protected":false},"featured_media":988,"template":"","meta":[],"product_cat":[138],"product_tag":[],"woo-feed-brand":[],"acf":[],"yoast_head":"<!-- This site is optimized with the Yoast SEO plugin v18.8 - https:\/\/yoast.com\/wordpress\/plugins\/seo\/ -->\n<title>HINTERRAD (ALLE MODELLE) - X-lander<\/title>\n<meta name=\"robots\" content=\"index, follow, max-snippet:-1, max-image-preview:large, max-video-preview:-1\" \/>\n<link rel=\"canonical\" href=\"http:\/\/138.197.106.44\/de\/p\/hinterrad\" \/>\n<meta property=\"og:locale\" content=\"de_DE\" \/>\n<meta property=\"og:type\" content=\"article\" \/>\n<meta property=\"og:title\" content=\"HINTERRAD (ALLE MODELLE) - X-lander\" \/>\n<meta property=\"og:description\" content=\"X-Move - kompatibel mit allen Modellen der X-Move Kinderwagen seit Beginn seiner Produktion, Felgefarbe - gun metal. X-Pulse - kompatibel mit den Kinderwagen ab Produktionsjahr 2016, Felgenfarbe - anthrazit. X-Cite - kompatibel mit allen Modellen X-Cite Kinderwagen seit Beginn seiner Produktion, Felgenfarbe - anthrazit.\" \/>\n<meta property=\"og:url\" content=\"http:\/\/138.197.106.44\/de\/p\/hinterrad\" \/>\n<meta property=\"og:site_name\" content=\"X-lander\" \/>\n<meta property=\"article:modified_time\" content=\"2022-04-08T09:26:46+00:00\" \/>\n<meta property=\"og:image\" content=\"http:\/\/138.197.106.44\/wp-content\/uploads\/2020\/11\/x-move_ty_-min_1.png\" \/>\n\t<meta property=\"og:image:width\" content=\"1200\" \/>\n\t<meta property=\"og:image:height\" content=\"1200\" \/>\n\t<meta property=\"og:image:type\" content=\"image\/png\" \/>\n<meta name=\"twitter:card\" content=\"summary_large_image\" \/>\n<script type=\"application\/ld+json\" class=\"yoast-schema-graph\">{\"@context\":\"https:\/\/schema.org\",\"@graph\":[{\"@type\":\"WebSite\",\"@id\":\"http:\/\/138.197.106.44\/#website\",\"url\":\"http:\/\/138.197.106.44\/\",\"name\":\"X-lander\",\"description\":\"X-lander bedeutet hochqualitative Kinderwagen f\u00fcr aktive Eltern. Wir empfehlen sowohl Kombikinderwagen 3in1 als auch Buggys oder Jogging-Kinderwagen. \u00dcberdies finden Sie auch in unserem Online-Shop zahlreiche Kinderwagen-Zubeh\u00f6r.\",\"potentialAction\":[{\"@type\":\"SearchAction\",\"target\":{\"@type\":\"EntryPoint\",\"urlTemplate\":\"http:\/\/138.197.106.44\/?s={search_term_string}\"},\"query-input\":\"required name=search_term_string\"}],\"inLanguage\":\"de\"},{\"@type\":\"ImageObject\",\"inLanguage\":\"de\",\"@id\":\"http:\/\/138.197.106.44\/de\/p\/hinterrad#primaryimage\",\"url\":\"http:\/\/138.197.106.44\/wp-content\/uploads\/2020\/11\/x-move_ty_-min_1.png\",\"contentUrl\":\"http:\/\/138.197.106.44\/wp-content\/uploads\/2020\/11\/x-move_ty_-min_1.png\",\"width\":1200,\"height\":1200},{\"@type\":\"WebPage\",\"@id\":\"http:\/\/138.197.106.44\/de\/p\/hinterrad#webpage\",\"url\":\"http:\/\/138.197.106.44\/de\/p\/hinterrad\",\"name\":\"HINTERRAD (ALLE MODELLE) - X-lander\",\"isPartOf\":{\"@id\":\"http:\/\/138.197.106.44\/#website\"},\"primaryImageOfPage\":{\"@id\":\"http:\/\/138.197.106.44\/de\/p\/hinterrad#primaryimage\"},\"datePublished\":\"2020-11-22T17:11:16+00:00\",\"dateModified\":\"2022-04-08T09:26:46+00:00\",\"breadcrumb\":{\"@id\":\"http:\/\/138.197.106.44\/de\/p\/hinterrad#breadcrumb\"},\"inLanguage\":\"de\",\"potentialAction\":[{\"@type\":\"ReadAction\",\"target\":[\"http:\/\/138.197.106.44\/de\/p\/hinterrad\"]}]},{\"@type\":\"BreadcrumbList\",\"@id\":\"http:\/\/138.197.106.44\/de\/p\/hinterrad#breadcrumb\",\"itemListElement\":[{\"@type\":\"ListItem\",\"position\":1,\"name\":\"Home\",\"item\":\"http:\/\/138.197.106.44\/de\/\"},{\"@type\":\"ListItem\",\"position\":2,\"name\":\"Shop\",\"item\":\"http:\/\/138.197.106.44\/de\/shop-2\/\"},{\"@type\":\"ListItem\",\"position\":3,\"name\":\"HINTERRAD (ALLE MODELLE)\"}]}]}<\/script>\n<!-- \/ Yoast SEO plugin. -->","yoast_head_json":{"title":"HINTERRAD (ALLE MODELLE) - X-lander","robots":{"index":"index","follow":"follow","max-snippet":"max-snippet:-1","max-image-preview":"max-image-preview:large","max-video-preview":"max-video-preview:-1"},"canonical":"http:\/\/138.197.106.44\/de\/p\/hinterrad","og_locale":"de_DE","og_type":"article","og_title":"HINTERRAD (ALLE MODELLE) - X-lander","og_description":"X-Move - kompatibel mit allen Modellen der X-Move Kinderwagen seit Beginn seiner Produktion, Felgefarbe - gun metal. X-Pulse - kompatibel mit den Kinderwagen ab Produktionsjahr 2016, Felgenfarbe - anthrazit. X-Cite - kompatibel mit allen Modellen X-Cite Kinderwagen seit Beginn seiner Produktion, Felgenfarbe - anthrazit.","og_url":"http:\/\/138.197.106.44\/de\/p\/hinterrad","og_site_name":"X-lander","article_modified_time":"2022-04-08T09:26:46+00:00","og_image":[{"width":1200,"height":1200,"url":"http:\/\/138.197.106.44\/wp-content\/uploads\/2020\/11\/x-move_ty_-min_1.png","type":"image\/png"}],"twitter_card":"summary_large_image","schema":{"@context":"https:\/\/schema.org","@graph":[{"@type":"WebSite","@id":"http:\/\/138.197.106.44\/#website","url":"http:\/\/138.197.106.44\/","name":"X-lander","description":"X-lander bedeutet hochqualitative Kinderwagen f\u00fcr aktive Eltern. Wir empfehlen sowohl Kombikinderwagen 3in1 als auch Buggys oder Jogging-Kinderwagen. \u00dcberdies finden Sie auch in unserem Online-Shop zahlreiche Kinderwagen-Zubeh\u00f6r.","potentialAction":[{"@type":"SearchAction","target":{"@type":"EntryPoint","urlTemplate":"http:\/\/138.197.106.44\/?s={search_term_string}"},"query-input":"required name=search_term_string"}],"inLanguage":"de"},{"@type":"ImageObject","inLanguage":"de","@id":"http:\/\/138.197.106.44\/de\/p\/hinterrad#primaryimage","url":"http:\/\/138.197.106.44\/wp-content\/uploads\/2020\/11\/x-move_ty_-min_1.png","contentUrl":"http:\/\/138.197.106.44\/wp-content\/uploads\/2020\/11\/x-move_ty_-min_1.png","width":1200,"height":1200},{"@type":"WebPage","@id":"http:\/\/138.197.106.44\/de\/p\/hinterrad#webpage","url":"http:\/\/138.197.106.44\/de\/p\/hinterrad","name":"HINTERRAD (ALLE MODELLE) - X-lander","isPartOf":{"@id":"http:\/\/138.197.106.44\/#website"},"primaryImageOfPage":{"@id":"http:\/\/138.197.106.44\/de\/p\/hinterrad#primaryimage"},"datePublished":"2020-11-22T17:11:16+00:00","dateModified":"2022-04-08T09:26:46+00:00","breadcrumb":{"@id":"http:\/\/138.197.106.44\/de\/p\/hinterrad#breadcrumb"},"inLanguage":"de","potentialAction":[{"@type":"ReadAction","target":["http:\/\/138.197.106.44\/de\/p\/hinterrad"]}]},{"@type":"BreadcrumbList","@id":"http:\/\/138.197.106.44\/de\/p\/hinterrad#breadcrumb","itemListElement":[{"@type":"ListItem","position":1,"name":"Home","item":"http:\/\/138.197.106.44\/de\/"},{"@type":"ListItem","position":2,"name":"Shop","item":"http:\/\/138.197.106.44\/de\/shop-2\/"},{"@type":"ListItem","position":3,"name":"HINTERRAD (ALLE MODELLE)"}]}]}},"_links":{"self":[{"href":"http:\/\/138.197.106.44\/de\/wp-json\/wp\/v2\/product\/15585"}],"collection":[{"href":"http:\/\/138.197.106.44\/de\/wp-json\/wp\/v2\/product"}],"about":[{"href":"http:\/\/138.197.106.44\/de\/wp-json\/wp\/v2\/types\/product"}],"version-history":[{"count":0,"href":"http:\/\/138.197.106.44\/de\/wp-json\/wp\/v2\/product\/15585\/revisions"}],"wp:featuredmedia":[{"embeddable":true,"href":"http:\/\/138.197.106.44\/de\/wp-json\/wp\/v2\/media\/988"}],"wp:attachment":[{"href":"http:\/\/138.197.106.44\/de\/wp-json\/wp\/v2\/media?parent=15585"}],"wp:term":[{"taxonomy":"product_cat","embeddable":true,"href":"http:\/\/138.197.106.44\/de\/wp-json\/wp\/v2\/product_cat?post=15585"},{"taxonomy":"product_tag","embeddable":true,"href":"http:\/\/138.197.106.44\/de\/wp-json\/wp\/v2\/product_tag?post=15585"},{"taxonomy":"woo-feed-brand","embeddable":true,"href":"http:\/\/138.197.106.44\/de\/wp-json\/wp\/v2\/woo-feed-brand?post=15585"}],"curies":[{"name":"wp","href":"https:\/\/api.w.org\/{rel}","templated":true}]}}