{"id":15634,"date":"2020-11-22T17:11:16","date_gmt":"2020-11-22T17:11:16","guid":{"rendered":"http:\/\/138.197.106.44\/p\/moskitonetz"},"modified":"2021-06-28T17:39:01","modified_gmt":"2021-06-28T15:39:01","slug":"moskitonetz","status":"publish","type":"product","link":"http:\/\/138.197.106.44\/de\/p\/moskitonetz","title":{"rendered":"MOSKITONETZ (ALLE MODELLE)"},"content":{"rendered":"","protected":false},"excerpt":{"rendered":"<p>Die Schutz aus Netz, die den Insekten den Zugang zu dem Buggyinnerraum verhindert. Mit Hilfe von Druckkn\u00f6pfen montiert.<\/p>\n","protected":false},"featured_media":39273,"template":"","meta":[],"product_cat":[138],"product_tag":[],"woo-feed-brand":[],"acf":[],"yoast_head":"<!-- This site is optimized with the Yoast SEO plugin v18.8 - https:\/\/yoast.com\/wordpress\/plugins\/seo\/ -->\n<title>MOSKITONETZ (ALLE MODELLE) - X-lander<\/title>\n<meta name=\"robots\" content=\"index, follow, max-snippet:-1, max-image-preview:large, max-video-preview:-1\" \/>\n<link rel=\"canonical\" href=\"http:\/\/138.197.106.44\/de\/p\/moskitonetz\" \/>\n<meta property=\"og:locale\" content=\"de_DE\" \/>\n<meta property=\"og:type\" content=\"article\" \/>\n<meta property=\"og:title\" content=\"MOSKITONETZ (ALLE MODELLE) - X-lander\" \/>\n<meta property=\"og:description\" content=\"Die Schutz aus Netz, die den Insekten den Zugang zu dem Buggyinnerraum verhindert. Mit Hilfe von Druckkn\u00f6pfen montiert.\" \/>\n<meta property=\"og:url\" content=\"http:\/\/138.197.106.44\/de\/p\/moskitonetz\" \/>\n<meta property=\"og:site_name\" content=\"X-lander\" \/>\n<meta property=\"article:modified_time\" content=\"2021-06-28T15:39:01+00:00\" \/>\n<meta property=\"og:image\" content=\"http:\/\/138.197.106.44\/wp-content\/uploads\/2020\/11\/x-move_moskitiera-min_1.png\" \/>\n\t<meta property=\"og:image:width\" content=\"1200\" \/>\n\t<meta property=\"og:image:height\" content=\"1200\" \/>\n\t<meta property=\"og:image:type\" content=\"image\/png\" \/>\n<meta name=\"twitter:card\" content=\"summary_large_image\" \/>\n<script type=\"application\/ld+json\" class=\"yoast-schema-graph\">{\"@context\":\"https:\/\/schema.org\",\"@graph\":[{\"@type\":\"WebSite\",\"@id\":\"http:\/\/138.197.106.44\/#website\",\"url\":\"http:\/\/138.197.106.44\/\",\"name\":\"X-lander\",\"description\":\"X-lander bedeutet hochqualitative Kinderwagen f\u00fcr aktive Eltern. Wir empfehlen sowohl Kombikinderwagen 3in1 als auch Buggys oder Jogging-Kinderwagen. \u00dcberdies finden Sie auch in unserem Online-Shop zahlreiche Kinderwagen-Zubeh\u00f6r.\",\"potentialAction\":[{\"@type\":\"SearchAction\",\"target\":{\"@type\":\"EntryPoint\",\"urlTemplate\":\"http:\/\/138.197.106.44\/?s={search_term_string}\"},\"query-input\":\"required name=search_term_string\"}],\"inLanguage\":\"de\"},{\"@type\":\"ImageObject\",\"inLanguage\":\"de\",\"@id\":\"http:\/\/138.197.106.44\/de\/p\/moskitonetz#primaryimage\",\"url\":\"http:\/\/138.197.106.44\/wp-content\/uploads\/2020\/11\/x-move_moskitieraduch.png\",\"contentUrl\":\"http:\/\/138.197.106.44\/wp-content\/uploads\/2020\/11\/x-move_moskitieraduch.png\",\"width\":1200,\"height\":1200},{\"@type\":\"WebPage\",\"@id\":\"http:\/\/138.197.106.44\/de\/p\/moskitonetz#webpage\",\"url\":\"http:\/\/138.197.106.44\/de\/p\/moskitonetz\",\"name\":\"MOSKITONETZ (ALLE MODELLE) - X-lander\",\"isPartOf\":{\"@id\":\"http:\/\/138.197.106.44\/#website\"},\"primaryImageOfPage\":{\"@id\":\"http:\/\/138.197.106.44\/de\/p\/moskitonetz#primaryimage\"},\"datePublished\":\"2020-11-22T17:11:16+00:00\",\"dateModified\":\"2021-06-28T15:39:01+00:00\",\"breadcrumb\":{\"@id\":\"http:\/\/138.197.106.44\/de\/p\/moskitonetz#breadcrumb\"},\"inLanguage\":\"de\",\"potentialAction\":[{\"@type\":\"ReadAction\",\"target\":[\"http:\/\/138.197.106.44\/de\/p\/moskitonetz\"]}]},{\"@type\":\"BreadcrumbList\",\"@id\":\"http:\/\/138.197.106.44\/de\/p\/moskitonetz#breadcrumb\",\"itemListElement\":[{\"@type\":\"ListItem\",\"position\":1,\"name\":\"Home\",\"item\":\"http:\/\/138.197.106.44\/de\/\"},{\"@type\":\"ListItem\",\"position\":2,\"name\":\"Shop\",\"item\":\"http:\/\/138.197.106.44\/de\/shop-2\/\"},{\"@type\":\"ListItem\",\"position\":3,\"name\":\"MOSKITONETZ (ALLE MODELLE)\"}]}]}<\/script>\n<!-- \/ Yoast SEO plugin. -->","yoast_head_json":{"title":"MOSKITONETZ (ALLE MODELLE) - X-lander","robots":{"index":"index","follow":"follow","max-snippet":"max-snippet:-1","max-image-preview":"max-image-preview:large","max-video-preview":"max-video-preview:-1"},"canonical":"http:\/\/138.197.106.44\/de\/p\/moskitonetz","og_locale":"de_DE","og_type":"article","og_title":"MOSKITONETZ (ALLE MODELLE) - X-lander","og_description":"Die Schutz aus Netz, die den Insekten den Zugang zu dem Buggyinnerraum verhindert. Mit Hilfe von Druckkn\u00f6pfen montiert.","og_url":"http:\/\/138.197.106.44\/de\/p\/moskitonetz","og_site_name":"X-lander","article_modified_time":"2021-06-28T15:39:01+00:00","og_image":[{"width":1200,"height":1200,"url":"http:\/\/138.197.106.44\/wp-content\/uploads\/2020\/11\/x-move_moskitiera-min_1.png","type":"image\/png"}],"twitter_card":"summary_large_image","schema":{"@context":"https:\/\/schema.org","@graph":[{"@type":"WebSite","@id":"http:\/\/138.197.106.44\/#website","url":"http:\/\/138.197.106.44\/","name":"X-lander","description":"X-lander bedeutet hochqualitative Kinderwagen f\u00fcr aktive Eltern. Wir empfehlen sowohl Kombikinderwagen 3in1 als auch Buggys oder Jogging-Kinderwagen. \u00dcberdies finden Sie auch in unserem Online-Shop zahlreiche Kinderwagen-Zubeh\u00f6r.","potentialAction":[{"@type":"SearchAction","target":{"@type":"EntryPoint","urlTemplate":"http:\/\/138.197.106.44\/?s={search_term_string}"},"query-input":"required name=search_term_string"}],"inLanguage":"de"},{"@type":"ImageObject","inLanguage":"de","@id":"http:\/\/138.197.106.44\/de\/p\/moskitonetz#primaryimage","url":"http:\/\/138.197.106.44\/wp-content\/uploads\/2020\/11\/x-move_moskitieraduch.png","contentUrl":"http:\/\/138.197.106.44\/wp-content\/uploads\/2020\/11\/x-move_moskitieraduch.png","width":1200,"height":1200},{"@type":"WebPage","@id":"http:\/\/138.197.106.44\/de\/p\/moskitonetz#webpage","url":"http:\/\/138.197.106.44\/de\/p\/moskitonetz","name":"MOSKITONETZ (ALLE MODELLE) - X-lander","isPartOf":{"@id":"http:\/\/138.197.106.44\/#website"},"primaryImageOfPage":{"@id":"http:\/\/138.197.106.44\/de\/p\/moskitonetz#primaryimage"},"datePublished":"2020-11-22T17:11:16+00:00","dateModified":"2021-06-28T15:39:01+00:00","breadcrumb":{"@id":"http:\/\/138.197.106.44\/de\/p\/moskitonetz#breadcrumb"},"inLanguage":"de","potentialAction":[{"@type":"ReadAction","target":["http:\/\/138.197.106.44\/de\/p\/moskitonetz"]}]},{"@type":"BreadcrumbList","@id":"http:\/\/138.197.106.44\/de\/p\/moskitonetz#breadcrumb","itemListElement":[{"@type":"ListItem","position":1,"name":"Home","item":"http:\/\/138.197.106.44\/de\/"},{"@type":"ListItem","position":2,"name":"Shop","item":"http:\/\/138.197.106.44\/de\/shop-2\/"},{"@type":"ListItem","position":3,"name":"MOSKITONETZ (ALLE MODELLE)"}]}]}},"_links":{"self":[{"href":"http:\/\/138.197.106.44\/de\/wp-json\/wp\/v2\/product\/15634"}],"collection":[{"href":"http:\/\/138.197.106.44\/de\/wp-json\/wp\/v2\/product"}],"about":[{"href":"http:\/\/138.197.106.44\/de\/wp-json\/wp\/v2\/types\/product"}],"version-history":[{"count":0,"href":"http:\/\/138.197.106.44\/de\/wp-json\/wp\/v2\/product\/15634\/revisions"}],"wp:featuredmedia":[{"embeddable":true,"href":"http:\/\/138.197.106.44\/de\/wp-json\/wp\/v2\/media\/39273"}],"wp:attachment":[{"href":"http:\/\/138.197.106.44\/de\/wp-json\/wp\/v2\/media?parent=15634"}],"wp:term":[{"taxonomy":"product_cat","embeddable":true,"href":"http:\/\/138.197.106.44\/de\/wp-json\/wp\/v2\/product_cat?post=15634"},{"taxonomy":"product_tag","embeddable":true,"href":"http:\/\/138.197.106.44\/de\/wp-json\/wp\/v2\/product_tag?post=15634"},{"taxonomy":"woo-feed-brand","embeddable":true,"href":"http:\/\/138.197.106.44\/de\/wp-json\/wp\/v2\/woo-feed-brand?post=15634"}],"curies":[{"name":"wp","href":"https:\/\/api.w.org\/{rel}","templated":true}]}}