{"id":36169,"date":"2021-11-19T15:52:53","date_gmt":"2021-11-19T14:52:53","guid":{"rendered":"http:\/\/138.197.106.44\/p\/x-warm-230g"},"modified":"2022-04-24T10:27:39","modified_gmt":"2022-04-24T08:27:39","slug":"x-warm-230g","status":"publish","type":"product","link":"http:\/\/138.197.106.44\/de\/p\/x-warm-230g","title":{"rendered":"X-WARM 230 G\/M"},"content":{"rendered":"\t\t<div data-elementor-type=\"product-post\" data-elementor-id=\"36169\" class=\"elementor elementor-36169 elementor-36025\">\n\t\t\t\t\t\t<div class=\"elementor-inner\">\n\t\t\t\t<div class=\"elementor-section-wrap\">\n\t\t\t\t\t\t\t\t\t<section class=\"elementor-section elementor-top-section elementor-element elementor-element-ca92598 elementor-section-boxed elementor-section-height-default elementor-section-height-default\" data-id=\"ca92598\" data-element_type=\"section\">\n\t\t\t\t\t\t<div class=\"elementor-container elementor-column-gap-default\">\n\t\t\t\t\t\t\t<div class=\"elementor-row\">\n\t\t\t\t\t<div class=\"elementor-column elementor-col-100 elementor-top-column elementor-element elementor-element-d6f502d\" data-id=\"d6f502d\" data-element_type=\"column\">\n\t\t\t<div class=\"elementor-column-wrap elementor-element-populated\">\n\t\t\t\t\t\t\t<div class=\"elementor-widget-wrap\">\n\t\t\t\t\t\t<div class=\"elementor-element elementor-element-adcccd6 elementor-widget elementor-widget-heading\" data-id=\"adcccd6\" data-element_type=\"widget\" data-widget_type=\"heading.default\">\n\t\t\t\t<div class=\"elementor-widget-container\">\n\t\t\t<h2 class=\"elementor-heading-title elementor-size-default\">Eigenschaften<\/h2>\t\t<\/div>\n\t\t\t\t<\/div>\n\t\t\t\t<div class=\"elementor-element elementor-element-41615c7 elementor-widget elementor-widget-toggle\" data-id=\"41615c7\" data-element_type=\"widget\" data-widget_type=\"toggle.default\">\n\t\t\t\t<div class=\"elementor-widget-container\">\n\t\t\t\t\t<div class=\"elementor-toggle\" role=\"tablist\">\n\t\t\t\t\t\t\t<div class=\"elementor-toggle-item\">\n\t\t\t\t\t<div id=\"elementor-tab-title-6851\" class=\"elementor-tab-title\" data-tab=\"1\" role=\"tab\" aria-controls=\"elementor-tab-content-6851\" aria-expanded=\"false\">\n\t\t\t\t\t\t\t\t\t\t\t\t<span class=\"elementor-toggle-icon elementor-toggle-icon-left\" aria-hidden=\"true\">\n\t\t\t\t\t\t\t\t\t\t\t\t\t\t\t<span class=\"elementor-toggle-icon-closed\"><i class=\"fas fa-caret-right\"><\/i><\/span>\n\t\t\t\t\t\t\t\t<span class=\"elementor-toggle-icon-opened\"><i class=\"elementor-toggle-icon-opened fas fa-caret-up\"><\/i><\/span>\n\t\t\t\t\t\t\t\t\t\t\t\t\t<\/span>\n\t\t\t\t\t\t\t\t\t\t\t\t<a href=\"\" class=\"elementor-toggle-title\">Gr\u00f6\u00dfeeinstellung<\/a>\n\t\t\t\t\t<\/div>\n\n\t\t\t\t\t<div id=\"elementor-tab-content-6851\" class=\"elementor-tab-content elementor-clearfix\" data-tab=\"1\" role=\"tabpanel\" aria-labelledby=\"elementor-tab-title-6851\"><p><img loading=\"lazy\" class=\"alignnone wp-image-36104 size-medium\" src=\"http:\/\/138.197.106.44\/wp-content\/uploads\/2021\/11\/re-size-300x300.jpg\" alt=\"\" width=\"300\" height=\"300\" srcset=\"http:\/\/138.197.106.44\/wp-content\/uploads\/2021\/11\/re-size-300x300.jpg 300w, http:\/\/138.197.106.44\/wp-content\/uploads\/2021\/11\/re-size-100x100.jpg 100w, http:\/\/138.197.106.44\/wp-content\/uploads\/2021\/11\/re-size-600x600.jpg 600w, http:\/\/138.197.106.44\/wp-content\/uploads\/2021\/11\/re-size-1024x1024.jpg 1024w, http:\/\/138.197.106.44\/wp-content\/uploads\/2021\/11\/re-size-150x150.jpg 150w, http:\/\/138.197.106.44\/wp-content\/uploads\/2021\/11\/re-size-768x768.jpg 768w, http:\/\/138.197.106.44\/wp-content\/uploads\/2021\/11\/re-size-1536x1536.jpg 1536w, http:\/\/138.197.106.44\/wp-content\/uploads\/2021\/11\/re-size-2048x2048.jpg 2048w, http:\/\/138.197.106.44\/wp-content\/uploads\/2021\/11\/re-size-700x700.jpg 700w, http:\/\/138.197.106.44\/wp-content\/uploads\/2021\/11\/re-size-400x400.jpg 400w\" sizes=\"(max-width: 300px) 100vw, 300px\" \/><\/p>\n<p>Die Module und die durchdachte Anordnung der Rei\u00dfverschl\u00fcsse lassen die L\u00e4nge des Schlafsacks an die K\u00f6rpergr\u00f6\u00dfe des Kindes anzupassen. Universelle G\u00fcrtell\u00f6cher passend f\u00fcr die meisten Kinderwagen, zus\u00e4tzliche Lochreihe auch f\u00fcr Kinderwagen mit Gurten f\u00fcr Neugeborene geeignet. Er schr\u00e4nkt die Bewegung nicht ein, nimmt wenig Platz im Kinderwagen ein. Perfekt f\u00fcr schmale Kinderwagen und kompakte Sitze.<\/p>\n<p>&#8211; Optional f\u00fcr die Babywanne: Breite 48 cm, L\u00e4nge 79 cm<\/p>\n<p>&#8211; Option f\u00fcr einen Sportwagenaufsatz oder einen Schlitten: Breite 48 cm, L\u00e4nge 105 cm<\/p>\n<\/div>\n\t\t\t\t<\/div>\n\t\t\t\t\t\t\t<div class=\"elementor-toggle-item\">\n\t\t\t\t\t<div id=\"elementor-tab-title-6852\" class=\"elementor-tab-title\" data-tab=\"2\" role=\"tab\" aria-controls=\"elementor-tab-content-6852\" aria-expanded=\"false\">\n\t\t\t\t\t\t\t\t\t\t\t\t<span class=\"elementor-toggle-icon elementor-toggle-icon-left\" aria-hidden=\"true\">\n\t\t\t\t\t\t\t\t\t\t\t\t\t\t\t<span class=\"elementor-toggle-icon-closed\"><i class=\"fas fa-caret-right\"><\/i><\/span>\n\t\t\t\t\t\t\t\t<span class=\"elementor-toggle-icon-opened\"><i class=\"elementor-toggle-icon-opened fas fa-caret-up\"><\/i><\/span>\n\t\t\t\t\t\t\t\t\t\t\t\t\t<\/span>\n\t\t\t\t\t\t\t\t\t\t\t\t<a href=\"\" class=\"elementor-toggle-title\">Warm und zart<\/a>\n\t\t\t\t\t<\/div>\n\n\t\t\t\t\t<div id=\"elementor-tab-content-6852\" class=\"elementor-tab-content elementor-clearfix\" data-tab=\"2\" role=\"tabpanel\" aria-labelledby=\"elementor-tab-title-6852\"><p><img loading=\"lazy\" class=\"alignnone wp-image-36108 size-medium\" src=\"http:\/\/138.197.106.44\/wp-content\/uploads\/2021\/11\/008-x-warm-230-green-lagoon-1-300x200.jpg\" alt=\"\" width=\"300\" height=\"200\" srcset=\"http:\/\/138.197.106.44\/wp-content\/uploads\/2021\/11\/008-x-warm-230-green-lagoon-1-300x200.jpg 300w, http:\/\/138.197.106.44\/wp-content\/uploads\/2021\/11\/008-x-warm-230-green-lagoon-1-600x400.jpg 600w, http:\/\/138.197.106.44\/wp-content\/uploads\/2021\/11\/008-x-warm-230-green-lagoon-1-1024x683.jpg 1024w, http:\/\/138.197.106.44\/wp-content\/uploads\/2021\/11\/008-x-warm-230-green-lagoon-1-768x512.jpg 768w, http:\/\/138.197.106.44\/wp-content\/uploads\/2021\/11\/008-x-warm-230-green-lagoon-1.jpg 1200w\" sizes=\"(max-width: 300px) 100vw, 300px\" \/><\/p>\n<p>Hochwertiges und hautfreundliches Innenmaterial. Kordelzug, gut umh\u00fcllende Kapuze, die einen sch\u00f6nen und zarten Kokon bildet.<\/p>\n<p>Warm und d\u00fcnn wie eine Wintersportjacke.<\/p>\n<ul>\n<li>Wasserfestes Material<\/li>\n<\/ul>\n<p>Leichtes, hochwertiges, wasserabweisendes Nylon, wie bei Sportjacken. Mit Impr\u00e4gnierung \u00fcberzogen, verlangsamt es die Wasseraufnahme und sorgt f\u00fcr eine schnelle Trocknung. Wasserdichte, abgedeckte Rei\u00dfverschl\u00fcsse wie bei spezieller Outdoorbekleidung<\/p>\n<\/div>\n\t\t\t\t<\/div>\n\t\t\t\t\t\t\t<div class=\"elementor-toggle-item\">\n\t\t\t\t\t<div id=\"elementor-tab-title-6853\" class=\"elementor-tab-title\" data-tab=\"3\" role=\"tab\" aria-controls=\"elementor-tab-content-6853\" aria-expanded=\"false\">\n\t\t\t\t\t\t\t\t\t\t\t\t<span class=\"elementor-toggle-icon elementor-toggle-icon-left\" aria-hidden=\"true\">\n\t\t\t\t\t\t\t\t\t\t\t\t\t\t\t<span class=\"elementor-toggle-icon-closed\"><i class=\"fas fa-caret-right\"><\/i><\/span>\n\t\t\t\t\t\t\t\t<span class=\"elementor-toggle-icon-opened\"><i class=\"elementor-toggle-icon-opened fas fa-caret-up\"><\/i><\/span>\n\t\t\t\t\t\t\t\t\t\t\t\t\t<\/span>\n\t\t\t\t\t\t\t\t\t\t\t\t<a href=\"\" class=\"elementor-toggle-title\">Rutschfester Aufn\u00e4her<\/a>\n\t\t\t\t\t<\/div>\n\n\t\t\t\t\t<div id=\"elementor-tab-content-6853\" class=\"elementor-tab-content elementor-clearfix\" data-tab=\"3\" role=\"tabpanel\" aria-labelledby=\"elementor-tab-title-6853\"><p><img loading=\"lazy\" class=\"alignnone wp-image-36112 size-medium\" src=\"http:\/\/138.197.106.44\/wp-content\/uploads\/2021\/11\/012-x-warm-230-azure-ocean-300x200.jpg\" alt=\"\" width=\"300\" height=\"200\" srcset=\"http:\/\/138.197.106.44\/wp-content\/uploads\/2021\/11\/012-x-warm-230-azure-ocean-300x200.jpg 300w, http:\/\/138.197.106.44\/wp-content\/uploads\/2021\/11\/012-x-warm-230-azure-ocean-600x400.jpg 600w, http:\/\/138.197.106.44\/wp-content\/uploads\/2021\/11\/012-x-warm-230-azure-ocean-1024x683.jpg 1024w, http:\/\/138.197.106.44\/wp-content\/uploads\/2021\/11\/012-x-warm-230-azure-ocean-768x512.jpg 768w, http:\/\/138.197.106.44\/wp-content\/uploads\/2021\/11\/012-x-warm-230-azure-ocean.jpg 1200w\" sizes=\"(max-width: 300px) 100vw, 300px\" \/><\/p>\n<p>Rutschfester Aufn\u00e4her an der Unterseite des Schlafsacks, der verhindert, dass der Schlafsack vom Sitz rutscht.<\/p>\n<\/div>\n\t\t\t\t<\/div>\n\t\t\t\t\t\t\t<div class=\"elementor-toggle-item\">\n\t\t\t\t\t<div id=\"elementor-tab-title-6854\" class=\"elementor-tab-title\" data-tab=\"4\" role=\"tab\" aria-controls=\"elementor-tab-content-6854\" aria-expanded=\"false\">\n\t\t\t\t\t\t\t\t\t\t\t\t<span class=\"elementor-toggle-icon elementor-toggle-icon-left\" aria-hidden=\"true\">\n\t\t\t\t\t\t\t\t\t\t\t\t\t\t\t<span class=\"elementor-toggle-icon-closed\"><i class=\"fas fa-caret-right\"><\/i><\/span>\n\t\t\t\t\t\t\t\t<span class=\"elementor-toggle-icon-opened\"><i class=\"elementor-toggle-icon-opened fas fa-caret-up\"><\/i><\/span>\n\t\t\t\t\t\t\t\t\t\t\t\t\t<\/span>\n\t\t\t\t\t\t\t\t\t\t\t\t<a href=\"\" class=\"elementor-toggle-title\"><span data-sheets-value=\"{&quot;1&quot;:2,&quot;2&quot;:&quot;Zertifizierter Stoff&quot;}\" data-sheets-userformat=\"{&quot;2&quot;:448,&quot;9&quot;:0,&quot;10&quot;:1,&quot;11&quot;:4}\">Zertifizierter Stoff<\/span><\/a>\n\t\t\t\t\t<\/div>\n\n\t\t\t\t\t<div id=\"elementor-tab-content-6854\" class=\"elementor-tab-content elementor-clearfix\" data-tab=\"4\" role=\"tabpanel\" aria-labelledby=\"elementor-tab-title-6854\"><p>Antiallergische F\u00fcllung, die die Entwicklung von Pilzen und Milben verhindert. Sicher f\u00fcr Allergiker. Phthalatfreie Stoffe, sicher f\u00fcr Kinder. Die verwendeten Rohstoffe entsprechen den strengen Standards bei Babyprodukten.<\/p>\n<\/div>\n\t\t\t\t<\/div>\n\t\t\t\t\t\t\t<div class=\"elementor-toggle-item\">\n\t\t\t\t\t<div id=\"elementor-tab-title-6855\" class=\"elementor-tab-title\" data-tab=\"5\" role=\"tab\" aria-controls=\"elementor-tab-content-6855\" aria-expanded=\"false\">\n\t\t\t\t\t\t\t\t\t\t\t\t<span class=\"elementor-toggle-icon elementor-toggle-icon-left\" aria-hidden=\"true\">\n\t\t\t\t\t\t\t\t\t\t\t\t\t\t\t<span class=\"elementor-toggle-icon-closed\"><i class=\"fas fa-caret-right\"><\/i><\/span>\n\t\t\t\t\t\t\t\t<span class=\"elementor-toggle-icon-opened\"><i class=\"elementor-toggle-icon-opened fas fa-caret-up\"><\/i><\/span>\n\t\t\t\t\t\t\t\t\t\t\t\t\t<\/span>\n\t\t\t\t\t\t\t\t\t\t\t\t<a href=\"\" class=\"elementor-toggle-title\">Pflegeleicht<\/a>\n\t\t\t\t\t<\/div>\n\n\t\t\t\t\t<div id=\"elementor-tab-content-6855\" class=\"elementor-tab-content elementor-clearfix\" data-tab=\"5\" role=\"tabpanel\" aria-labelledby=\"elementor-tab-title-6855\"><p><img loading=\"lazy\" class=\"alignnone wp-image-36116 size-medium\" src=\"http:\/\/138.197.106.44\/wp-content\/uploads\/2021\/11\/010-x-warm-230-green-lagoon-300x200.jpg\" alt=\"\" width=\"300\" height=\"200\" srcset=\"http:\/\/138.197.106.44\/wp-content\/uploads\/2021\/11\/010-x-warm-230-green-lagoon-300x200.jpg 300w, http:\/\/138.197.106.44\/wp-content\/uploads\/2021\/11\/010-x-warm-230-green-lagoon-600x400.jpg 600w, http:\/\/138.197.106.44\/wp-content\/uploads\/2021\/11\/010-x-warm-230-green-lagoon-1024x683.jpg 1024w, http:\/\/138.197.106.44\/wp-content\/uploads\/2021\/11\/010-x-warm-230-green-lagoon-768x512.jpg 768w, http:\/\/138.197.106.44\/wp-content\/uploads\/2021\/11\/010-x-warm-230-green-lagoon.jpg 1200w\" sizes=\"(max-width: 300px) 100vw, 300px\" \/><\/p>\n<p>Der Fu\u00dfsack im Fu\u00dfbereich besteht aus einem wasserdichten Stoff, der Beschumtzung verhindert. Das schmutzigste Element kann unabh\u00e4ngig voneinander abmachen und gewaschen werden.<\/p>\n<\/div>\n\t\t\t\t<\/div>\n\t\t\t\t\t\t\t<div class=\"elementor-toggle-item\">\n\t\t\t\t\t<div id=\"elementor-tab-title-6856\" class=\"elementor-tab-title\" data-tab=\"6\" role=\"tab\" aria-controls=\"elementor-tab-content-6856\" aria-expanded=\"false\">\n\t\t\t\t\t\t\t\t\t\t\t\t<span class=\"elementor-toggle-icon elementor-toggle-icon-left\" aria-hidden=\"true\">\n\t\t\t\t\t\t\t\t\t\t\t\t\t\t\t<span class=\"elementor-toggle-icon-closed\"><i class=\"fas fa-caret-right\"><\/i><\/span>\n\t\t\t\t\t\t\t\t<span class=\"elementor-toggle-icon-opened\"><i class=\"elementor-toggle-icon-opened fas fa-caret-up\"><\/i><\/span>\n\t\t\t\t\t\t\t\t\t\t\t\t\t<\/span>\n\t\t\t\t\t\t\t\t\t\t\t\t<a href=\"\" class=\"elementor-toggle-title\">Pflege um Details<\/a>\n\t\t\t\t\t<\/div>\n\n\t\t\t\t\t<div id=\"elementor-tab-content-6856\" class=\"elementor-tab-content elementor-clearfix\" data-tab=\"6\" role=\"tabpanel\" aria-labelledby=\"elementor-tab-title-6856\"><p><img loading=\"lazy\" class=\"alignnone wp-image-36120 size-medium\" src=\"http:\/\/138.197.106.44\/wp-content\/uploads\/2021\/11\/009-x-warm-230-green-lagoon-300x200.jpg\" alt=\"\" width=\"300\" height=\"200\" srcset=\"http:\/\/138.197.106.44\/wp-content\/uploads\/2021\/11\/009-x-warm-230-green-lagoon-300x200.jpg 300w, http:\/\/138.197.106.44\/wp-content\/uploads\/2021\/11\/009-x-warm-230-green-lagoon-600x400.jpg 600w, http:\/\/138.197.106.44\/wp-content\/uploads\/2021\/11\/009-x-warm-230-green-lagoon-1024x683.jpg 1024w, http:\/\/138.197.106.44\/wp-content\/uploads\/2021\/11\/009-x-warm-230-green-lagoon-768x512.jpg 768w, http:\/\/138.197.106.44\/wp-content\/uploads\/2021\/11\/009-x-warm-230-green-lagoon.jpg 1200w\" sizes=\"(max-width: 300px) 100vw, 300px\" \/><\/p>\n<p>Dank der separaten, vollst\u00e4ndig zu \u00f6ffnenden Rei\u00dfverschl\u00fcsse l\u00e4sst sich der Schlafsack komplett \u00f6ffnen. Dies erleichtert das Legen des Kindes in den Kinderwagen. Nach Hereinkommen in ein Raum kann der Schlafsack komplett ge\u00f6ffnet werden, ohne den Schlaf des Kindes nach dem Spaziergang zu unterbrechen.\u00a0 Der Rei\u00dfverschluss ber\u00fchrt die Haut des Kindes nicht &#8211; die Spitze des Rei\u00dfverschlusses unter dem Kinn ist mit einem weichen Material gesichert. Zusammengerollt ist er klein und nimmt wenig Platz &#8211; kann immer mitgenommen werden. Design passt zu dem sportlichen Charakter der Marke. Praktische Farben und funktionales Design funktionieren unter allen Bedingungen und erm\u00f6glichen eine ungehinderte Benutzung bei jedem Wetter.<\/p>\n<\/div>\n\t\t\t\t<\/div>\n\t\t\t\t\t\t\t\t<\/div>\n\t\t\t\t<\/div>\n\t\t\t\t<\/div>\n\t\t\t\t\t\t<\/div>\n\t\t\t\t\t<\/div>\n\t\t<\/div>\n\t\t\t\t\t\t\t\t<\/div>\n\t\t\t\t\t<\/div>\n\t\t<\/section>\n\t\t\t\t\t\t\t\t\t<\/div>\n\t\t\t<\/div>\n\t\t\t\t\t<\/div>\n\t\t","protected":false},"excerpt":{"rendered":"<p>Wie eine warme Daunenjacke &#8211; w\u00e4rmt perfekt und wiegt nichts. Stilisiert f\u00fcr Schlafs\u00e4cke, bei denen Gewicht und W\u00e4rmeeigenschaften im Vordergrund stehen.<\/p>\n<p>Der Schlafsack w\u00e4chst mit dem Kind mit und ist f\u00fcr ein Kleinkind in einer Babywanne bis zum Ende der Kinderwagennutzung geeignet. Konzipiert nach dem Prinzip: &#8220;Mit gut ausgew\u00e4hltem Zubeh\u00f6r gibt es kein schlechtes Wetter.&#8221; Ein Winterspaziergang st\u00e4rkt das Immunsystem und ist relevant f\u00fcr die gesunde Entwicklung Ihres Babys. Dieser jacken\u00e4hnliche Outdoor-Schlafsack verf\u00fcgt \u00fcber alle thermischen und hygroskopischen Eigenschaften, um einen bequemen Spaziergang bei jedem Wetter zu gew\u00e4hrleisten. Es l\u00e4sst sich ihm in eine kleine Tasche packen und ist immer bei dir.<\/p>\n","protected":false},"featured_media":36024,"template":"","meta":[],"product_cat":[128,127],"product_tag":[],"woo-feed-brand":[],"acf":[],"yoast_head":"<!-- This site is optimized with the Yoast SEO plugin v18.8 - https:\/\/yoast.com\/wordpress\/plugins\/seo\/ -->\n<title>X-WARM 230 G\/M - X-lander<\/title>\n<meta name=\"robots\" content=\"index, follow, max-snippet:-1, max-image-preview:large, max-video-preview:-1\" \/>\n<link rel=\"canonical\" href=\"http:\/\/138.197.106.44\/de\/p\/x-warm-230g\" \/>\n<meta property=\"og:locale\" content=\"de_DE\" \/>\n<meta property=\"og:type\" content=\"article\" \/>\n<meta property=\"og:title\" content=\"X-WARM 230 G\/M - X-lander\" \/>\n<meta property=\"og:description\" content=\"Wie eine warme Daunenjacke - w\u00e4rmt perfekt und wiegt nichts. Stilisiert f\u00fcr Schlafs\u00e4cke, bei denen Gewicht und W\u00e4rmeeigenschaften im Vordergrund stehen.  Der Schlafsack w\u00e4chst mit dem Kind mit und ist f\u00fcr ein Kleinkind in einer Babywanne bis zum Ende der Kinderwagennutzung geeignet. Konzipiert nach dem Prinzip: &quot;Mit gut ausgew\u00e4hltem Zubeh\u00f6r gibt es kein schlechtes Wetter.&quot; Ein Winterspaziergang st\u00e4rkt das Immunsystem und ist relevant f\u00fcr die gesunde Entwicklung Ihres Babys. Dieser jacken\u00e4hnliche Outdoor-Schlafsack verf\u00fcgt \u00fcber alle thermischen und hygroskopischen Eigenschaften, um einen bequemen Spaziergang bei jedem Wetter zu gew\u00e4hrleisten. Es l\u00e4sst sich ihm in eine kleine Tasche packen und ist immer bei dir.\" \/>\n<meta property=\"og:url\" content=\"http:\/\/138.197.106.44\/de\/p\/x-warm-230g\" \/>\n<meta property=\"og:site_name\" content=\"X-lander\" \/>\n<meta property=\"article:modified_time\" content=\"2022-04-24T08:27:39+00:00\" \/>\n<meta property=\"og:image\" content=\"http:\/\/138.197.106.44\/wp-content\/uploads\/2021\/11\/x-warm-230g-green-lagoon.jpg\" \/>\n\t<meta property=\"og:image:width\" content=\"1200\" \/>\n\t<meta property=\"og:image:height\" content=\"1200\" \/>\n\t<meta property=\"og:image:type\" content=\"image\/jpeg\" \/>\n<meta name=\"twitter:card\" content=\"summary_large_image\" \/>\n<meta name=\"twitter:label1\" content=\"Gesch\u00e4tzte Lesezeit\" \/>\n\t<meta name=\"twitter:data1\" content=\"2\u00a0Minuten\" \/>\n<script type=\"application\/ld+json\" class=\"yoast-schema-graph\">{\"@context\":\"https:\/\/schema.org\",\"@graph\":[{\"@type\":\"WebSite\",\"@id\":\"http:\/\/138.197.106.44\/#website\",\"url\":\"http:\/\/138.197.106.44\/\",\"name\":\"X-lander\",\"description\":\"X-lander bedeutet hochqualitative Kinderwagen f\u00fcr aktive Eltern. Wir empfehlen sowohl Kombikinderwagen 3in1 als auch Buggys oder Jogging-Kinderwagen. \u00dcberdies finden Sie auch in unserem Online-Shop zahlreiche Kinderwagen-Zubeh\u00f6r.\",\"potentialAction\":[{\"@type\":\"SearchAction\",\"target\":{\"@type\":\"EntryPoint\",\"urlTemplate\":\"http:\/\/138.197.106.44\/?s={search_term_string}\"},\"query-input\":\"required name=search_term_string\"}],\"inLanguage\":\"de\"},{\"@type\":\"ImageObject\",\"inLanguage\":\"de\",\"@id\":\"http:\/\/138.197.106.44\/de\/p\/x-warm-230g#primaryimage\",\"url\":\"http:\/\/138.197.106.44\/wp-content\/uploads\/2021\/11\/x-warm-230g-green-lagoon.jpg\",\"contentUrl\":\"http:\/\/138.197.106.44\/wp-content\/uploads\/2021\/11\/x-warm-230g-green-lagoon.jpg\",\"width\":1200,\"height\":1200},{\"@type\":\"WebPage\",\"@id\":\"http:\/\/138.197.106.44\/de\/p\/x-warm-230g#webpage\",\"url\":\"http:\/\/138.197.106.44\/de\/p\/x-warm-230g\",\"name\":\"X-WARM 230 G\/M - X-lander\",\"isPartOf\":{\"@id\":\"http:\/\/138.197.106.44\/#website\"},\"primaryImageOfPage\":{\"@id\":\"http:\/\/138.197.106.44\/de\/p\/x-warm-230g#primaryimage\"},\"datePublished\":\"2021-11-19T14:52:53+00:00\",\"dateModified\":\"2022-04-24T08:27:39+00:00\",\"breadcrumb\":{\"@id\":\"http:\/\/138.197.106.44\/de\/p\/x-warm-230g#breadcrumb\"},\"inLanguage\":\"de\",\"potentialAction\":[{\"@type\":\"ReadAction\",\"target\":[\"http:\/\/138.197.106.44\/de\/p\/x-warm-230g\"]}]},{\"@type\":\"BreadcrumbList\",\"@id\":\"http:\/\/138.197.106.44\/de\/p\/x-warm-230g#breadcrumb\",\"itemListElement\":[{\"@type\":\"ListItem\",\"position\":1,\"name\":\"Home\",\"item\":\"http:\/\/138.197.106.44\/de\/\"},{\"@type\":\"ListItem\",\"position\":2,\"name\":\"Shop\",\"item\":\"http:\/\/138.197.106.44\/de\/shop-2\/\"},{\"@type\":\"ListItem\",\"position\":3,\"name\":\"X-WARM 230 G\/M\"}]}]}<\/script>\n<!-- \/ Yoast SEO plugin. -->","yoast_head_json":{"title":"X-WARM 230 G\/M - X-lander","robots":{"index":"index","follow":"follow","max-snippet":"max-snippet:-1","max-image-preview":"max-image-preview:large","max-video-preview":"max-video-preview:-1"},"canonical":"http:\/\/138.197.106.44\/de\/p\/x-warm-230g","og_locale":"de_DE","og_type":"article","og_title":"X-WARM 230 G\/M - X-lander","og_description":"Wie eine warme Daunenjacke - w\u00e4rmt perfekt und wiegt nichts. Stilisiert f\u00fcr Schlafs\u00e4cke, bei denen Gewicht und W\u00e4rmeeigenschaften im Vordergrund stehen.  Der Schlafsack w\u00e4chst mit dem Kind mit und ist f\u00fcr ein Kleinkind in einer Babywanne bis zum Ende der Kinderwagennutzung geeignet. Konzipiert nach dem Prinzip: \"Mit gut ausgew\u00e4hltem Zubeh\u00f6r gibt es kein schlechtes Wetter.\" Ein Winterspaziergang st\u00e4rkt das Immunsystem und ist relevant f\u00fcr die gesunde Entwicklung Ihres Babys. Dieser jacken\u00e4hnliche Outdoor-Schlafsack verf\u00fcgt \u00fcber alle thermischen und hygroskopischen Eigenschaften, um einen bequemen Spaziergang bei jedem Wetter zu gew\u00e4hrleisten. Es l\u00e4sst sich ihm in eine kleine Tasche packen und ist immer bei dir.","og_url":"http:\/\/138.197.106.44\/de\/p\/x-warm-230g","og_site_name":"X-lander","article_modified_time":"2022-04-24T08:27:39+00:00","og_image":[{"width":1200,"height":1200,"url":"http:\/\/138.197.106.44\/wp-content\/uploads\/2021\/11\/x-warm-230g-green-lagoon.jpg","type":"image\/jpeg"}],"twitter_card":"summary_large_image","twitter_misc":{"Gesch\u00e4tzte Lesezeit":"2\u00a0Minuten"},"schema":{"@context":"https:\/\/schema.org","@graph":[{"@type":"WebSite","@id":"http:\/\/138.197.106.44\/#website","url":"http:\/\/138.197.106.44\/","name":"X-lander","description":"X-lander bedeutet hochqualitative Kinderwagen f\u00fcr aktive Eltern. Wir empfehlen sowohl Kombikinderwagen 3in1 als auch Buggys oder Jogging-Kinderwagen. \u00dcberdies finden Sie auch in unserem Online-Shop zahlreiche Kinderwagen-Zubeh\u00f6r.","potentialAction":[{"@type":"SearchAction","target":{"@type":"EntryPoint","urlTemplate":"http:\/\/138.197.106.44\/?s={search_term_string}"},"query-input":"required name=search_term_string"}],"inLanguage":"de"},{"@type":"ImageObject","inLanguage":"de","@id":"http:\/\/138.197.106.44\/de\/p\/x-warm-230g#primaryimage","url":"http:\/\/138.197.106.44\/wp-content\/uploads\/2021\/11\/x-warm-230g-green-lagoon.jpg","contentUrl":"http:\/\/138.197.106.44\/wp-content\/uploads\/2021\/11\/x-warm-230g-green-lagoon.jpg","width":1200,"height":1200},{"@type":"WebPage","@id":"http:\/\/138.197.106.44\/de\/p\/x-warm-230g#webpage","url":"http:\/\/138.197.106.44\/de\/p\/x-warm-230g","name":"X-WARM 230 G\/M - X-lander","isPartOf":{"@id":"http:\/\/138.197.106.44\/#website"},"primaryImageOfPage":{"@id":"http:\/\/138.197.106.44\/de\/p\/x-warm-230g#primaryimage"},"datePublished":"2021-11-19T14:52:53+00:00","dateModified":"2022-04-24T08:27:39+00:00","breadcrumb":{"@id":"http:\/\/138.197.106.44\/de\/p\/x-warm-230g#breadcrumb"},"inLanguage":"de","potentialAction":[{"@type":"ReadAction","target":["http:\/\/138.197.106.44\/de\/p\/x-warm-230g"]}]},{"@type":"BreadcrumbList","@id":"http:\/\/138.197.106.44\/de\/p\/x-warm-230g#breadcrumb","itemListElement":[{"@type":"ListItem","position":1,"name":"Home","item":"http:\/\/138.197.106.44\/de\/"},{"@type":"ListItem","position":2,"name":"Shop","item":"http:\/\/138.197.106.44\/de\/shop-2\/"},{"@type":"ListItem","position":3,"name":"X-WARM 230 G\/M"}]}]}},"_links":{"self":[{"href":"http:\/\/138.197.106.44\/de\/wp-json\/wp\/v2\/product\/36169"}],"collection":[{"href":"http:\/\/138.197.106.44\/de\/wp-json\/wp\/v2\/product"}],"about":[{"href":"http:\/\/138.197.106.44\/de\/wp-json\/wp\/v2\/types\/product"}],"version-history":[{"count":1,"href":"http:\/\/138.197.106.44\/de\/wp-json\/wp\/v2\/product\/36169\/revisions"}],"predecessor-version":[{"id":36174,"href":"http:\/\/138.197.106.44\/de\/wp-json\/wp\/v2\/product\/36169\/revisions\/36174"}],"wp:featuredmedia":[{"embeddable":true,"href":"http:\/\/138.197.106.44\/de\/wp-json\/wp\/v2\/media\/36024"}],"wp:attachment":[{"href":"http:\/\/138.197.106.44\/de\/wp-json\/wp\/v2\/media?parent=36169"}],"wp:term":[{"taxonomy":"product_cat","embeddable":true,"href":"http:\/\/138.197.106.44\/de\/wp-json\/wp\/v2\/product_cat?post=36169"},{"taxonomy":"product_tag","embeddable":true,"href":"http:\/\/138.197.106.44\/de\/wp-json\/wp\/v2\/product_tag?post=36169"},{"taxonomy":"woo-feed-brand","embeddable":true,"href":"http:\/\/138.197.106.44\/de\/wp-json\/wp\/v2\/woo-feed-brand?post=36169"}],"curies":[{"name":"wp","href":"https:\/\/api.w.org\/{rel}","templated":true}]}}