{"id":12286,"date":"2020-12-14T09:48:48","date_gmt":"2020-12-14T09:48:48","guid":{"rendered":"https:\/\/xl20.vdl.pl\/returns-and-after-sales"},"modified":"2021-07-13T12:40:00","modified_gmt":"2021-07-13T10:40:00","slug":"returns-and-after-sales","status":"publish","type":"page","link":"http:\/\/138.197.106.44\/en\/returns-and-after-sales","title":{"rendered":"Returns and after sales"},"content":{"rendered":"\t\t<div data-elementor-type=\"wp-page\" data-elementor-id=\"12286\" class=\"elementor elementor-12286 elementor-8190\">\n\t\t\t\t\t\t<div class=\"elementor-inner\">\n\t\t\t\t<div class=\"elementor-section-wrap\">\n\t\t\t\t\t\t\t\t\t<section class=\"elementor-section elementor-top-section elementor-element elementor-element-2b9adeb6 elementor-section-full_width elementor-section-height-min-height elementor-section-stretched elementor-section-height-default elementor-section-items-middle\" data-id=\"2b9adeb6\" data-element_type=\"section\" data-settings=\"{&quot;stretch_section&quot;:&quot;section-stretched&quot;,&quot;background_background&quot;:&quot;classic&quot;}\">\n\t\t\t\t\t\t<div class=\"elementor-container elementor-column-gap-default\">\n\t\t\t\t\t\t\t<div class=\"elementor-row\">\n\t\t\t\t\t<div class=\"elementor-column elementor-col-100 elementor-top-column elementor-element elementor-element-5153e203\" data-id=\"5153e203\" data-element_type=\"column\">\n\t\t\t<div class=\"elementor-column-wrap\">\n\t\t\t\t\t\t\t<div class=\"elementor-widget-wrap\">\n\t\t\t\t\t\t\t\t<\/div>\n\t\t\t\t\t<\/div>\n\t\t<\/div>\n\t\t\t\t\t\t\t\t<\/div>\n\t\t\t\t\t<\/div>\n\t\t<\/section>\n\t\t\t\t<section class=\"elementor-section elementor-top-section elementor-element elementor-element-66995c65 elementor-section-boxed elementor-section-height-default elementor-section-height-default\" data-id=\"66995c65\" data-element_type=\"section\">\n\t\t\t\t\t\t<div class=\"elementor-container elementor-column-gap-default\">\n\t\t\t\t\t\t\t<div class=\"elementor-row\">\n\t\t\t\t\t<div class=\"elementor-column elementor-col-100 elementor-top-column elementor-element elementor-element-8236627\" data-id=\"8236627\" data-element_type=\"column\">\n\t\t\t<div class=\"elementor-column-wrap elementor-element-populated\">\n\t\t\t\t\t\t\t<div class=\"elementor-widget-wrap\">\n\t\t\t\t\t\t<div class=\"elementor-element elementor-element-254a5753 elementor-widget elementor-widget-heading\" data-id=\"254a5753\" data-element_type=\"widget\" data-widget_type=\"heading.default\">\n\t\t\t\t<div class=\"elementor-widget-container\">\n\t\t\t<h2 class=\"elementor-heading-title elementor-size-default\">Return policy<\/h2>\t\t<\/div>\n\t\t\t\t<\/div>\n\t\t\t\t<div class=\"elementor-element elementor-element-a9eaa4a elementor-widget elementor-widget-text-editor\" data-id=\"a9eaa4a\" data-element_type=\"widget\" data-widget_type=\"text-editor.default\">\n\t\t\t\t<div class=\"elementor-widget-container\">\n\t\t\t\t\t\t\t\t<div class=\"elementor-text-editor elementor-clearfix\">\n\t\t\t\t<h4><strong>Right to cancel<\/strong><\/h4>\n<p>You have the right to cancel this contract within 14 days without giving any reason. The cancellation period will expire after 14 days from the day on which you acquire,or a third party other than the carrier and indicated by you acquires, physical possession of the last good. To exercise the right to cancel, you must inform us Detim Sp. z o.o. Sp\u00f3\u0142ka Komandytowa, \u017byzna 58c, 42-202 Cz\u0119stochowa, Poland, e-mail:\u00a0<a href=\"mailto:support@x-lander.com\">support@x-lander.com<\/a>,+48 533 249 338 of your decision to cancel this contract by a clear statement (e.g. a letter sent by post, fax or e-mail).\u00a0<strong>You may use the attached model cancellation form, but it is not obligatory.<\/strong> To meet the cancellation deadline, it is sufficient for you to send your communication concerning your exercise of the right of cancel before the cancellation period has expired. Effects of cancellation If you cancel this contract, we will reimburse to you all payments received from you, including the costs of delivery (except for the supplementary costs arising if you chose a type of delivery other than delivery other than the least expensive type of standard delivery offered by us), without undue delay and in any obligation textual change technical change Audit Report x-lander.com 4 3. Right to cancel event not later than 14 days from the day on which we are informed about your decision to withdraw from this contract. We will make the reimbursement using the same means of payment as you used for the initial transaction, unless you have expressly agreed otherwise; in any event, you will not incur any fees as a result of such reimbursement. We may withhold reimbursement until we have received the goods back or you have supplied evidence of having sent back the goods, whichever is the earliest. You shall send back the goods or hand them over to us, without undue delay and in any event not later than 14 days from the day on which you communicate your withdrawal from this contract to us. The deadline is met if you send back the goods before the period of 14 days has expired. <strong>You will have to bear the direct cost of returning the goods unless agreed otherwise.<\/strong> You are only liable for any diminished value of the goods resulting from the handling other than what is necessary to establish the nature, characteristics and functioning of the goods.<\/p>\n<p><strong>Returns are on customer&#8217;s expense. Please contact us before sending back your order.<\/strong><\/p>\n<h4>How to return the pushchair? Please, follow the instructions below:<\/h4>\n<ol>\n<li>Please, send the information with name, surname and e-mail adress to: support@x-lander.com or add it into the box with puschair.<\/li>\n<li>Please, pack the pushchair according to the following video instructions.<\/li>\n<li>Please, send the package to our main address at:<\/li>\n<\/ol>\n<p>X-lander<br \/>\nul. \u017byzna 58c<br \/>\n42-202 Cz\u0119stochowa<br \/>\nPoland<\/p>\n\t\t\t\t\t<\/div>\n\t\t\t\t\t\t<\/div>\n\t\t\t\t<\/div>\n\t\t\t\t<div class=\"elementor-element elementor-element-61c1b53 elementor-widget elementor-widget-button\" data-id=\"61c1b53\" data-element_type=\"widget\" data-widget_type=\"button.default\">\n\t\t\t\t<div class=\"elementor-widget-container\">\n\t\t\t\t\t<div class=\"elementor-button-wrapper\">\n\t\t\t<a href=\"http:\/\/138.197.106.44\/en\/return_en-2\" class=\"elementor-button-link elementor-button elementor-size-sm\" role=\"button\">\n\t\t\t\t\t\t<span class=\"elementor-button-content-wrapper\">\n\t\t\t\t\t\t<span class=\"elementor-button-text\">download return form<\/span>\n\t\t<\/span>\n\t\t\t\t\t<\/a>\n\t\t<\/div>\n\t\t\t\t<\/div>\n\t\t\t\t<\/div>\n\t\t\t\t<div class=\"elementor-element elementor-element-a6924ac elementor-widget elementor-widget-heading\" data-id=\"a6924ac\" data-element_type=\"widget\" data-widget_type=\"heading.default\">\n\t\t\t\t<div class=\"elementor-widget-container\">\n\t\t\t<h3 class=\"elementor-heading-title elementor-size-default\">Easy X-Move return<\/h3>\t\t<\/div>\n\t\t\t\t<\/div>\n\t\t\t\t<div class=\"elementor-element elementor-element-c4aa417 elementor-aspect-ratio-169 elementor-widget elementor-widget-video\" data-id=\"c4aa417\" data-element_type=\"widget\" data-settings=\"{&quot;youtube_url&quot;:&quot;https:\\\/\\\/www.youtube.com\\\/watch?v=onxd-iQUcUY&amp;feature=emb_logo&quot;,&quot;video_type&quot;:&quot;youtube&quot;,&quot;controls&quot;:&quot;yes&quot;,&quot;aspect_ratio&quot;:&quot;169&quot;}\" data-widget_type=\"video.default\">\n\t\t\t\t<div class=\"elementor-widget-container\">\n\t\t\t\t\t<div class=\"elementor-wrapper elementor-fit-aspect-ratio elementor-open-inline\">\n\t\t\t<div class=\"elementor-video\"><\/div>\t\t<\/div>\n\t\t\t\t<\/div>\n\t\t\t\t<\/div>\n\t\t\t\t<div class=\"elementor-element elementor-element-ee7a29e elementor-widget elementor-widget-heading\" data-id=\"ee7a29e\" data-element_type=\"widget\" data-widget_type=\"heading.default\">\n\t\t\t\t<div class=\"elementor-widget-container\">\n\t\t\t<h3 class=\"elementor-heading-title elementor-size-default\">Easy X-Cite return<\/h3>\t\t<\/div>\n\t\t\t\t<\/div>\n\t\t\t\t<div class=\"elementor-element elementor-element-a15f755 elementor-aspect-ratio-169 elementor-widget elementor-widget-video\" data-id=\"a15f755\" data-element_type=\"widget\" data-settings=\"{&quot;youtube_url&quot;:&quot;https:\\\/\\\/www.youtube.com\\\/watch?v=Cqsf3mGZJDk&amp;feature=emb_logo&quot;,&quot;video_type&quot;:&quot;youtube&quot;,&quot;controls&quot;:&quot;yes&quot;,&quot;aspect_ratio&quot;:&quot;169&quot;}\" data-widget_type=\"video.default\">\n\t\t\t\t<div class=\"elementor-widget-container\">\n\t\t\t\t\t<div class=\"elementor-wrapper elementor-fit-aspect-ratio elementor-open-inline\">\n\t\t\t<div class=\"elementor-video\"><\/div>\t\t<\/div>\n\t\t\t\t<\/div>\n\t\t\t\t<\/div>\n\t\t\t\t<div class=\"elementor-element elementor-element-37d70f6 elementor-widget elementor-widget-heading\" data-id=\"37d70f6\" data-element_type=\"widget\" data-widget_type=\"heading.default\">\n\t\t\t\t<div class=\"elementor-widget-container\">\n\t\t\t<h3 class=\"elementor-heading-title elementor-size-default\">Easy X-Run return<\/h3>\t\t<\/div>\n\t\t\t\t<\/div>\n\t\t\t\t<div class=\"elementor-element elementor-element-0aefda4 elementor-aspect-ratio-169 elementor-widget elementor-widget-video\" data-id=\"0aefda4\" data-element_type=\"widget\" data-settings=\"{&quot;youtube_url&quot;:&quot;https:\\\/\\\/www.youtube.com\\\/watch?v=0IOwsl4COmE&amp;feature=emb_logo&quot;,&quot;video_type&quot;:&quot;youtube&quot;,&quot;controls&quot;:&quot;yes&quot;,&quot;aspect_ratio&quot;:&quot;169&quot;}\" data-widget_type=\"video.default\">\n\t\t\t\t<div class=\"elementor-widget-container\">\n\t\t\t\t\t<div class=\"elementor-wrapper elementor-fit-aspect-ratio elementor-open-inline\">\n\t\t\t<div class=\"elementor-video\"><\/div>\t\t<\/div>\n\t\t\t\t<\/div>\n\t\t\t\t<\/div>\n\t\t\t\t<div class=\"elementor-element elementor-element-2a6c911 elementor-widget elementor-widget-heading\" data-id=\"2a6c911\" data-element_type=\"widget\" data-widget_type=\"heading.default\">\n\t\t\t\t<div class=\"elementor-widget-container\">\n\t\t\t<h3 class=\"elementor-heading-title elementor-size-default\">Easy X-Pulse return<\/h3>\t\t<\/div>\n\t\t\t\t<\/div>\n\t\t\t\t<div class=\"elementor-element elementor-element-3663eba elementor-aspect-ratio-169 elementor-widget elementor-widget-video\" data-id=\"3663eba\" data-element_type=\"widget\" data-settings=\"{&quot;youtube_url&quot;:&quot;https:\\\/\\\/www.youtube.com\\\/watch?v=5apaSr2Fu8E&amp;feature=emb_logo&quot;,&quot;video_type&quot;:&quot;youtube&quot;,&quot;controls&quot;:&quot;yes&quot;,&quot;aspect_ratio&quot;:&quot;169&quot;}\" data-widget_type=\"video.default\">\n\t\t\t\t<div class=\"elementor-widget-container\">\n\t\t\t\t\t<div class=\"elementor-wrapper elementor-fit-aspect-ratio elementor-open-inline\">\n\t\t\t<div class=\"elementor-video\"><\/div>\t\t<\/div>\n\t\t\t\t<\/div>\n\t\t\t\t<\/div>\n\t\t\t\t\t\t<\/div>\n\t\t\t\t\t<\/div>\n\t\t<\/div>\n\t\t\t\t\t\t\t\t<\/div>\n\t\t\t\t\t<\/div>\n\t\t<\/section>\n\t\t\t\t\t\t\t\t\t<\/div>\n\t\t\t<\/div>\n\t\t\t\t\t<\/div>\n\t\t","protected":false},"excerpt":{"rendered":"<p>Return policy Right to cancel You have the right to cancel this contract within 14 days without giving any reason. The cancellation period will expire after 14 days from the day on which you acquire,or a third party other than the carrier and indicated by you acquires, physical possession of the last good. To exercise [&hellip;]<\/p>\n","protected":false},"author":1,"featured_media":0,"parent":0,"menu_order":0,"comment_status":"closed","ping_status":"closed","template":"","meta":[],"acf":[],"yoast_head":"<!-- This site is optimized with the Yoast SEO plugin v18.8 - https:\/\/yoast.com\/wordpress\/plugins\/seo\/ -->\n<title>Returns and after sales - X-lander<\/title>\n<meta name=\"robots\" content=\"index, follow, max-snippet:-1, max-image-preview:large, max-video-preview:-1\" \/>\n<link rel=\"canonical\" href=\"http:\/\/138.197.106.44\/en\/returns-and-after-sales\" \/>\n<meta property=\"og:locale\" content=\"en_US\" \/>\n<meta property=\"og:type\" content=\"article\" \/>\n<meta property=\"og:title\" content=\"Returns and after sales - X-lander\" \/>\n<meta property=\"og:description\" content=\"Return policy Right to cancel You have the right to cancel this contract within 14 days without giving any reason. The cancellation period will expire after 14 days from the day on which you acquire,or a third party other than the carrier and indicated by you acquires, physical possession of the last good. To exercise [&hellip;]\" \/>\n<meta property=\"og:url\" content=\"http:\/\/138.197.106.44\/en\/returns-and-after-sales\" \/>\n<meta property=\"og:site_name\" content=\"X-lander\" \/>\n<meta property=\"article:modified_time\" content=\"2021-07-13T10:40:00+00:00\" \/>\n<meta name=\"twitter:card\" content=\"summary_large_image\" \/>\n<meta name=\"twitter:label1\" content=\"Est. reading time\" \/>\n\t<meta name=\"twitter:data1\" content=\"3 minutes\" \/>\n<script type=\"application\/ld+json\" class=\"yoast-schema-graph\">{\"@context\":\"https:\/\/schema.org\",\"@graph\":[{\"@type\":\"WebSite\",\"@id\":\"http:\/\/138.197.106.44\/#website\",\"url\":\"http:\/\/138.197.106.44\/\",\"name\":\"X-lander\",\"description\":\"X-lander are the highest quality prams for active parents. We recommend both 3-in-1 travel systems, as well as buggies and jogging strollers. In addition, you will also find a large selection of accessories in our store.\",\"potentialAction\":[{\"@type\":\"SearchAction\",\"target\":{\"@type\":\"EntryPoint\",\"urlTemplate\":\"http:\/\/138.197.106.44\/?s={search_term_string}\"},\"query-input\":\"required name=search_term_string\"}],\"inLanguage\":\"en-US\"},{\"@type\":\"WebPage\",\"@id\":\"http:\/\/138.197.106.44\/en\/returns-and-after-sales#webpage\",\"url\":\"http:\/\/138.197.106.44\/en\/returns-and-after-sales\",\"name\":\"Returns and after sales - X-lander\",\"isPartOf\":{\"@id\":\"http:\/\/138.197.106.44\/#website\"},\"datePublished\":\"2020-12-14T09:48:48+00:00\",\"dateModified\":\"2021-07-13T10:40:00+00:00\",\"breadcrumb\":{\"@id\":\"http:\/\/138.197.106.44\/en\/returns-and-after-sales#breadcrumb\"},\"inLanguage\":\"en-US\",\"potentialAction\":[{\"@type\":\"ReadAction\",\"target\":[\"http:\/\/138.197.106.44\/en\/returns-and-after-sales\"]}]},{\"@type\":\"BreadcrumbList\",\"@id\":\"http:\/\/138.197.106.44\/en\/returns-and-after-sales#breadcrumb\",\"itemListElement\":[{\"@type\":\"ListItem\",\"position\":1,\"name\":\"Home\",\"item\":\"http:\/\/138.197.106.44\/en\"},{\"@type\":\"ListItem\",\"position\":2,\"name\":\"Returns and after sales\"}]}]}<\/script>\n<!-- \/ Yoast SEO plugin. -->","yoast_head_json":{"title":"Returns and after sales - X-lander","robots":{"index":"index","follow":"follow","max-snippet":"max-snippet:-1","max-image-preview":"max-image-preview:large","max-video-preview":"max-video-preview:-1"},"canonical":"http:\/\/138.197.106.44\/en\/returns-and-after-sales","og_locale":"en_US","og_type":"article","og_title":"Returns and after sales - X-lander","og_description":"Return policy Right to cancel You have the right to cancel this contract within 14 days without giving any reason. The cancellation period will expire after 14 days from the day on which you acquire,or a third party other than the carrier and indicated by you acquires, physical possession of the last good. To exercise [&hellip;]","og_url":"http:\/\/138.197.106.44\/en\/returns-and-after-sales","og_site_name":"X-lander","article_modified_time":"2021-07-13T10:40:00+00:00","twitter_card":"summary_large_image","twitter_misc":{"Est. reading time":"3 minutes"},"schema":{"@context":"https:\/\/schema.org","@graph":[{"@type":"WebSite","@id":"http:\/\/138.197.106.44\/#website","url":"http:\/\/138.197.106.44\/","name":"X-lander","description":"X-lander are the highest quality prams for active parents. We recommend both 3-in-1 travel systems, as well as buggies and jogging strollers. In addition, you will also find a large selection of accessories in our store.","potentialAction":[{"@type":"SearchAction","target":{"@type":"EntryPoint","urlTemplate":"http:\/\/138.197.106.44\/?s={search_term_string}"},"query-input":"required name=search_term_string"}],"inLanguage":"en-US"},{"@type":"WebPage","@id":"http:\/\/138.197.106.44\/en\/returns-and-after-sales#webpage","url":"http:\/\/138.197.106.44\/en\/returns-and-after-sales","name":"Returns and after sales - X-lander","isPartOf":{"@id":"http:\/\/138.197.106.44\/#website"},"datePublished":"2020-12-14T09:48:48+00:00","dateModified":"2021-07-13T10:40:00+00:00","breadcrumb":{"@id":"http:\/\/138.197.106.44\/en\/returns-and-after-sales#breadcrumb"},"inLanguage":"en-US","potentialAction":[{"@type":"ReadAction","target":["http:\/\/138.197.106.44\/en\/returns-and-after-sales"]}]},{"@type":"BreadcrumbList","@id":"http:\/\/138.197.106.44\/en\/returns-and-after-sales#breadcrumb","itemListElement":[{"@type":"ListItem","position":1,"name":"Home","item":"http:\/\/138.197.106.44\/en"},{"@type":"ListItem","position":2,"name":"Returns and after sales"}]}]}},"_links":{"self":[{"href":"http:\/\/138.197.106.44\/en\/wp-json\/wp\/v2\/pages\/12286"}],"collection":[{"href":"http:\/\/138.197.106.44\/en\/wp-json\/wp\/v2\/pages"}],"about":[{"href":"http:\/\/138.197.106.44\/en\/wp-json\/wp\/v2\/types\/page"}],"author":[{"embeddable":true,"href":"http:\/\/138.197.106.44\/en\/wp-json\/wp\/v2\/users\/1"}],"replies":[{"embeddable":true,"href":"http:\/\/138.197.106.44\/en\/wp-json\/wp\/v2\/comments?post=12286"}],"version-history":[{"count":8,"href":"http:\/\/138.197.106.44\/en\/wp-json\/wp\/v2\/pages\/12286\/revisions"}],"predecessor-version":[{"id":32940,"href":"http:\/\/138.197.106.44\/en\/wp-json\/wp\/v2\/pages\/12286\/revisions\/32940"}],"wp:attachment":[{"href":"http:\/\/138.197.106.44\/en\/wp-json\/wp\/v2\/media?parent=12286"}],"curies":[{"name":"wp","href":"https:\/\/api.w.org\/{rel}","templated":true}]}}